{"id":19234,"date":"2021-09-17T13:58:43","date_gmt":"2021-09-17T13:58:43","guid":{"rendered":"https:\/\/somefunstore.com\/?post_type=product&#038;p=19234"},"modified":"2026-03-30T14:28:09","modified_gmt":"2026-03-30T14:28:09","slug":"animal-parade-tattoos-600x600","status":"publish","type":"product","link":"https:\/\/somefunstore.com\/en\/shop\/themes-occasions\/anniversaires\/par-themes\/animaux-en-parade\/animal-parade-tattoos-600x600\/","title":{"rendered":"Tatouages animaux en parade"},"content":{"rendered":"","protected":false},"excerpt":{"rendered":"<p>Ces tatouages temporaires sont parfaits pour une activit\u00e9 pendant la f\u00eate, pour stimuler l\u2019imagination lors d\u2019une journ\u00e9e pluvieuse, ou comme petits cadeaux \u00e0 glisser dans les sacs de f\u00eate pour ravir vos invit\u00e9s.<\/p>\n<ul data-start=\"0\" data-end=\"194\">\n<li data-section-id=\"1arn7si\" data-start=\"0\" data-end=\"44\">20 tatouages sur une feuille pr\u00e9d\u00e9coup\u00e9e<\/li>\n<li data-section-id=\"w3kukx\" data-start=\"45\" data-end=\"76\">D\u00e9tails en dorure brillante<\/li>\n<li data-section-id=\"1lieghj\" data-start=\"77\" data-end=\"115\">Convient aux enfants de 3 ans et +<\/li>\n<li data-section-id=\"1bx3vbw\" data-start=\"116\" data-end=\"149\">Lot de 20 motifs de tatouages<\/li>\n<li data-section-id=\"5k9z4d\" data-start=\"150\" data-end=\"194\">Dimensions du pack : 11,4 x 8,9 x 0,3 cm<\/li>\n<\/ul>\n<p data-start=\"196\" data-end=\"217\" data-is-last-node=\"\" data-is-only-node=\"\">Code produit : 276593<\/p>","protected":false},"featured_media":20616,"comment_status":"closed","ping_status":"closed","template":"","meta":[],"product_brand":[],"product_cat":[233,281,270],"product_tag":[],"class_list":{"0":"post-19234","1":"product","2":"type-product","3":"status-publish","4":"has-post-thumbnail","6":"product_cat-animaux-en-parade","7":"product_cat-animaux-safari","8":"product_cat-tatouages-et-stickers","10":"first","11":"instock","12":"shipping-taxable","13":"purchasable","14":"product-type-simple"},"_links":{"self":[{"href":"https:\/\/somefunstore.com\/en\/wp-json\/wp\/v2\/product\/19234","targetHints":{"allow":["GET"]}}],"collection":[{"href":"https:\/\/somefunstore.com\/en\/wp-json\/wp\/v2\/product"}],"about":[{"href":"https:\/\/somefunstore.com\/en\/wp-json\/wp\/v2\/types\/product"}],"replies":[{"embeddable":true,"href":"https:\/\/somefunstore.com\/en\/wp-json\/wp\/v2\/comments?post=19234"}],"wp:featuredmedia":[{"embeddable":true,"href":"https:\/\/somefunstore.com\/en\/wp-json\/wp\/v2\/media\/20616"}],"wp:attachment":[{"href":"https:\/\/somefunstore.com\/en\/wp-json\/wp\/v2\/media?parent=19234"}],"wp:term":[{"taxonomy":"product_brand","embeddable":true,"href":"https:\/\/somefunstore.com\/en\/wp-json\/wp\/v2\/product_brand?post=19234"},{"taxonomy":"product_cat","embeddable":true,"href":"https:\/\/somefunstore.com\/en\/wp-json\/wp\/v2\/product_cat?post=19234"},{"taxonomy":"product_tag","embeddable":true,"href":"https:\/\/somefunstore.com\/en\/wp-json\/wp\/v2\/product_tag?post=19234"}],"curies":[{"name":"wp","href":"https:\/\/api.w.org\/{rel}","templated":true}]}}