{"id":19235,"date":"2021-09-17T13:58:46","date_gmt":"2021-09-17T13:58:46","guid":{"rendered":"https:\/\/somefunstore.com\/?post_type=product&#038;p=19235"},"modified":"2026-03-30T14:22:45","modified_gmt":"2026-03-30T14:22:45","slug":"animal-parade-grandes-assiettes-600x600","status":"publish","type":"product","link":"https:\/\/somefunstore.com\/en\/shop\/themes-occasions\/anniversaires\/par-themes\/animaux-en-parade\/animal-parade-grandes-assiettes-600x600\/","title":{"rendered":"Guirlande animaux en parade"},"content":{"rendered":"","protected":false},"excerpt":{"rendered":"<p>C\u2019est la d\u00e9coration id\u00e9ale pour ajouter de la couleur et du fun \u00e0 une baby shower ou un anniversaire d\u2019enfant. Disposez-la sur la table de f\u00eate, ou accrochez-la \u00e0 une porte ou un mur. Vous pouvez m\u00eame la laisser en d\u00e9coration au quotidien, ou la ranger pour la r\u00e9utiliser \u00e0 chaque f\u00eate.<\/p>\n<ul data-start=\"0\" data-end=\"471\">\n<li data-section-id=\"1nv95s6\" data-start=\"0\" data-end=\"181\">8 fanions animaux avec d\u00e9tails d\u00e9coratifs : cordon m\u00e9tallique, drapeaux sur b\u00e2tonnets en bambou, papier de soie, mylar et fils \u00e0 broder, ruban satin et \u00e9l\u00e9ments en nid d\u2019abeille<\/li>\n<li data-section-id=\"n75752\" data-start=\"182\" data-end=\"222\">Ruban tiss\u00e9 ivoire pour la guirlande<\/li>\n<li data-section-id=\"16jevpa\" data-start=\"223\" data-end=\"299\">Trombone rose pour maintenir le corps en nid d\u2019abeille du flamant ouvert<\/li>\n<li data-section-id=\"w3kukx\" data-start=\"300\" data-end=\"331\">D\u00e9tails en dorure brillante<\/li>\n<li data-section-id=\"13pagcr\" data-start=\"332\" data-end=\"360\">Assemblage simple requis<\/li>\n<li data-section-id=\"4ybso7\" data-start=\"361\" data-end=\"471\">Dimensions du produit :\n<ul data-start=\"391\" data-end=\"471\">\n<li data-section-id=\"fonjar\" data-start=\"391\" data-end=\"428\">Longueur de la guirlande : 1,83 m<\/li>\n<li data-section-id=\"134b8qd\" data-start=\"431\" data-end=\"471\">Longueur totale avec cordon : 3,05 m<\/li>\n<\/ul>\n<\/li>\n<\/ul>\n<p data-start=\"473\" data-end=\"494\" data-is-last-node=\"\" data-is-only-node=\"\">Code produit : 267367<\/p>","protected":false},"featured_media":22682,"comment_status":"closed","ping_status":"closed","template":"","meta":[],"product_brand":[],"product_cat":[233,281,263],"product_tag":[],"class_list":{"0":"post-19235","1":"product","2":"type-product","3":"status-publish","4":"has-post-thumbnail","6":"product_cat-animaux-en-parade","7":"product_cat-animaux-safari","8":"product_cat-guirlandes-la-decoration","10":"first","11":"instock","12":"shipping-taxable","13":"purchasable","14":"product-type-simple"},"_links":{"self":[{"href":"https:\/\/somefunstore.com\/en\/wp-json\/wp\/v2\/product\/19235","targetHints":{"allow":["GET"]}}],"collection":[{"href":"https:\/\/somefunstore.com\/en\/wp-json\/wp\/v2\/product"}],"about":[{"href":"https:\/\/somefunstore.com\/en\/wp-json\/wp\/v2\/types\/product"}],"replies":[{"embeddable":true,"href":"https:\/\/somefunstore.com\/en\/wp-json\/wp\/v2\/comments?post=19235"}],"wp:featuredmedia":[{"embeddable":true,"href":"https:\/\/somefunstore.com\/en\/wp-json\/wp\/v2\/media\/22682"}],"wp:attachment":[{"href":"https:\/\/somefunstore.com\/en\/wp-json\/wp\/v2\/media?parent=19235"}],"wp:term":[{"taxonomy":"product_brand","embeddable":true,"href":"https:\/\/somefunstore.com\/en\/wp-json\/wp\/v2\/product_brand?post=19235"},{"taxonomy":"product_cat","embeddable":true,"href":"https:\/\/somefunstore.com\/en\/wp-json\/wp\/v2\/product_cat?post=19235"},{"taxonomy":"product_tag","embeddable":true,"href":"https:\/\/somefunstore.com\/en\/wp-json\/wp\/v2\/product_tag?post=19235"}],"curies":[{"name":"wp","href":"https:\/\/api.w.org\/{rel}","templated":true}]}}