{"id":21521,"date":"2026-03-17T09:17:31","date_gmt":"2026-03-17T09:17:31","guid":{"rendered":"https:\/\/somefunstore.com\/?post_type=product&#038;p=21521"},"modified":"2026-03-17T09:17:31","modified_gmt":"2026-03-17T09:17:31","slug":"assiettes-en-forme-delephant-x8","status":"publish","type":"product","link":"https:\/\/somefunstore.com\/en\/shop\/themes-occasions\/anniversaires\/par-themes\/animaux-safari\/assiettes-en-forme-delephant-x8\/","title":{"rendered":"Assiettes en forme d&rsquo;\u00e9l\u00e9phant x8"},"content":{"rendered":"","protected":false},"excerpt":{"rendered":"<p>Pourquoi choisir de simples assiettes en papier, quand vous pouvez opter pour un mod\u00e8le en forme d\u2019\u00e9l\u00e9phant impressionnant ? Sa queue en raphia noir apporte une touche originale et amusante qui ravira vos invit\u00e9s!<\/p>\n<ul data-start=\"68\" data-end=\"183\">\n<li data-section-id=\"xkfew4\" data-start=\"68\" data-end=\"101\">\n<p data-start=\"70\" data-end=\"101\">Papier haute qualit\u00e9 400 g\/m\u00b2<\/p>\n<\/li>\n<li data-section-id=\"f0z7xn\" data-start=\"102\" data-end=\"126\">\n<p data-start=\"104\" data-end=\"126\">Queue en raphia noir<\/p>\n<\/li>\n<li data-section-id=\"1yw396l\" data-start=\"127\" data-end=\"149\">\n<p data-start=\"129\" data-end=\"149\">Lot de 8 assiettes<\/p>\n<\/li>\n<li data-section-id=\"t6yvsx\" data-start=\"150\" data-end=\"183\">\n<p data-start=\"152\" data-end=\"183\">Dimensions : 267 x 216 x 6 mm<\/p>\n<\/li>\n<\/ul>\n<p data-start=\"185\" data-end=\"210\"><strong data-start=\"185\" data-end=\"203\">Code produit :<\/strong> 268141<\/p>","protected":false},"featured_media":21522,"comment_status":"open","ping_status":"closed","template":"","meta":[],"product_brand":[],"product_cat":[281,275,248,244],"product_tag":[],"class_list":{"0":"post-21521","1":"product","2":"type-product","3":"status-publish","4":"has-post-thumbnail","6":"product_cat-animaux-safari","7":"product_cat-anniversaires","8":"product_cat-assiettes","9":"product_cat-la-table","11":"first","12":"instock","13":"virtual","14":"purchasable","15":"product-type-simple"},"_links":{"self":[{"href":"https:\/\/somefunstore.com\/en\/wp-json\/wp\/v2\/product\/21521","targetHints":{"allow":["GET"]}}],"collection":[{"href":"https:\/\/somefunstore.com\/en\/wp-json\/wp\/v2\/product"}],"about":[{"href":"https:\/\/somefunstore.com\/en\/wp-json\/wp\/v2\/types\/product"}],"replies":[{"embeddable":true,"href":"https:\/\/somefunstore.com\/en\/wp-json\/wp\/v2\/comments?post=21521"}],"wp:featuredmedia":[{"embeddable":true,"href":"https:\/\/somefunstore.com\/en\/wp-json\/wp\/v2\/media\/21522"}],"wp:attachment":[{"href":"https:\/\/somefunstore.com\/en\/wp-json\/wp\/v2\/media?parent=21521"}],"wp:term":[{"taxonomy":"product_brand","embeddable":true,"href":"https:\/\/somefunstore.com\/en\/wp-json\/wp\/v2\/product_brand?post=21521"},{"taxonomy":"product_cat","embeddable":true,"href":"https:\/\/somefunstore.com\/en\/wp-json\/wp\/v2\/product_cat?post=21521"},{"taxonomy":"product_tag","embeddable":true,"href":"https:\/\/somefunstore.com\/en\/wp-json\/wp\/v2\/product_tag?post=21521"}],"curies":[{"name":"wp","href":"https:\/\/api.w.org\/{rel}","templated":true}]}}