{"id":21524,"date":"2026-03-17T09:29:54","date_gmt":"2026-03-17T09:29:54","guid":{"rendered":"https:\/\/somefunstore.com\/?post_type=product&#038;p=21524"},"modified":"2026-03-17T09:29:54","modified_gmt":"2026-03-17T09:29:54","slug":"assiettes-en-forme-de-girafe-x8","status":"publish","type":"product","link":"https:\/\/somefunstore.com\/en\/shop\/themes-occasions\/anniversaires\/par-themes\/animaux-safari\/assiettes-en-forme-de-girafe-x8\/","title":{"rendered":"Assiettes en forme de girafe x8"},"content":{"rendered":"","protected":false},"excerpt":{"rendered":"<p>Ajoutez une touche sauvage et pleine de fun \u00e0 votre table de f\u00eate avec ces assiettes en papier girafe ! \u00c0 la fois originales et d\u00e9coratives, elles attirent tous les regards et sont parfaites pour une f\u00eate th\u00e8me safari ou pour apporter une ambiance ludique et d\u00e9paysante.<\/p>\n<ul data-start=\"70\" data-end=\"192\">\n<li data-section-id=\"xkfew4\" data-start=\"70\" data-end=\"103\">\n<p data-start=\"72\" data-end=\"103\">Papier haute qualit\u00e9 400 g\/m\u00b2<\/p>\n<\/li>\n<li data-section-id=\"w3kukx\" data-start=\"104\" data-end=\"135\">\n<p data-start=\"106\" data-end=\"135\">D\u00e9tails en dorure brillante<\/p>\n<\/li>\n<li data-section-id=\"1yw396l\" data-start=\"136\" data-end=\"158\">\n<p data-start=\"138\" data-end=\"158\">Lot de 8 assiettes<\/p>\n<\/li>\n<li data-section-id=\"2xhxhe\" data-start=\"159\" data-end=\"192\">\n<p data-start=\"161\" data-end=\"192\">Dimensions : 191 x 279 x 6 mm<\/p>\n<\/li>\n<\/ul>\n<p data-start=\"194\" data-end=\"219\" data-is-last-node=\"\" data-is-only-node=\"\"><strong data-start=\"194\" data-end=\"212\">Code produit :<\/strong> 268195<\/p>","protected":false},"featured_media":21525,"comment_status":"open","ping_status":"closed","template":"","meta":[],"product_brand":[],"product_cat":[281,275,248,244],"product_tag":[],"class_list":{"0":"post-21524","1":"product","2":"type-product","3":"status-publish","4":"has-post-thumbnail","6":"product_cat-animaux-safari","7":"product_cat-anniversaires","8":"product_cat-assiettes","9":"product_cat-la-table","11":"first","12":"instock","13":"virtual","14":"purchasable","15":"product-type-simple"},"_links":{"self":[{"href":"https:\/\/somefunstore.com\/en\/wp-json\/wp\/v2\/product\/21524","targetHints":{"allow":["GET"]}}],"collection":[{"href":"https:\/\/somefunstore.com\/en\/wp-json\/wp\/v2\/product"}],"about":[{"href":"https:\/\/somefunstore.com\/en\/wp-json\/wp\/v2\/types\/product"}],"replies":[{"embeddable":true,"href":"https:\/\/somefunstore.com\/en\/wp-json\/wp\/v2\/comments?post=21524"}],"wp:featuredmedia":[{"embeddable":true,"href":"https:\/\/somefunstore.com\/en\/wp-json\/wp\/v2\/media\/21525"}],"wp:attachment":[{"href":"https:\/\/somefunstore.com\/en\/wp-json\/wp\/v2\/media?parent=21524"}],"wp:term":[{"taxonomy":"product_brand","embeddable":true,"href":"https:\/\/somefunstore.com\/en\/wp-json\/wp\/v2\/product_brand?post=21524"},{"taxonomy":"product_cat","embeddable":true,"href":"https:\/\/somefunstore.com\/en\/wp-json\/wp\/v2\/product_cat?post=21524"},{"taxonomy":"product_tag","embeddable":true,"href":"https:\/\/somefunstore.com\/en\/wp-json\/wp\/v2\/product_tag?post=21524"}],"curies":[{"name":"wp","href":"https:\/\/api.w.org\/{rel}","templated":true}]}}