{"id":21527,"date":"2026-03-17T09:34:07","date_gmt":"2026-03-17T09:34:07","guid":{"rendered":"https:\/\/somefunstore.com\/?post_type=product&#038;p=21527"},"modified":"2026-03-17T09:35:19","modified_gmt":"2026-03-17T09:35:19","slug":"assiettes-lion-x8","status":"publish","type":"product","link":"https:\/\/somefunstore.com\/en\/shop\/themes-occasions\/anniversaires\/par-themes\/animaux-safari\/assiettes-lion-x8\/","title":{"rendered":"Assiettes lion x8"},"content":{"rendered":"","protected":false},"excerpt":{"rendered":"<p>Ces adorables assiettes en papier lion, avec leur illustration craquante et leurs d\u00e9tails en dorure brillante, feront sensation sur votre table de f\u00eate. Parfaites pour une f\u00eate vraiment sauvage !<\/p>\n<ul data-start=\"69\" data-end=\"157\">\n<li data-section-id=\"w3kukx\" data-start=\"69\" data-end=\"100\">\n<p data-start=\"71\" data-end=\"100\">D\u00e9tails en dorure brillante<\/p>\n<\/li>\n<li data-section-id=\"1yw396l\" data-start=\"101\" data-end=\"123\">\n<p data-start=\"103\" data-end=\"123\">Lot de 8 assiettes<\/p>\n<\/li>\n<li data-section-id=\"l0xmqv\" data-start=\"124\" data-end=\"157\">\n<p data-start=\"126\" data-end=\"157\">Dimensions : 216 x 216 x 6 mm<\/p>\n<\/li>\n<\/ul>\n<p data-start=\"159\" data-end=\"184\" data-is-last-node=\"\" data-is-only-node=\"\"><strong data-start=\"159\" data-end=\"177\">Code produit :<\/strong> 223344<\/p>","protected":false},"featured_media":21528,"comment_status":"open","ping_status":"closed","template":"","meta":[],"product_brand":[],"product_cat":[281,248,244,280],"product_tag":[],"class_list":{"0":"post-21527","1":"product","2":"type-product","3":"status-publish","4":"has-post-thumbnail","6":"product_cat-animaux-safari","7":"product_cat-assiettes","8":"product_cat-la-table","9":"product_cat-par-themes","11":"first","12":"instock","13":"virtual","14":"purchasable","15":"product-type-simple"},"_links":{"self":[{"href":"https:\/\/somefunstore.com\/en\/wp-json\/wp\/v2\/product\/21527","targetHints":{"allow":["GET"]}}],"collection":[{"href":"https:\/\/somefunstore.com\/en\/wp-json\/wp\/v2\/product"}],"about":[{"href":"https:\/\/somefunstore.com\/en\/wp-json\/wp\/v2\/types\/product"}],"replies":[{"embeddable":true,"href":"https:\/\/somefunstore.com\/en\/wp-json\/wp\/v2\/comments?post=21527"}],"wp:featuredmedia":[{"embeddable":true,"href":"https:\/\/somefunstore.com\/en\/wp-json\/wp\/v2\/media\/21528"}],"wp:attachment":[{"href":"https:\/\/somefunstore.com\/en\/wp-json\/wp\/v2\/media?parent=21527"}],"wp:term":[{"taxonomy":"product_brand","embeddable":true,"href":"https:\/\/somefunstore.com\/en\/wp-json\/wp\/v2\/product_brand?post=21527"},{"taxonomy":"product_cat","embeddable":true,"href":"https:\/\/somefunstore.com\/en\/wp-json\/wp\/v2\/product_cat?post=21527"},{"taxonomy":"product_tag","embeddable":true,"href":"https:\/\/somefunstore.com\/en\/wp-json\/wp\/v2\/product_tag?post=21527"}],"curies":[{"name":"wp","href":"https:\/\/api.w.org\/{rel}","templated":true}]}}