{"id":21533,"date":"2026-03-17T09:42:37","date_gmt":"2026-03-17T09:42:37","guid":{"rendered":"https:\/\/somefunstore.com\/?post_type=product&#038;p=21533"},"modified":"2026-03-17T09:44:51","modified_gmt":"2026-03-17T09:44:51","slug":"assiettes-en-forme-de-fusee-x8","status":"publish","type":"product","link":"https:\/\/somefunstore.com\/en\/shop\/themes-occasions\/anniversaires\/par-themes\/astronaute\/assiettes-en-forme-de-fusee-x8\/","title":{"rendered":"Assiettes en forme de fus\u00e9e x8"},"content":{"rendered":"","protected":false},"excerpt":{"rendered":"<p>Faites r\u00eaver les petits astronautes avec ces superbes assiettes en papier en forme de fus\u00e9e ! Parfaites pour d\u00e9corer une table de f\u00eate sur le th\u00e8me de l\u2019espace.<\/p>\n<ul data-start=\"70\" data-end=\"188\">\n<li data-section-id=\"n22snj\" data-start=\"70\" data-end=\"102\">\n<p data-start=\"72\" data-end=\"102\">D\u00e9tails brillants effet foil<\/p>\n<\/li>\n<li data-section-id=\"2h3u8w\" data-start=\"103\" data-end=\"131\">\n<p data-start=\"105\" data-end=\"131\">Pompons en raphia orange<\/p>\n<\/li>\n<li data-section-id=\"1yw396l\" data-start=\"132\" data-end=\"154\">\n<p data-start=\"134\" data-end=\"154\">Lot de 8 assiettes<\/p>\n<\/li>\n<li data-section-id=\"ug9tqn\" data-start=\"155\" data-end=\"188\">\n<p data-start=\"157\" data-end=\"188\">Dimensions : 165 x 318 x 6 mm<\/p>\n<\/li>\n<\/ul>\n<p data-start=\"190\" data-end=\"215\" data-is-last-node=\"\" data-is-only-node=\"\"><strong data-start=\"190\" data-end=\"208\">Code produit :<\/strong> 218656<\/p>","protected":false},"featured_media":21534,"comment_status":"open","ping_status":"closed","template":"","meta":[],"product_brand":[],"product_cat":[275,248,282,244,280],"product_tag":[],"class_list":{"0":"post-21533","1":"product","2":"type-product","3":"status-publish","4":"has-post-thumbnail","6":"product_cat-anniversaires","7":"product_cat-assiettes","8":"product_cat-astronaute","9":"product_cat-la-table","10":"product_cat-par-themes","12":"first","13":"instock","14":"virtual","15":"purchasable","16":"product-type-simple"},"_links":{"self":[{"href":"https:\/\/somefunstore.com\/en\/wp-json\/wp\/v2\/product\/21533","targetHints":{"allow":["GET"]}}],"collection":[{"href":"https:\/\/somefunstore.com\/en\/wp-json\/wp\/v2\/product"}],"about":[{"href":"https:\/\/somefunstore.com\/en\/wp-json\/wp\/v2\/types\/product"}],"replies":[{"embeddable":true,"href":"https:\/\/somefunstore.com\/en\/wp-json\/wp\/v2\/comments?post=21533"}],"wp:featuredmedia":[{"embeddable":true,"href":"https:\/\/somefunstore.com\/en\/wp-json\/wp\/v2\/media\/21534"}],"wp:attachment":[{"href":"https:\/\/somefunstore.com\/en\/wp-json\/wp\/v2\/media?parent=21533"}],"wp:term":[{"taxonomy":"product_brand","embeddable":true,"href":"https:\/\/somefunstore.com\/en\/wp-json\/wp\/v2\/product_brand?post=21533"},{"taxonomy":"product_cat","embeddable":true,"href":"https:\/\/somefunstore.com\/en\/wp-json\/wp\/v2\/product_cat?post=21533"},{"taxonomy":"product_tag","embeddable":true,"href":"https:\/\/somefunstore.com\/en\/wp-json\/wp\/v2\/product_tag?post=21533"}],"curies":[{"name":"wp","href":"https:\/\/api.w.org\/{rel}","templated":true}]}}