{"id":21542,"date":"2026-03-17T09:51:47","date_gmt":"2026-03-17T09:51:47","guid":{"rendered":"https:\/\/somefunstore.com\/?post_type=product&#038;p=21542"},"modified":"2026-03-17T09:51:48","modified_gmt":"2026-03-17T09:51:48","slug":"assiettes-ballerine-x8","status":"publish","type":"product","link":"https:\/\/somefunstore.com\/en\/shop\/themes-occasions\/anniversaires\/par-themes\/ballerine-par-themes\/assiettes-ballerine-x8\/","title":{"rendered":"Assiettes ballerine x8"},"content":{"rendered":"","protected":false},"excerpt":{"rendered":"<p>Ces magnifiques assiettes en papier, avec leur jolie bordure arrondie, sont d\u00e9cor\u00e9es d\u2019illustrations de ballerines en pleine danse. Elles apporteront une touche raffin\u00e9e \u00e0 votre table de f\u00eate et \u00e9merveilleront vos invit\u00e9s.<\/p>","protected":false},"featured_media":21543,"comment_status":"open","ping_status":"closed","template":"","meta":[],"product_brand":[],"product_cat":[248,283,244,280],"product_tag":[],"class_list":{"0":"post-21542","1":"product","2":"type-product","3":"status-publish","4":"has-post-thumbnail","6":"product_cat-assiettes","7":"product_cat-ballerine-par-themes","8":"product_cat-la-table","9":"product_cat-par-themes","11":"first","12":"instock","13":"virtual","14":"purchasable","15":"product-type-simple"},"_links":{"self":[{"href":"https:\/\/somefunstore.com\/en\/wp-json\/wp\/v2\/product\/21542","targetHints":{"allow":["GET"]}}],"collection":[{"href":"https:\/\/somefunstore.com\/en\/wp-json\/wp\/v2\/product"}],"about":[{"href":"https:\/\/somefunstore.com\/en\/wp-json\/wp\/v2\/types\/product"}],"replies":[{"embeddable":true,"href":"https:\/\/somefunstore.com\/en\/wp-json\/wp\/v2\/comments?post=21542"}],"wp:featuredmedia":[{"embeddable":true,"href":"https:\/\/somefunstore.com\/en\/wp-json\/wp\/v2\/media\/21543"}],"wp:attachment":[{"href":"https:\/\/somefunstore.com\/en\/wp-json\/wp\/v2\/media?parent=21542"}],"wp:term":[{"taxonomy":"product_brand","embeddable":true,"href":"https:\/\/somefunstore.com\/en\/wp-json\/wp\/v2\/product_brand?post=21542"},{"taxonomy":"product_cat","embeddable":true,"href":"https:\/\/somefunstore.com\/en\/wp-json\/wp\/v2\/product_cat?post=21542"},{"taxonomy":"product_tag","embeddable":true,"href":"https:\/\/somefunstore.com\/en\/wp-json\/wp\/v2\/product_tag?post=21542"}],"curies":[{"name":"wp","href":"https:\/\/api.w.org\/{rel}","templated":true}]}}