{"id":21551,"date":"2026-03-17T12:10:49","date_gmt":"2026-03-17T12:10:49","guid":{"rendered":"https:\/\/somefunstore.com\/?post_type=product&#038;p=21551"},"modified":"2026-03-17T12:10:49","modified_gmt":"2026-03-17T12:10:49","slug":"serviettes-ballerine-x16","status":"publish","type":"product","link":"https:\/\/somefunstore.com\/en\/shop\/themes-occasions\/anniversaires\/par-themes\/ballerine-par-themes\/serviettes-ballerine-x16\/","title":{"rendered":"Serviettes ballerine x16"},"content":{"rendered":"","protected":false},"excerpt":{"rendered":"<p>Ces magnifiques serviettes en forme de chaussons de danse apporteront une touche \u00e9l\u00e9gante \u00e0 votre table de f\u00eate. \u00c0 la fois de haute qualit\u00e9, pratiques et d\u00e9coratives, elles feront sensation aupr\u00e8s de vos invit\u00e9s.<\/p>\n<p>Code article : 222957<\/p>\n<p>&nbsp;<\/p>","protected":false},"featured_media":21552,"comment_status":"open","ping_status":"closed","template":"","meta":[],"product_brand":[],"product_cat":[283,244,280,256],"product_tag":[],"class_list":{"0":"post-21551","1":"product","2":"type-product","3":"status-publish","4":"has-post-thumbnail","6":"product_cat-ballerine-par-themes","7":"product_cat-la-table","8":"product_cat-par-themes","9":"product_cat-serviettes","11":"first","12":"instock","13":"virtual","14":"purchasable","15":"product-type-simple"},"_links":{"self":[{"href":"https:\/\/somefunstore.com\/en\/wp-json\/wp\/v2\/product\/21551","targetHints":{"allow":["GET"]}}],"collection":[{"href":"https:\/\/somefunstore.com\/en\/wp-json\/wp\/v2\/product"}],"about":[{"href":"https:\/\/somefunstore.com\/en\/wp-json\/wp\/v2\/types\/product"}],"replies":[{"embeddable":true,"href":"https:\/\/somefunstore.com\/en\/wp-json\/wp\/v2\/comments?post=21551"}],"wp:featuredmedia":[{"embeddable":true,"href":"https:\/\/somefunstore.com\/en\/wp-json\/wp\/v2\/media\/21552"}],"wp:attachment":[{"href":"https:\/\/somefunstore.com\/en\/wp-json\/wp\/v2\/media?parent=21551"}],"wp:term":[{"taxonomy":"product_brand","embeddable":true,"href":"https:\/\/somefunstore.com\/en\/wp-json\/wp\/v2\/product_brand?post=21551"},{"taxonomy":"product_cat","embeddable":true,"href":"https:\/\/somefunstore.com\/en\/wp-json\/wp\/v2\/product_cat?post=21551"},{"taxonomy":"product_tag","embeddable":true,"href":"https:\/\/somefunstore.com\/en\/wp-json\/wp\/v2\/product_tag?post=21551"}],"curies":[{"name":"wp","href":"https:\/\/api.w.org\/{rel}","templated":true}]}}