{"id":21554,"date":"2026-03-17T12:16:09","date_gmt":"2026-03-17T12:16:09","guid":{"rendered":"https:\/\/somefunstore.com\/?post_type=product&#038;p=21554"},"modified":"2026-03-17T12:16:09","modified_gmt":"2026-03-17T12:16:09","slug":"guirlande-ballerine","status":"publish","type":"product","link":"https:\/\/somefunstore.com\/en\/shop\/themes-occasions\/anniversaires\/par-themes\/ballerine-par-themes\/guirlande-ballerine\/","title":{"rendered":"Guirlande ballerine"},"content":{"rendered":"","protected":false},"excerpt":{"rendered":"<p>Cette magnifique guirlande ballerine met en sc\u00e8ne de jolies danseuses avec des tutus en tulle d\u00e9licats. Parfaite pour sublimer un espace cl\u00e9 de la f\u00eate, elle sera aussi id\u00e9ale en d\u00e9coration de chambre par la suite.<\/p>\n<ul data-start=\"70\" data-end=\"212\">\n<li data-section-id=\"xv4lui\" data-start=\"70\" data-end=\"110\">\n<p data-start=\"72\" data-end=\"110\">D\u00e9tails en tulle p\u00eache clair (tutus)<\/p>\n<\/li>\n<li data-section-id=\"13tt6sc\" data-start=\"111\" data-end=\"132\">\n<p data-start=\"113\" data-end=\"132\">Ruban rose poudr\u00e9<\/p>\n<\/li>\n<li data-section-id=\"fonjar\" data-start=\"133\" data-end=\"170\">\n<p data-start=\"135\" data-end=\"170\">Longueur de la guirlande : 1,83 m<\/p>\n<\/li>\n<li data-section-id=\"u35002\" data-start=\"171\" data-end=\"212\">\n<p data-start=\"173\" data-end=\"212\">Longueur totale avec ficelle : 3,05 m<\/p>\n<\/li>\n<\/ul>\n<p data-start=\"214\" data-end=\"239\" data-is-last-node=\"\" data-is-only-node=\"\"><strong data-start=\"214\" data-end=\"232\">Code produit :<\/strong> 223101<\/p>\n<p>&nbsp;<\/p>","protected":false},"featured_media":21555,"comment_status":"open","ping_status":"closed","template":"","meta":[],"product_brand":[],"product_cat":[283,263],"product_tag":[],"class_list":{"0":"post-21554","1":"product","2":"type-product","3":"status-publish","4":"has-post-thumbnail","6":"product_cat-ballerine-par-themes","7":"product_cat-guirlandes-la-decoration","9":"first","10":"instock","11":"virtual","12":"purchasable","13":"product-type-simple"},"_links":{"self":[{"href":"https:\/\/somefunstore.com\/en\/wp-json\/wp\/v2\/product\/21554","targetHints":{"allow":["GET"]}}],"collection":[{"href":"https:\/\/somefunstore.com\/en\/wp-json\/wp\/v2\/product"}],"about":[{"href":"https:\/\/somefunstore.com\/en\/wp-json\/wp\/v2\/types\/product"}],"replies":[{"embeddable":true,"href":"https:\/\/somefunstore.com\/en\/wp-json\/wp\/v2\/comments?post=21554"}],"wp:featuredmedia":[{"embeddable":true,"href":"https:\/\/somefunstore.com\/en\/wp-json\/wp\/v2\/media\/21555"}],"wp:attachment":[{"href":"https:\/\/somefunstore.com\/en\/wp-json\/wp\/v2\/media?parent=21554"}],"wp:term":[{"taxonomy":"product_brand","embeddable":true,"href":"https:\/\/somefunstore.com\/en\/wp-json\/wp\/v2\/product_brand?post=21554"},{"taxonomy":"product_cat","embeddable":true,"href":"https:\/\/somefunstore.com\/en\/wp-json\/wp\/v2\/product_cat?post=21554"},{"taxonomy":"product_tag","embeddable":true,"href":"https:\/\/somefunstore.com\/en\/wp-json\/wp\/v2\/product_tag?post=21554"}],"curies":[{"name":"wp","href":"https:\/\/api.w.org\/{rel}","templated":true}]}}