{"id":21565,"date":"2026-03-17T12:38:15","date_gmt":"2026-03-17T12:38:15","guid":{"rendered":"https:\/\/somefunstore.com\/?post_type=product&#038;p=21565"},"modified":"2026-04-10T18:04:52","modified_gmt":"2026-04-10T18:04:52","slug":"arche-de-ballons-roses-x50-ballons","status":"publish","type":"product","link":"https:\/\/somefunstore.com\/en\/shop\/themes-occasions\/anniversaires\/par-themes\/ballerine-par-themes\/arche-de-ballons-roses-x50-ballons\/","title":{"rendered":"Arche de ballons roses (x50 ballons)"},"content":{"rendered":"","protected":false},"excerpt":{"rendered":"<p>Si vous recherchez une d\u00e9coration tendance, vous ne pouvez pas vous tromper avec une magnifique guirlande de ballons et de serpentins. Celle-ci associe de jolis ballons dans des tons de rose \u00e0 des serpentins en papier cr\u00e9pon. Parfaite pour une f\u00eate de princesse, de ballerine, de f\u00e9e ou une baby shower.<\/p>\n<ul data-start=\"70\" data-end=\"550\">\n<li data-section-id=\"16djfwa\" data-start=\"70\" data-end=\"133\">\n<p data-start=\"72\" data-end=\"133\">Serpentins en papier cr\u00e9pon : or, blanc, rose p\u00e2le et p\u00eache<\/p>\n<\/li>\n<li data-section-id=\"sk6yh4\" data-start=\"134\" data-end=\"183\">\n<p data-start=\"136\" data-end=\"183\">Ballons : rose, ivoire, rouge et transparents<\/p>\n<\/li>\n<li data-section-id=\"bckln0\" data-start=\"184\" data-end=\"256\">\n<p data-start=\"186\" data-end=\"256\">Ballons transparents pr\u00e9-remplis de confettis blancs, roses et p\u00eache<\/p>\n<\/li>\n<li data-section-id=\"18xfhwl\" data-start=\"257\" data-end=\"298\">\n<p data-start=\"259\" data-end=\"298\">Notice incluse pour un montage facile<\/p>\n<\/li>\n<li data-section-id=\"p6heiv\" data-start=\"299\" data-end=\"354\">\n<p data-start=\"301\" data-end=\"354\">Bande de fixation pour guirlande de ballons incluse<\/p>\n<\/li>\n<li data-section-id=\"1v38m06\" data-start=\"355\" data-end=\"398\">\n<p data-start=\"357\" data-end=\"398\">Ballons utilisables avec ou sans h\u00e9lium<\/p>\n<\/li>\n<li data-section-id=\"b0dfou\" data-start=\"399\" data-end=\"440\">\n<p data-start=\"401\" data-end=\"440\">Assemblage simple \u00e0 r\u00e9aliser soi-m\u00eame<\/p>\n<\/li>\n<li data-section-id=\"12642i2\" data-start=\"483\" data-end=\"504\">\n<p data-start=\"485\" data-end=\"504\">Lot de 50 ballons<\/p>\n<\/li>\n<li data-section-id=\"qvcqwp\" data-start=\"505\" data-end=\"550\">\n<p data-start=\"507\" data-end=\"550\">Dimensions du pack : 19,7 x 22,9 x 5,1 cm<\/p>\n<\/li>\n<\/ul>\n<p data-start=\"552\" data-end=\"577\" data-is-last-node=\"\" data-is-only-node=\"\"><strong data-start=\"552\" data-end=\"570\">Code produit :<\/strong> 222642<\/p>","protected":false},"featured_media":21566,"comment_status":"open","ping_status":"closed","template":"","meta":[],"product_brand":[],"product_cat":[276,283,257,289,245,292,294],"product_tag":[],"class_list":{"0":"post-21565","1":"product","2":"type-product","3":"status-publish","4":"has-post-thumbnail","6":"product_cat-baby-shower","7":"product_cat-ballerine-par-themes","8":"product_cat-ballons","9":"product_cat-fees","10":"product_cat-la-decoration","11":"product_cat-licornes","12":"product_cat-princesse","14":"first","15":"instock","16":"virtual","17":"purchasable","18":"product-type-simple"},"_links":{"self":[{"href":"https:\/\/somefunstore.com\/en\/wp-json\/wp\/v2\/product\/21565","targetHints":{"allow":["GET"]}}],"collection":[{"href":"https:\/\/somefunstore.com\/en\/wp-json\/wp\/v2\/product"}],"about":[{"href":"https:\/\/somefunstore.com\/en\/wp-json\/wp\/v2\/types\/product"}],"replies":[{"embeddable":true,"href":"https:\/\/somefunstore.com\/en\/wp-json\/wp\/v2\/comments?post=21565"}],"wp:featuredmedia":[{"embeddable":true,"href":"https:\/\/somefunstore.com\/en\/wp-json\/wp\/v2\/media\/21566"}],"wp:attachment":[{"href":"https:\/\/somefunstore.com\/en\/wp-json\/wp\/v2\/media?parent=21565"}],"wp:term":[{"taxonomy":"product_brand","embeddable":true,"href":"https:\/\/somefunstore.com\/en\/wp-json\/wp\/v2\/product_brand?post=21565"},{"taxonomy":"product_cat","embeddable":true,"href":"https:\/\/somefunstore.com\/en\/wp-json\/wp\/v2\/product_cat?post=21565"},{"taxonomy":"product_tag","embeddable":true,"href":"https:\/\/somefunstore.com\/en\/wp-json\/wp\/v2\/product_tag?post=21565"}],"curies":[{"name":"wp","href":"https:\/\/api.w.org\/{rel}","templated":true}]}}