{"id":21567,"date":"2026-03-17T12:43:27","date_gmt":"2026-03-17T12:43:27","guid":{"rendered":"https:\/\/somefunstore.com\/?post_type=product&#038;p=21567"},"modified":"2026-03-17T12:43:27","modified_gmt":"2026-03-17T12:43:27","slug":"assiettes-en-forme-de-coeur-x8","status":"publish","type":"product","link":"https:\/\/somefunstore.com\/en\/shop\/themes-occasions\/anniversaires\/par-themes\/coeurs\/assiettes-en-forme-de-coeur-x8\/","title":{"rendered":"Assiettes en forme de c\u0153ur (x8)"},"content":{"rendered":"","protected":false},"excerpt":{"rendered":"<p>On craque pour ces \u00e9l\u00e9gantes assiettes en papier en forme de c\u0153ur qui sublimeront votre table de f\u00eate. Parfaites pour la Saint-Valentin, un Galentine\u2019s, des fian\u00e7ailles ou un d\u00eener d\u2019anniversaire sp\u00e9cial.<\/p>\n<ul data-start=\"70\" data-end=\"373\">\n<li data-section-id=\"1k20kq1\" data-start=\"70\" data-end=\"177\">\n<p data-start=\"72\" data-end=\"177\">8 assiettes de couleurs diff\u00e9rentes : rose p\u00e2le, rose, rose fonc\u00e9, ivoire, jaune, p\u00eache, menthe et bleu<\/p>\n<\/li>\n<li data-section-id=\"100bam9\" data-start=\"178\" data-end=\"247\">\n<p data-start=\"180\" data-end=\"247\">Couleur identique au recto et au verso pour une finition \u00e9l\u00e9gante<\/p>\n<\/li>\n<li data-section-id=\"acvvk9\" data-start=\"248\" data-end=\"285\">\n<p data-start=\"250\" data-end=\"285\">Bord festonn\u00e9 avec liser\u00e9 assorti<\/p>\n<\/li>\n<li data-section-id=\"m264an\" data-start=\"286\" data-end=\"333\">\n<p data-start=\"288\" data-end=\"333\">Lot de 8 assiettes (8 couleurs diff\u00e9rentes)<\/p>\n<\/li>\n<li data-section-id=\"m4bepo\" data-start=\"334\" data-end=\"373\">\n<p data-start=\"336\" data-end=\"373\">Dimensions : 25,4 x 22,86 x 0,64 cm<\/p>\n<\/li>\n<\/ul>\n<p data-start=\"375\" data-end=\"400\" data-is-last-node=\"\" data-is-only-node=\"\"><strong data-start=\"375\" data-end=\"393\">Code produit :<\/strong> 273542<\/p>","protected":false},"featured_media":21568,"comment_status":"open","ping_status":"closed","template":"","meta":[],"product_brand":[],"product_cat":[248,285,244],"product_tag":[],"class_list":{"0":"post-21567","1":"product","2":"type-product","3":"status-publish","4":"has-post-thumbnail","6":"product_cat-assiettes","7":"product_cat-coeurs","8":"product_cat-la-table","10":"first","11":"instock","12":"virtual","13":"purchasable","14":"product-type-simple"},"_links":{"self":[{"href":"https:\/\/somefunstore.com\/en\/wp-json\/wp\/v2\/product\/21567","targetHints":{"allow":["GET"]}}],"collection":[{"href":"https:\/\/somefunstore.com\/en\/wp-json\/wp\/v2\/product"}],"about":[{"href":"https:\/\/somefunstore.com\/en\/wp-json\/wp\/v2\/types\/product"}],"replies":[{"embeddable":true,"href":"https:\/\/somefunstore.com\/en\/wp-json\/wp\/v2\/comments?post=21567"}],"wp:featuredmedia":[{"embeddable":true,"href":"https:\/\/somefunstore.com\/en\/wp-json\/wp\/v2\/media\/21568"}],"wp:attachment":[{"href":"https:\/\/somefunstore.com\/en\/wp-json\/wp\/v2\/media?parent=21567"}],"wp:term":[{"taxonomy":"product_brand","embeddable":true,"href":"https:\/\/somefunstore.com\/en\/wp-json\/wp\/v2\/product_brand?post=21567"},{"taxonomy":"product_cat","embeddable":true,"href":"https:\/\/somefunstore.com\/en\/wp-json\/wp\/v2\/product_cat?post=21567"},{"taxonomy":"product_tag","embeddable":true,"href":"https:\/\/somefunstore.com\/en\/wp-json\/wp\/v2\/product_tag?post=21567"}],"curies":[{"name":"wp","href":"https:\/\/api.w.org\/{rel}","templated":true}]}}