{"id":21581,"date":"2026-03-17T13:04:16","date_gmt":"2026-03-17T13:04:16","guid":{"rendered":"https:\/\/somefunstore.com\/?post_type=product&#038;p=21581"},"modified":"2026-03-17T13:04:16","modified_gmt":"2026-03-17T13:04:16","slug":"grandes-assiettes-construction-x16","status":"publish","type":"product","link":"https:\/\/somefunstore.com\/en\/shop\/themes-occasions\/anniversaires\/par-themes\/construction\/grandes-assiettes-construction-x16\/","title":{"rendered":"Grandes assiettes construction x16"},"content":{"rendered":"","protected":false},"excerpt":{"rendered":"<p>Transformez votre table de f\u00eate en v\u00e9ritable zone de chantier avec ces grandes assiettes au design spectaculaire ! Avec leurs illustrations color\u00e9es d\u2019engins de construction et leurs d\u00e9tails dynamiques, elles captiveront tous les petits fans de chantier.<\/p>","protected":false},"featured_media":21583,"comment_status":"open","ping_status":"closed","template":"","meta":[],"product_brand":[],"product_cat":[248,286,244],"product_tag":[],"class_list":{"0":"post-21581","1":"product","2":"type-product","3":"status-publish","4":"has-post-thumbnail","6":"product_cat-assiettes","7":"product_cat-construction","8":"product_cat-la-table","10":"first","11":"instock","12":"virtual","13":"purchasable","14":"product-type-simple"},"_links":{"self":[{"href":"https:\/\/somefunstore.com\/en\/wp-json\/wp\/v2\/product\/21581","targetHints":{"allow":["GET"]}}],"collection":[{"href":"https:\/\/somefunstore.com\/en\/wp-json\/wp\/v2\/product"}],"about":[{"href":"https:\/\/somefunstore.com\/en\/wp-json\/wp\/v2\/types\/product"}],"replies":[{"embeddable":true,"href":"https:\/\/somefunstore.com\/en\/wp-json\/wp\/v2\/comments?post=21581"}],"wp:featuredmedia":[{"embeddable":true,"href":"https:\/\/somefunstore.com\/en\/wp-json\/wp\/v2\/media\/21583"}],"wp:attachment":[{"href":"https:\/\/somefunstore.com\/en\/wp-json\/wp\/v2\/media?parent=21581"}],"wp:term":[{"taxonomy":"product_brand","embeddable":true,"href":"https:\/\/somefunstore.com\/en\/wp-json\/wp\/v2\/product_brand?post=21581"},{"taxonomy":"product_cat","embeddable":true,"href":"https:\/\/somefunstore.com\/en\/wp-json\/wp\/v2\/product_cat?post=21581"},{"taxonomy":"product_tag","embeddable":true,"href":"https:\/\/somefunstore.com\/en\/wp-json\/wp\/v2\/product_tag?post=21581"}],"curies":[{"name":"wp","href":"https:\/\/api.w.org\/{rel}","templated":true}]}}