{"id":21598,"date":"2026-03-17T13:22:27","date_gmt":"2026-03-17T13:22:27","guid":{"rendered":"https:\/\/somefunstore.com\/?post_type=product&#038;p=21598"},"modified":"2026-03-17T13:22:27","modified_gmt":"2026-03-17T13:22:27","slug":"sacs-cadeaux-chantier-de-construction-x12","status":"publish","type":"product","link":"https:\/\/somefunstore.com\/en\/shop\/themes-occasions\/anniversaires\/par-themes\/construction\/sacs-cadeaux-chantier-de-construction-x12\/","title":{"rendered":"Sacs cadeaux chantier de construction x12"},"content":{"rendered":"","protected":false},"excerpt":{"rendered":"<p>Offrez des souvenirs inoubliables avec ces sacs cadeaux th\u00e8me chantier au design fun et color\u00e9 ! Avec leurs illustrations d\u2019engins de construction et leurs messages ludiques, ils sont parfaits pour y glisser surprises et petites attentions. Id\u00e9als pour compl\u00e9ter une f\u00eate r\u00e9ussie et faire plaisir \u00e0 tous les invit\u00e9s !<\/p>","protected":false},"featured_media":21599,"comment_status":"open","ping_status":"closed","template":"","meta":[],"product_brand":[],"product_cat":[286,246,265],"product_tag":[],"class_list":{"0":"post-21598","1":"product","2":"type-product","3":"status-publish","4":"has-post-thumbnail","6":"product_cat-construction","7":"product_cat-les-cadeaux-de-retour","8":"product_cat-sacs-cadeaux","10":"first","11":"instock","12":"virtual","13":"purchasable","14":"product-type-simple"},"_links":{"self":[{"href":"https:\/\/somefunstore.com\/en\/wp-json\/wp\/v2\/product\/21598","targetHints":{"allow":["GET"]}}],"collection":[{"href":"https:\/\/somefunstore.com\/en\/wp-json\/wp\/v2\/product"}],"about":[{"href":"https:\/\/somefunstore.com\/en\/wp-json\/wp\/v2\/types\/product"}],"replies":[{"embeddable":true,"href":"https:\/\/somefunstore.com\/en\/wp-json\/wp\/v2\/comments?post=21598"}],"wp:featuredmedia":[{"embeddable":true,"href":"https:\/\/somefunstore.com\/en\/wp-json\/wp\/v2\/media\/21599"}],"wp:attachment":[{"href":"https:\/\/somefunstore.com\/en\/wp-json\/wp\/v2\/media?parent=21598"}],"wp:term":[{"taxonomy":"product_brand","embeddable":true,"href":"https:\/\/somefunstore.com\/en\/wp-json\/wp\/v2\/product_brand?post=21598"},{"taxonomy":"product_cat","embeddable":true,"href":"https:\/\/somefunstore.com\/en\/wp-json\/wp\/v2\/product_cat?post=21598"},{"taxonomy":"product_tag","embeddable":true,"href":"https:\/\/somefunstore.com\/en\/wp-json\/wp\/v2\/product_tag?post=21598"}],"curies":[{"name":"wp","href":"https:\/\/api.w.org\/{rel}","templated":true}]}}