{"id":21603,"date":"2026-03-17T13:30:36","date_gmt":"2026-03-17T13:30:36","guid":{"rendered":"https:\/\/somefunstore.com\/?post_type=product&#038;p=21603"},"modified":"2026-03-17T13:30:36","modified_gmt":"2026-03-17T13:30:36","slug":"tatouages-construction","status":"publish","type":"product","link":"https:\/\/somefunstore.com\/en\/shop\/themes-occasions\/anniversaires\/par-themes\/construction\/tatouages-construction\/","title":{"rendered":"Tatouages construction"},"content":{"rendered":"","protected":false},"excerpt":{"rendered":"<p>Ces magnifiques tatouages temporaires sur le th\u00e8me du chantier sont une fa\u00e7on amusante d\u2019avoir un look ultra cool ! Avec leurs couleurs vives et leurs d\u00e9tails brillants effet foil argent\u00e9, ils feront sensation aupr\u00e8s des enfants.<\/p>\n<ul data-start=\"70\" data-end=\"270\">\n<li data-section-id=\"lq9nma\" data-start=\"70\" data-end=\"114\">\n<p data-start=\"72\" data-end=\"114\">13 tatouages sur une feuille pr\u00e9d\u00e9coup\u00e9e<\/p>\n<\/li>\n<li data-section-id=\"1ytprmr\" data-start=\"115\" data-end=\"156\">\n<p data-start=\"117\" data-end=\"156\">D\u00e9tails en foil holographique argent\u00e9<\/p>\n<\/li>\n<li data-section-id=\"echqg6\" data-start=\"157\" data-end=\"198\">\n<p data-start=\"159\" data-end=\"198\">Convient aux enfants de 3 ans et plus<\/p>\n<\/li>\n<li data-section-id=\"19qhe1j\" data-start=\"199\" data-end=\"222\">\n<p data-start=\"201\" data-end=\"222\">Lot de 13 tatouages<\/p>\n<\/li>\n<li data-section-id=\"gylsac\" data-start=\"223\" data-end=\"270\">\n<p data-start=\"225\" data-end=\"270\">Dimensions du pack : 11,43 x 8,89 x 0,32 cm<\/p>\n<\/li>\n<\/ul>\n<p data-start=\"272\" data-end=\"297\" data-is-last-node=\"\" data-is-only-node=\"\"><strong data-start=\"272\" data-end=\"290\">Code produit :<\/strong> 223713<\/p>","protected":false},"featured_media":21604,"comment_status":"open","ping_status":"closed","template":"","meta":[],"product_brand":[],"product_cat":[286,246,270],"product_tag":[],"class_list":{"0":"post-21603","1":"product","2":"type-product","3":"status-publish","4":"has-post-thumbnail","6":"product_cat-construction","7":"product_cat-les-cadeaux-de-retour","8":"product_cat-tatouages-et-stickers","10":"first","11":"instock","12":"virtual","13":"purchasable","14":"product-type-simple"},"_links":{"self":[{"href":"https:\/\/somefunstore.com\/en\/wp-json\/wp\/v2\/product\/21603","targetHints":{"allow":["GET"]}}],"collection":[{"href":"https:\/\/somefunstore.com\/en\/wp-json\/wp\/v2\/product"}],"about":[{"href":"https:\/\/somefunstore.com\/en\/wp-json\/wp\/v2\/types\/product"}],"replies":[{"embeddable":true,"href":"https:\/\/somefunstore.com\/en\/wp-json\/wp\/v2\/comments?post=21603"}],"wp:featuredmedia":[{"embeddable":true,"href":"https:\/\/somefunstore.com\/en\/wp-json\/wp\/v2\/media\/21604"}],"wp:attachment":[{"href":"https:\/\/somefunstore.com\/en\/wp-json\/wp\/v2\/media?parent=21603"}],"wp:term":[{"taxonomy":"product_brand","embeddable":true,"href":"https:\/\/somefunstore.com\/en\/wp-json\/wp\/v2\/product_brand?post=21603"},{"taxonomy":"product_cat","embeddable":true,"href":"https:\/\/somefunstore.com\/en\/wp-json\/wp\/v2\/product_cat?post=21603"},{"taxonomy":"product_tag","embeddable":true,"href":"https:\/\/somefunstore.com\/en\/wp-json\/wp\/v2\/product_tag?post=21603"}],"curies":[{"name":"wp","href":"https:\/\/api.w.org\/{rel}","templated":true}]}}