{"id":21611,"date":"2026-03-17T13:43:46","date_gmt":"2026-03-17T13:43:46","guid":{"rendered":"https:\/\/somefunstore.com\/?post_type=product&#038;p=21611"},"modified":"2026-03-17T13:43:46","modified_gmt":"2026-03-17T13:43:46","slug":"grandes-assiettes-dinosaures-x8","status":"publish","type":"product","link":"https:\/\/somefunstore.com\/en\/shop\/themes-occasions\/anniversaires\/par-themes\/dinosaures\/grandes-assiettes-dinosaures-x8\/","title":{"rendered":"Grandes assiettes dinosaures  x8"},"content":{"rendered":"","protected":false},"excerpt":{"rendered":"<p>Ces superbes assiettes en papier dinosaures sont parfaites pour une f\u00eate jurassique ! Vos invit\u00e9s seront \u00e9merveill\u00e9s par leurs magnifiques illustrations de dinosaures.<\/p>\n<ul data-start=\"70\" data-end=\"223\">\n<li data-section-id=\"1m4bvg2\" data-start=\"70\" data-end=\"105\">\n<p data-start=\"72\" data-end=\"105\">Designs imprim\u00e9s recto et verso<\/p>\n<\/li>\n<li data-section-id=\"l0y37h\" data-start=\"106\" data-end=\"166\">\n<p data-start=\"108\" data-end=\"166\">D\u00e9tails en foil cuivre et vert pour un effet scintillant<\/p>\n<\/li>\n<li data-section-id=\"1yw396l\" data-start=\"167\" data-end=\"189\">\n<p data-start=\"169\" data-end=\"189\">Lot de 8 assiettes<\/p>\n<\/li>\n<li data-section-id=\"1tam0br\" data-start=\"190\" data-end=\"223\">\n<p data-start=\"192\" data-end=\"223\">Dimensions : 26,04 x 26,04 cm<\/p>\n<\/li>\n<\/ul>\n<p data-start=\"225\" data-end=\"250\" data-is-last-node=\"\" data-is-only-node=\"\"><strong data-start=\"225\" data-end=\"243\">Code produit :<\/strong> 202239<\/p>","protected":false},"featured_media":21612,"comment_status":"open","ping_status":"closed","template":"","meta":[],"product_brand":[],"product_cat":[248,287,244],"product_tag":[],"class_list":{"0":"post-21611","1":"product","2":"type-product","3":"status-publish","4":"has-post-thumbnail","6":"product_cat-assiettes","7":"product_cat-dinosaures","8":"product_cat-la-table","10":"first","11":"instock","12":"virtual","13":"purchasable","14":"product-type-simple"},"_links":{"self":[{"href":"https:\/\/somefunstore.com\/en\/wp-json\/wp\/v2\/product\/21611","targetHints":{"allow":["GET"]}}],"collection":[{"href":"https:\/\/somefunstore.com\/en\/wp-json\/wp\/v2\/product"}],"about":[{"href":"https:\/\/somefunstore.com\/en\/wp-json\/wp\/v2\/types\/product"}],"replies":[{"embeddable":true,"href":"https:\/\/somefunstore.com\/en\/wp-json\/wp\/v2\/comments?post=21611"}],"wp:featuredmedia":[{"embeddable":true,"href":"https:\/\/somefunstore.com\/en\/wp-json\/wp\/v2\/media\/21612"}],"wp:attachment":[{"href":"https:\/\/somefunstore.com\/en\/wp-json\/wp\/v2\/media?parent=21611"}],"wp:term":[{"taxonomy":"product_brand","embeddable":true,"href":"https:\/\/somefunstore.com\/en\/wp-json\/wp\/v2\/product_brand?post=21611"},{"taxonomy":"product_cat","embeddable":true,"href":"https:\/\/somefunstore.com\/en\/wp-json\/wp\/v2\/product_cat?post=21611"},{"taxonomy":"product_tag","embeddable":true,"href":"https:\/\/somefunstore.com\/en\/wp-json\/wp\/v2\/product_tag?post=21611"}],"curies":[{"name":"wp","href":"https:\/\/api.w.org\/{rel}","templated":true}]}}