{"id":21619,"date":"2026-03-17T13:51:45","date_gmt":"2026-03-17T13:51:45","guid":{"rendered":"https:\/\/somefunstore.com\/?post_type=product&#038;p=21619"},"modified":"2026-04-13T12:11:59","modified_gmt":"2026-04-13T12:11:59","slug":"pinata-dinosaure","status":"publish","type":"product","link":"https:\/\/somefunstore.com\/en\/shop\/themes-occasions\/anniversaires\/par-themes\/dinosaures\/pinata-dinosaure\/","title":{"rendered":"Pinata dinosaure"},"content":{"rendered":"","protected":false},"excerpt":{"rendered":"<p>Les petits fans de dinosaures vont adorer cette pinata en forme de T-Rex ! Avec son design fun et color\u00e9, elle apportera une touche spectaculaire \u00e0 votre f\u00eate. \u00c0 remplir de bonbons et de surprises pour encore plus de fun, elle promet des moments inoubliables ! Un b\u00e2tonnet et un bandeau pour les yeux sont inclus pour une animation compl\u00e8te et amusante.<\/p>","protected":false},"featured_media":23013,"comment_status":"open","ping_status":"closed","template":"","meta":[],"product_brand":[],"product_cat":[287,264],"product_tag":[],"class_list":{"0":"post-21619","1":"product","2":"type-product","3":"status-publish","4":"has-post-thumbnail","6":"product_cat-dinosaures","7":"product_cat-pinatas","9":"first","10":"instock","11":"virtual","12":"purchasable","13":"product-type-simple"},"_links":{"self":[{"href":"https:\/\/somefunstore.com\/en\/wp-json\/wp\/v2\/product\/21619","targetHints":{"allow":["GET"]}}],"collection":[{"href":"https:\/\/somefunstore.com\/en\/wp-json\/wp\/v2\/product"}],"about":[{"href":"https:\/\/somefunstore.com\/en\/wp-json\/wp\/v2\/types\/product"}],"replies":[{"embeddable":true,"href":"https:\/\/somefunstore.com\/en\/wp-json\/wp\/v2\/comments?post=21619"}],"wp:featuredmedia":[{"embeddable":true,"href":"https:\/\/somefunstore.com\/en\/wp-json\/wp\/v2\/media\/23013"}],"wp:attachment":[{"href":"https:\/\/somefunstore.com\/en\/wp-json\/wp\/v2\/media?parent=21619"}],"wp:term":[{"taxonomy":"product_brand","embeddable":true,"href":"https:\/\/somefunstore.com\/en\/wp-json\/wp\/v2\/product_brand?post=21619"},{"taxonomy":"product_cat","embeddable":true,"href":"https:\/\/somefunstore.com\/en\/wp-json\/wp\/v2\/product_cat?post=21619"},{"taxonomy":"product_tag","embeddable":true,"href":"https:\/\/somefunstore.com\/en\/wp-json\/wp\/v2\/product_tag?post=21619"}],"curies":[{"name":"wp","href":"https:\/\/api.w.org\/{rel}","templated":true}]}}