{"id":21621,"date":"2026-03-17T13:55:02","date_gmt":"2026-03-17T13:55:02","guid":{"rendered":"https:\/\/somefunstore.com\/?post_type=product&#038;p=21621"},"modified":"2026-03-17T13:55:25","modified_gmt":"2026-03-17T13:55:25","slug":"toppers-dinosaures-x6","status":"publish","type":"product","link":"https:\/\/somefunstore.com\/en\/shop\/themes-occasions\/anniversaires\/par-themes\/dinosaures\/toppers-dinosaures-x6\/","title":{"rendered":"Toppers dinosaures x6"},"content":{"rendered":"","protected":false},"excerpt":{"rendered":"<p>Roar\u2026 cr\u00e9ez un g\u00e2teau dinosaure qui impressionnera petits et grands ! Transformez facilement un g\u00e2teau d\u2019anniversaire en v\u00e9ritable festin jurassique gr\u00e2ce \u00e0 ces superbes toppers. Le kit comprend cinq dinosaures color\u00e9s ainsi qu\u2019un palmier en papier cr\u00e9pon pour une d\u00e9coration encore plus immersive.<\/p>\n<ul data-start=\"70\" data-end=\"239\">\n<li data-section-id=\"16hd1kw\" data-start=\"70\" data-end=\"111\">\n<p data-start=\"72\" data-end=\"111\">Palmier avec franges en papier cr\u00e9pon<\/p>\n<\/li>\n<li data-section-id=\"1tkjpuj\" data-start=\"112\" data-end=\"146\">\n<p data-start=\"114\" data-end=\"146\">D\u00e9tails en foil cuivre et vert<\/p>\n<\/li>\n<li data-section-id=\"ornzqz\" data-start=\"147\" data-end=\"190\">\n<p data-start=\"149\" data-end=\"190\">Lot de 6 toppers (6 designs diff\u00e9rents)<\/p>\n<\/li>\n<li data-section-id=\"vsas6k\" data-start=\"191\" data-end=\"239\">\n<p data-start=\"193\" data-end=\"239\">Dimensions du pack : 19,05 x 29,21 x 0,64 cm<\/p>\n<\/li>\n<\/ul>\n<p data-start=\"241\" data-end=\"266\" data-is-last-node=\"\" data-is-only-node=\"\"><strong data-start=\"241\" data-end=\"259\">Code produit :<\/strong> 202260<\/p>","protected":false},"featured_media":21622,"comment_status":"open","ping_status":"closed","template":"","meta":[],"product_brand":[],"product_cat":[287,267],"product_tag":[],"class_list":{"0":"post-21621","1":"product","2":"type-product","3":"status-publish","4":"has-post-thumbnail","6":"product_cat-dinosaures","7":"product_cat-toppers","9":"first","10":"instock","11":"virtual","12":"purchasable","13":"product-type-simple"},"_links":{"self":[{"href":"https:\/\/somefunstore.com\/en\/wp-json\/wp\/v2\/product\/21621","targetHints":{"allow":["GET"]}}],"collection":[{"href":"https:\/\/somefunstore.com\/en\/wp-json\/wp\/v2\/product"}],"about":[{"href":"https:\/\/somefunstore.com\/en\/wp-json\/wp\/v2\/types\/product"}],"replies":[{"embeddable":true,"href":"https:\/\/somefunstore.com\/en\/wp-json\/wp\/v2\/comments?post=21621"}],"wp:featuredmedia":[{"embeddable":true,"href":"https:\/\/somefunstore.com\/en\/wp-json\/wp\/v2\/media\/21622"}],"wp:attachment":[{"href":"https:\/\/somefunstore.com\/en\/wp-json\/wp\/v2\/media?parent=21621"}],"wp:term":[{"taxonomy":"product_brand","embeddable":true,"href":"https:\/\/somefunstore.com\/en\/wp-json\/wp\/v2\/product_brand?post=21621"},{"taxonomy":"product_cat","embeddable":true,"href":"https:\/\/somefunstore.com\/en\/wp-json\/wp\/v2\/product_cat?post=21621"},{"taxonomy":"product_tag","embeddable":true,"href":"https:\/\/somefunstore.com\/en\/wp-json\/wp\/v2\/product_tag?post=21621"}],"curies":[{"name":"wp","href":"https:\/\/api.w.org\/{rel}","templated":true}]}}