{"id":21624,"date":"2026-03-17T13:58:44","date_gmt":"2026-03-17T13:58:44","guid":{"rendered":"https:\/\/somefunstore.com\/?post_type=product&#038;p=21624"},"modified":"2026-03-17T13:58:44","modified_gmt":"2026-03-17T13:58:44","slug":"guirlande-dinosaure","status":"publish","type":"product","link":"https:\/\/somefunstore.com\/en\/shop\/themes-occasions\/anniversaires\/par-themes\/dinosaures\/guirlande-dinosaure\/","title":{"rendered":"Guirlande dinosaure"},"content":{"rendered":"","protected":false},"excerpt":{"rendered":"<p>Roar\u2026 pour une f\u00eate dinosaure r\u00e9ussie, le h\u00e9ros du jour et ses invit\u00e9s vont adorer cette incroyable grande guirlande dinosaure! Compos\u00e9e de dix dinosaures magnifiquement illustr\u00e9s, de vingt fanions feuillage et de serpentins en papier cr\u00e9pon, elle apportera une ambiance spectaculaire \u00e0 votre d\u00e9coration. Elle peut \u00e9galement \u00eatre utilis\u00e9e comme d\u00e9coration de chambre !<\/p>","protected":false},"featured_media":21625,"comment_status":"open","ping_status":"closed","template":"","meta":[],"product_brand":[],"product_cat":[287,263],"product_tag":[],"class_list":{"0":"post-21624","1":"product","2":"type-product","3":"status-publish","4":"has-post-thumbnail","6":"product_cat-dinosaures","7":"product_cat-guirlandes-la-decoration","9":"first","10":"instock","11":"virtual","12":"purchasable","13":"product-type-simple"},"_links":{"self":[{"href":"https:\/\/somefunstore.com\/en\/wp-json\/wp\/v2\/product\/21624","targetHints":{"allow":["GET"]}}],"collection":[{"href":"https:\/\/somefunstore.com\/en\/wp-json\/wp\/v2\/product"}],"about":[{"href":"https:\/\/somefunstore.com\/en\/wp-json\/wp\/v2\/types\/product"}],"replies":[{"embeddable":true,"href":"https:\/\/somefunstore.com\/en\/wp-json\/wp\/v2\/comments?post=21624"}],"wp:featuredmedia":[{"embeddable":true,"href":"https:\/\/somefunstore.com\/en\/wp-json\/wp\/v2\/media\/21625"}],"wp:attachment":[{"href":"https:\/\/somefunstore.com\/en\/wp-json\/wp\/v2\/media?parent=21624"}],"wp:term":[{"taxonomy":"product_brand","embeddable":true,"href":"https:\/\/somefunstore.com\/en\/wp-json\/wp\/v2\/product_brand?post=21624"},{"taxonomy":"product_cat","embeddable":true,"href":"https:\/\/somefunstore.com\/en\/wp-json\/wp\/v2\/product_cat?post=21624"},{"taxonomy":"product_tag","embeddable":true,"href":"https:\/\/somefunstore.com\/en\/wp-json\/wp\/v2\/product_tag?post=21624"}],"curies":[{"name":"wp","href":"https:\/\/api.w.org\/{rel}","templated":true}]}}