{"id":21627,"date":"2026-03-17T14:02:36","date_gmt":"2026-03-17T14:02:36","guid":{"rendered":"https:\/\/somefunstore.com\/?post_type=product&#038;p=21627"},"modified":"2026-03-17T14:02:36","modified_gmt":"2026-03-17T14:02:36","slug":"carte-dinosaure","status":"publish","type":"product","link":"https:\/\/somefunstore.com\/en\/shop\/themes-occasions\/anniversaires\/par-themes\/dinosaures\/carte-dinosaure\/","title":{"rendered":"Carte dinosaure"},"content":{"rendered":"","protected":false},"excerpt":{"rendered":"<p>Cette superbe carte dinosaure accord\u00e9on est parfaite pour le jour d\u2019anniversaire ! A placer en centre de table pour un effet de d\u00e9co wow , puis \u00e0 conserver ensuite comme \u00e9l\u00e9ment de d\u00e9coration. Astucieusement con\u00e7ue, elle offre un rendu aussi original qu\u2019impressionnant.<\/p>\n<ul data-start=\"70\" data-end=\"187\">\n<li data-section-id=\"1nfk1vh\" data-start=\"70\" data-end=\"105\">\n<p data-start=\"72\" data-end=\"105\">D\u00e9tails en foil cuivre brillant<\/p>\n<\/li>\n<li data-section-id=\"1934sgn\" data-start=\"106\" data-end=\"154\">\n<p data-start=\"108\" data-end=\"154\">Message : \u00ab Happy Birthday \u00bb (\u00e0 l\u2019int\u00e9rieur)<\/p>\n<\/li>\n<li data-section-id=\"5928gl\" data-start=\"155\" data-end=\"187\">\n<p data-start=\"157\" data-end=\"187\">Dimensions : 57,15 x 12,7 cm<\/p>\n<\/li>\n<\/ul>\n<p data-start=\"189\" data-end=\"214\" data-is-last-node=\"\" data-is-only-node=\"\"><strong data-start=\"189\" data-end=\"207\">Code produit :<\/strong> 223659<\/p>","protected":false},"featured_media":21628,"comment_status":"open","ping_status":"closed","template":"","meta":[],"product_brand":[],"product_cat":[259,287],"product_tag":[],"class_list":{"0":"post-21627","1":"product","2":"type-product","3":"status-publish","4":"has-post-thumbnail","6":"product_cat-centres-de-table","7":"product_cat-dinosaures","9":"first","10":"instock","11":"virtual","12":"purchasable","13":"product-type-simple"},"_links":{"self":[{"href":"https:\/\/somefunstore.com\/en\/wp-json\/wp\/v2\/product\/21627","targetHints":{"allow":["GET"]}}],"collection":[{"href":"https:\/\/somefunstore.com\/en\/wp-json\/wp\/v2\/product"}],"about":[{"href":"https:\/\/somefunstore.com\/en\/wp-json\/wp\/v2\/types\/product"}],"replies":[{"embeddable":true,"href":"https:\/\/somefunstore.com\/en\/wp-json\/wp\/v2\/comments?post=21627"}],"wp:featuredmedia":[{"embeddable":true,"href":"https:\/\/somefunstore.com\/en\/wp-json\/wp\/v2\/media\/21628"}],"wp:attachment":[{"href":"https:\/\/somefunstore.com\/en\/wp-json\/wp\/v2\/media?parent=21627"}],"wp:term":[{"taxonomy":"product_brand","embeddable":true,"href":"https:\/\/somefunstore.com\/en\/wp-json\/wp\/v2\/product_brand?post=21627"},{"taxonomy":"product_cat","embeddable":true,"href":"https:\/\/somefunstore.com\/en\/wp-json\/wp\/v2\/product_cat?post=21627"},{"taxonomy":"product_tag","embeddable":true,"href":"https:\/\/somefunstore.com\/en\/wp-json\/wp\/v2\/product_tag?post=21627"}],"curies":[{"name":"wp","href":"https:\/\/api.w.org\/{rel}","templated":true}]}}