{"id":21630,"date":"2026-03-17T14:04:54","date_gmt":"2026-03-17T14:04:54","guid":{"rendered":"https:\/\/somefunstore.com\/?post_type=product&#038;p=21630"},"modified":"2026-03-17T14:04:55","modified_gmt":"2026-03-17T14:04:55","slug":"tatouages-dinosaures","status":"publish","type":"product","link":"https:\/\/somefunstore.com\/en\/shop\/themes-occasions\/anniversaires\/par-themes\/dinosaures\/tatouages-dinosaures\/","title":{"rendered":"Tatouages dinosaures"},"content":{"rendered":"","protected":false},"excerpt":{"rendered":"<p>Roar ! Ces super tatouages temporaires sont parfaits pour une f\u00eate dinosaure ou pour ajouter une touche jurassique pleine de fun ! Ils mettent en sc\u00e8ne les dinosaures les plus embl\u00e9matiques avec de superbes d\u00e9tails en dorure brillante.<\/p>\n<ul data-start=\"70\" data-end=\"260\">\n<li data-section-id=\"1ska4t1\" data-start=\"70\" data-end=\"114\">\n<p data-start=\"72\" data-end=\"114\">14 tatouages sur une feuille pr\u00e9d\u00e9coup\u00e9e<\/p>\n<\/li>\n<li data-section-id=\"w3kukx\" data-start=\"115\" data-end=\"146\">\n<p data-start=\"117\" data-end=\"146\">D\u00e9tails en dorure brillante<\/p>\n<\/li>\n<li data-section-id=\"echqg6\" data-start=\"147\" data-end=\"188\">\n<p data-start=\"149\" data-end=\"188\">Convient aux enfants de 3 ans et plus<\/p>\n<\/li>\n<li data-section-id=\"hhs0uo\" data-start=\"189\" data-end=\"212\">\n<p data-start=\"191\" data-end=\"212\">Lot de 14 tatouages<\/p>\n<\/li>\n<li data-section-id=\"gylsac\" data-start=\"213\" data-end=\"260\">\n<p data-start=\"215\" data-end=\"260\">Dimensions du pack : 11,43 x 8,89 x 0,32 cm<\/p>\n<\/li>\n<\/ul>\n<p data-start=\"262\" data-end=\"287\" data-is-last-node=\"\" data-is-only-node=\"\"><strong data-start=\"262\" data-end=\"280\">Code produit :<\/strong> 206083<\/p>","protected":false},"featured_media":21631,"comment_status":"open","ping_status":"closed","template":"","meta":[],"product_brand":[],"product_cat":[287,246,270],"product_tag":[],"class_list":{"0":"post-21630","1":"product","2":"type-product","3":"status-publish","4":"has-post-thumbnail","6":"product_cat-dinosaures","7":"product_cat-les-cadeaux-de-retour","8":"product_cat-tatouages-et-stickers","10":"first","11":"instock","12":"virtual","13":"purchasable","14":"product-type-simple"},"_links":{"self":[{"href":"https:\/\/somefunstore.com\/en\/wp-json\/wp\/v2\/product\/21630","targetHints":{"allow":["GET"]}}],"collection":[{"href":"https:\/\/somefunstore.com\/en\/wp-json\/wp\/v2\/product"}],"about":[{"href":"https:\/\/somefunstore.com\/en\/wp-json\/wp\/v2\/types\/product"}],"replies":[{"embeddable":true,"href":"https:\/\/somefunstore.com\/en\/wp-json\/wp\/v2\/comments?post=21630"}],"wp:featuredmedia":[{"embeddable":true,"href":"https:\/\/somefunstore.com\/en\/wp-json\/wp\/v2\/media\/21631"}],"wp:attachment":[{"href":"https:\/\/somefunstore.com\/en\/wp-json\/wp\/v2\/media?parent=21630"}],"wp:term":[{"taxonomy":"product_brand","embeddable":true,"href":"https:\/\/somefunstore.com\/en\/wp-json\/wp\/v2\/product_brand?post=21630"},{"taxonomy":"product_cat","embeddable":true,"href":"https:\/\/somefunstore.com\/en\/wp-json\/wp\/v2\/product_cat?post=21630"},{"taxonomy":"product_tag","embeddable":true,"href":"https:\/\/somefunstore.com\/en\/wp-json\/wp\/v2\/product_tag?post=21630"}],"curies":[{"name":"wp","href":"https:\/\/api.w.org\/{rel}","templated":true}]}}