{"id":21632,"date":"2026-03-17T14:07:56","date_gmt":"2026-03-17T14:07:56","guid":{"rendered":"https:\/\/somefunstore.com\/?post_type=product&#038;p=21632"},"modified":"2026-03-17T14:07:56","modified_gmt":"2026-03-17T14:07:56","slug":"grandes-assiettes-fees-x8","status":"publish","type":"product","link":"https:\/\/somefunstore.com\/en\/shop\/themes-occasions\/anniversaires\/par-themes\/fees\/grandes-assiettes-fees-x8\/","title":{"rendered":"Grandes assiettes f\u00e9es x8"},"content":{"rendered":"","protected":false},"excerpt":{"rendered":"<p>Ces adorables assiettes en papier sont parfaites pour une f\u00eate f\u00e9erique ou pour apporter une touche magique \u00e0 toute c\u00e9l\u00e9bration. Elles sont d\u00e9cor\u00e9es de jolies f\u00e9es, de fleurs et de champignons pour une ambiance enchant\u00e9e.<\/p>\n<ul data-start=\"70\" data-end=\"195\">\n<li data-section-id=\"1gp1yv3\" data-start=\"70\" data-end=\"138\">\n<p data-start=\"72\" data-end=\"138\">Bordure et d\u00e9tails en dorure brillante pour un effet scintillant<\/p>\n<\/li>\n<li data-section-id=\"1yw396l\" data-start=\"139\" data-end=\"161\">\n<p data-start=\"141\" data-end=\"161\">Lot de 8 assiettes<\/p>\n<\/li>\n<li data-section-id=\"jo4rhj\" data-start=\"162\" data-end=\"195\">\n<p data-start=\"164\" data-end=\"195\">Dimensions : 26,67 x 26,67 cm<\/p>\n<\/li>\n<\/ul>\n<p data-start=\"197\" data-end=\"222\" data-is-last-node=\"\" data-is-only-node=\"\"><strong data-start=\"197\" data-end=\"215\">Code produit :<\/strong> 215038<\/p>","protected":false},"featured_media":21633,"comment_status":"open","ping_status":"closed","template":"","meta":[],"product_brand":[],"product_cat":[248,289,244],"product_tag":[],"class_list":{"0":"post-21632","1":"product","2":"type-product","3":"status-publish","4":"has-post-thumbnail","6":"product_cat-assiettes","7":"product_cat-fees","8":"product_cat-la-table","10":"first","11":"instock","12":"virtual","13":"purchasable","14":"product-type-simple"},"_links":{"self":[{"href":"https:\/\/somefunstore.com\/en\/wp-json\/wp\/v2\/product\/21632","targetHints":{"allow":["GET"]}}],"collection":[{"href":"https:\/\/somefunstore.com\/en\/wp-json\/wp\/v2\/product"}],"about":[{"href":"https:\/\/somefunstore.com\/en\/wp-json\/wp\/v2\/types\/product"}],"replies":[{"embeddable":true,"href":"https:\/\/somefunstore.com\/en\/wp-json\/wp\/v2\/comments?post=21632"}],"wp:featuredmedia":[{"embeddable":true,"href":"https:\/\/somefunstore.com\/en\/wp-json\/wp\/v2\/media\/21633"}],"wp:attachment":[{"href":"https:\/\/somefunstore.com\/en\/wp-json\/wp\/v2\/media?parent=21632"}],"wp:term":[{"taxonomy":"product_brand","embeddable":true,"href":"https:\/\/somefunstore.com\/en\/wp-json\/wp\/v2\/product_brand?post=21632"},{"taxonomy":"product_cat","embeddable":true,"href":"https:\/\/somefunstore.com\/en\/wp-json\/wp\/v2\/product_cat?post=21632"},{"taxonomy":"product_tag","embeddable":true,"href":"https:\/\/somefunstore.com\/en\/wp-json\/wp\/v2\/product_tag?post=21632"}],"curies":[{"name":"wp","href":"https:\/\/api.w.org\/{rel}","templated":true}]}}