{"id":21635,"date":"2026-03-17T14:11:22","date_gmt":"2026-03-17T14:11:22","guid":{"rendered":"https:\/\/somefunstore.com\/?post_type=product&#038;p=21635"},"modified":"2026-04-09T10:19:11","modified_gmt":"2026-04-09T10:19:11","slug":"assiettes-champignon-en-porcelaine-x2","status":"publish","type":"product","link":"https:\/\/somefunstore.com\/en\/shop\/themes-occasions\/anniversaires\/par-themes\/fees\/assiettes-champignon-en-porcelaine-x2\/","title":{"rendered":"Assiettes champignon en porcelaine x2"},"content":{"rendered":"","protected":false},"excerpt":{"rendered":"<p>Ces superbes assiettes en porcelaine peuvent \u00eatre utilis\u00e9es encore et encore. Leur forme de champignon est parfaite pour une f\u00eate sur le th\u00e8me de la for\u00eat ou des f\u00e9es, ou pour toute c\u00e9l\u00e9bration o\u00f9 vous souhaitez apporter une touche naturelle et po\u00e9tique.<\/p>\n<ul data-start=\"70\" data-end=\"284\">\n<li data-section-id=\"w3kukx\" data-start=\"70\" data-end=\"101\">\n<p data-start=\"72\" data-end=\"101\">D\u00e9tails en dorure brillante<\/p>\n<\/li>\n<li data-section-id=\"1ou5sv7\" data-start=\"102\" data-end=\"131\">\n<p data-start=\"104\" data-end=\"131\">Compatible lave-vaisselle<\/p>\n<\/li>\n<li data-section-id=\"p9em36\" data-start=\"132\" data-end=\"220\">\n<p data-start=\"134\" data-end=\"220\">Pr\u00e9sent\u00e9 dans une bo\u00eete r\u00e9utilisable avec design en dorure, id\u00e9ale pour le rangement<\/p>\n<\/li>\n<li data-section-id=\"1aayg1j\" data-start=\"221\" data-end=\"243\">\n<p data-start=\"223\" data-end=\"243\">Lot de 2 assiettes<\/p>\n<\/li>\n<li data-section-id=\"1xhhitm\" data-start=\"244\" data-end=\"284\">\n<p data-start=\"246\" data-end=\"284\">Dimensions : 21,59 x 24,13 x 0,64 cm<\/p>\n<\/li>\n<\/ul>\n<p data-start=\"286\" data-end=\"311\" data-is-last-node=\"\" data-is-only-node=\"\"><strong data-start=\"286\" data-end=\"304\">Code produit :<\/strong> 225279<\/p>","protected":false},"featured_media":21636,"comment_status":"open","ping_status":"closed","template":"","meta":[],"product_brand":[],"product_cat":[248,289,244],"product_tag":[],"class_list":{"0":"post-21635","1":"product","2":"type-product","3":"status-publish","4":"has-post-thumbnail","6":"product_cat-assiettes","7":"product_cat-fees","8":"product_cat-la-table","10":"first","11":"instock","12":"virtual","13":"purchasable","14":"product-type-simple"},"_links":{"self":[{"href":"https:\/\/somefunstore.com\/en\/wp-json\/wp\/v2\/product\/21635","targetHints":{"allow":["GET"]}}],"collection":[{"href":"https:\/\/somefunstore.com\/en\/wp-json\/wp\/v2\/product"}],"about":[{"href":"https:\/\/somefunstore.com\/en\/wp-json\/wp\/v2\/types\/product"}],"replies":[{"embeddable":true,"href":"https:\/\/somefunstore.com\/en\/wp-json\/wp\/v2\/comments?post=21635"}],"wp:featuredmedia":[{"embeddable":true,"href":"https:\/\/somefunstore.com\/en\/wp-json\/wp\/v2\/media\/21636"}],"wp:attachment":[{"href":"https:\/\/somefunstore.com\/en\/wp-json\/wp\/v2\/media?parent=21635"}],"wp:term":[{"taxonomy":"product_brand","embeddable":true,"href":"https:\/\/somefunstore.com\/en\/wp-json\/wp\/v2\/product_brand?post=21635"},{"taxonomy":"product_cat","embeddable":true,"href":"https:\/\/somefunstore.com\/en\/wp-json\/wp\/v2\/product_cat?post=21635"},{"taxonomy":"product_tag","embeddable":true,"href":"https:\/\/somefunstore.com\/en\/wp-json\/wp\/v2\/product_tag?post=21635"}],"curies":[{"name":"wp","href":"https:\/\/api.w.org\/{rel}","templated":true}]}}