{"id":21641,"date":"2026-03-17T14:15:59","date_gmt":"2026-03-17T14:15:59","guid":{"rendered":"https:\/\/somefunstore.com\/?post_type=product&#038;p=21641"},"modified":"2026-03-17T14:16:00","modified_gmt":"2026-03-17T14:16:00","slug":"serviettes-fees-x16","status":"publish","type":"product","link":"https:\/\/somefunstore.com\/en\/shop\/themes-occasions\/anniversaires\/par-themes\/fees\/serviettes-fees-x16\/","title":{"rendered":"Serviettes f\u00e9es x16"},"content":{"rendered":"","protected":false},"excerpt":{"rendered":"<p>Ces magnifiques grandes serviettes, d\u00e9cor\u00e9es de f\u00e9es dansantes, de champignons, de fleurs et de papillons, sont parfaites pour une f\u00eate th\u00e8me f\u00e9e ou princesse. Avec leur bord festonn\u00e9 \u00e9l\u00e9gant et leurs nombreux d\u00e9tails en dorure brillante, elles apportent une touche magique et raffin\u00e9e \u00e0 votre table de f\u00eate !<\/p>\n<ul data-start=\"70\" data-end=\"293\">\n<li data-section-id=\"64m7k1\" data-start=\"70\" data-end=\"134\">\n<p data-start=\"72\" data-end=\"134\">Illustrations f\u00e9eriques pour une touche d\u00e9corative enchant\u00e9e<\/p>\n<\/li>\n<li data-section-id=\"184pt41\" data-start=\"135\" data-end=\"160\">\n<p data-start=\"137\" data-end=\"160\">Bord festonn\u00e9 \u00e9l\u00e9gant<\/p>\n<\/li>\n<li data-section-id=\"104ic5f\" data-start=\"161\" data-end=\"227\">\n<p data-start=\"163\" data-end=\"227\">Nombreux d\u00e9tails en dorure brillante pour un effet scintillant<\/p>\n<\/li>\n<li data-section-id=\"goxf1t\" data-start=\"228\" data-end=\"252\">\n<p data-start=\"230\" data-end=\"252\">Lot de 16 serviettes<\/p>\n<\/li>\n<li data-section-id=\"1418r1p\" data-start=\"253\" data-end=\"293\">\n<p data-start=\"255\" data-end=\"293\">Dimensions pli\u00e9es : 16,51 x 16,51 cm<\/p>\n<\/li>\n<\/ul>\n<p data-start=\"295\" data-end=\"320\" data-is-last-node=\"\" data-is-only-node=\"\"><strong data-start=\"295\" data-end=\"313\">Code produit :<\/strong> 210592<\/p>","protected":false},"featured_media":21642,"comment_status":"open","ping_status":"closed","template":"","meta":[],"product_brand":[],"product_cat":[289,256],"product_tag":[],"class_list":{"0":"post-21641","1":"product","2":"type-product","3":"status-publish","4":"has-post-thumbnail","6":"product_cat-fees","7":"product_cat-serviettes","9":"first","10":"instock","11":"virtual","12":"purchasable","13":"product-type-simple"},"_links":{"self":[{"href":"https:\/\/somefunstore.com\/en\/wp-json\/wp\/v2\/product\/21641","targetHints":{"allow":["GET"]}}],"collection":[{"href":"https:\/\/somefunstore.com\/en\/wp-json\/wp\/v2\/product"}],"about":[{"href":"https:\/\/somefunstore.com\/en\/wp-json\/wp\/v2\/types\/product"}],"replies":[{"embeddable":true,"href":"https:\/\/somefunstore.com\/en\/wp-json\/wp\/v2\/comments?post=21641"}],"wp:featuredmedia":[{"embeddable":true,"href":"https:\/\/somefunstore.com\/en\/wp-json\/wp\/v2\/media\/21642"}],"wp:attachment":[{"href":"https:\/\/somefunstore.com\/en\/wp-json\/wp\/v2\/media?parent=21641"}],"wp:term":[{"taxonomy":"product_brand","embeddable":true,"href":"https:\/\/somefunstore.com\/en\/wp-json\/wp\/v2\/product_brand?post=21641"},{"taxonomy":"product_cat","embeddable":true,"href":"https:\/\/somefunstore.com\/en\/wp-json\/wp\/v2\/product_cat?post=21641"},{"taxonomy":"product_tag","embeddable":true,"href":"https:\/\/somefunstore.com\/en\/wp-json\/wp\/v2\/product_tag?post=21641"}],"curies":[{"name":"wp","href":"https:\/\/api.w.org\/{rel}","templated":true}]}}