{"id":21644,"date":"2026-03-17T14:20:34","date_gmt":"2026-03-17T14:20:34","guid":{"rendered":"https:\/\/somefunstore.com\/?post_type=product&#038;p=21644"},"modified":"2026-03-17T14:20:34","modified_gmt":"2026-03-17T14:20:34","slug":"guirlande-fees","status":"publish","type":"product","link":"https:\/\/somefunstore.com\/en\/shop\/themes-occasions\/anniversaires\/par-themes\/fees\/guirlande-fees\/","title":{"rendered":"Guirlande f\u00e9es"},"content":{"rendered":"","protected":false},"excerpt":{"rendered":"<p>Cette magnifique guirlande apportera une touche encore plus magique \u00e0 une f\u00eate th\u00e8me f\u00e9e ou princesse. Elle met en sc\u00e8ne de jolies f\u00e9es, des fleurs, des feuilles et des champignons, avec de superbes d\u00e9tails d\u00e9coratifs pour un effet f\u00e9erique garanti.<\/p>\n<ul data-start=\"70\" data-end=\"486\">\n<li data-section-id=\"1fvh4mw\" data-start=\"70\" data-end=\"132\">\n<p data-start=\"72\" data-end=\"132\">Fleurs avec pompons ou franges en papier de soie au centre<\/p>\n<\/li>\n<li data-section-id=\"1piw5vq\" data-start=\"133\" data-end=\"194\">\n<p data-start=\"135\" data-end=\"194\">Jupes des f\u00e9es avec fils iris\u00e9s pour un effet scintillant<\/p>\n<\/li>\n<li data-section-id=\"1rfg3mm\" data-start=\"195\" data-end=\"258\">\n<p data-start=\"197\" data-end=\"258\">Champignons avec d\u00e9tails en papier alv\u00e9ol\u00e9 pour un effet 3D<\/p>\n<\/li>\n<li data-section-id=\"yojjc0\" data-start=\"259\" data-end=\"323\">\n<p data-start=\"261\" data-end=\"323\">Ruban en tissu avec motifs feuilles pour une touche \u00e9l\u00e9gante<\/p>\n<\/li>\n<li data-section-id=\"7rayg5\" data-start=\"324\" data-end=\"364\">\n<p data-start=\"326\" data-end=\"364\">Nombreux d\u00e9tails en dorure brillante<\/p>\n<\/li>\n<li data-section-id=\"b0dfou\" data-start=\"365\" data-end=\"406\">\n<p data-start=\"367\" data-end=\"406\">Assemblage simple \u00e0 r\u00e9aliser soi-m\u00eame<\/p>\n<\/li>\n<li data-section-id=\"fonjar\" data-start=\"407\" data-end=\"444\">\n<p data-start=\"409\" data-end=\"444\">Longueur de la guirlande : 1,83 m<\/p>\n<\/li>\n<li data-section-id=\"u35002\" data-start=\"445\" data-end=\"486\">\n<p data-start=\"447\" data-end=\"486\">Longueur totale avec ficelle : 3,05 m<\/p>\n<\/li>\n<\/ul>\n<p data-start=\"488\" data-end=\"513\" data-is-last-node=\"\" data-is-only-node=\"\"><strong data-start=\"488\" data-end=\"506\">Code produit :<\/strong> 210628<\/p>","protected":false},"featured_media":21645,"comment_status":"open","ping_status":"closed","template":"","meta":[],"product_brand":[],"product_cat":[289,263],"product_tag":[],"class_list":{"0":"post-21644","1":"product","2":"type-product","3":"status-publish","4":"has-post-thumbnail","6":"product_cat-fees","7":"product_cat-guirlandes-la-decoration","9":"first","10":"instock","11":"virtual","12":"purchasable","13":"product-type-simple"},"_links":{"self":[{"href":"https:\/\/somefunstore.com\/en\/wp-json\/wp\/v2\/product\/21644","targetHints":{"allow":["GET"]}}],"collection":[{"href":"https:\/\/somefunstore.com\/en\/wp-json\/wp\/v2\/product"}],"about":[{"href":"https:\/\/somefunstore.com\/en\/wp-json\/wp\/v2\/types\/product"}],"replies":[{"embeddable":true,"href":"https:\/\/somefunstore.com\/en\/wp-json\/wp\/v2\/comments?post=21644"}],"wp:featuredmedia":[{"embeddable":true,"href":"https:\/\/somefunstore.com\/en\/wp-json\/wp\/v2\/media\/21645"}],"wp:attachment":[{"href":"https:\/\/somefunstore.com\/en\/wp-json\/wp\/v2\/media?parent=21644"}],"wp:term":[{"taxonomy":"product_brand","embeddable":true,"href":"https:\/\/somefunstore.com\/en\/wp-json\/wp\/v2\/product_brand?post=21644"},{"taxonomy":"product_cat","embeddable":true,"href":"https:\/\/somefunstore.com\/en\/wp-json\/wp\/v2\/product_cat?post=21644"},{"taxonomy":"product_tag","embeddable":true,"href":"https:\/\/somefunstore.com\/en\/wp-json\/wp\/v2\/product_tag?post=21644"}],"curies":[{"name":"wp","href":"https:\/\/api.w.org\/{rel}","templated":true}]}}