{"id":21648,"date":"2026-03-17T14:22:54","date_gmt":"2026-03-17T14:22:54","guid":{"rendered":"https:\/\/somefunstore.com\/?post_type=product&#038;p=21648"},"modified":"2026-04-13T13:50:10","modified_gmt":"2026-04-13T13:50:10","slug":"sacs-cadeaux-fees-x8","status":"publish","type":"product","link":"https:\/\/somefunstore.com\/en\/shop\/themes-occasions\/anniversaires\/par-themes\/fees\/sacs-cadeaux-fees-x8\/","title":{"rendered":"Sacs cadeaux f\u00e9es x8"},"content":{"rendered":"","protected":false},"excerpt":{"rendered":"<p>Vos invit\u00e9s seront ravis de repartir avec ces magnifiques sacs cadeaux f\u00e9eriques \u2014 une fa\u00e7on parfaite de cl\u00f4turer une f\u00eate magique ! Avec leur bord festonn\u00e9 \u00e9l\u00e9gant, leurs illustrations de f\u00e9es dansantes, de fleurs et de champignons, ainsi que leurs d\u00e9tails en dorure brillante, ils apportent une touche enchant\u00e9e. Dot\u00e9s d\u2019anses en papier torsad\u00e9 et de superbes pompons en raphia, ils sont aussi pratiques que d\u00e9coratifs.<\/p>\n<ul data-start=\"70\" data-end=\"410\">\n<li data-section-id=\"1pb7tlq\" data-start=\"70\" data-end=\"121\">\n<p data-start=\"72\" data-end=\"121\">Bord festonn\u00e9 pour un effet \u00e9l\u00e9gant et original<\/p>\n<\/li>\n<li data-section-id=\"1ucvdep\" data-start=\"122\" data-end=\"180\">\n<p data-start=\"124\" data-end=\"180\">Illustrations de f\u00e9es dansantes, fleurs et champignons<\/p>\n<\/li>\n<li data-section-id=\"3dxeo0\" data-start=\"181\" data-end=\"245\">\n<p data-start=\"183\" data-end=\"245\">Nombreux d\u00e9tails en dorure brillante pour une touche magique<\/p>\n<\/li>\n<li data-section-id=\"y0vzw\" data-start=\"246\" data-end=\"295\">\n<p data-start=\"248\" data-end=\"295\">Anses en papier torsad\u00e9, pratiques et styl\u00e9es<\/p>\n<\/li>\n<li data-section-id=\"1lzr4vt\" data-start=\"296\" data-end=\"352\">\n<p data-start=\"298\" data-end=\"352\">Pompons color\u00e9s en raphia pour une finition parfaite<\/p>\n<\/li>\n<li data-section-id=\"i327ok\" data-start=\"353\" data-end=\"370\">\n<p data-start=\"355\" data-end=\"370\">Lot de 8 sacs<\/p>\n<\/li>\n<li data-section-id=\"lc6xx2\" data-start=\"371\" data-end=\"410\">\n<p data-start=\"373\" data-end=\"410\">Dimensions : 12,7 x 15,24 x 7,62 cm<\/p>\n<\/li>\n<\/ul>\n<p data-start=\"412\" data-end=\"437\" data-is-last-node=\"\" data-is-only-node=\"\"><strong data-start=\"412\" data-end=\"430\">Code produit :<\/strong> 210619<\/p>","protected":false},"featured_media":21649,"comment_status":"open","ping_status":"closed","template":"","meta":[],"product_brand":[],"product_cat":[289,246,265],"product_tag":[],"class_list":{"0":"post-21648","1":"product","2":"type-product","3":"status-publish","4":"has-post-thumbnail","6":"product_cat-fees","7":"product_cat-les-cadeaux-de-retour","8":"product_cat-sacs-cadeaux","10":"first","11":"instock","12":"virtual","13":"purchasable","14":"product-type-simple"},"_links":{"self":[{"href":"https:\/\/somefunstore.com\/en\/wp-json\/wp\/v2\/product\/21648","targetHints":{"allow":["GET"]}}],"collection":[{"href":"https:\/\/somefunstore.com\/en\/wp-json\/wp\/v2\/product"}],"about":[{"href":"https:\/\/somefunstore.com\/en\/wp-json\/wp\/v2\/types\/product"}],"replies":[{"embeddable":true,"href":"https:\/\/somefunstore.com\/en\/wp-json\/wp\/v2\/comments?post=21648"}],"wp:featuredmedia":[{"embeddable":true,"href":"https:\/\/somefunstore.com\/en\/wp-json\/wp\/v2\/media\/21649"}],"wp:attachment":[{"href":"https:\/\/somefunstore.com\/en\/wp-json\/wp\/v2\/media?parent=21648"}],"wp:term":[{"taxonomy":"product_brand","embeddable":true,"href":"https:\/\/somefunstore.com\/en\/wp-json\/wp\/v2\/product_brand?post=21648"},{"taxonomy":"product_cat","embeddable":true,"href":"https:\/\/somefunstore.com\/en\/wp-json\/wp\/v2\/product_cat?post=21648"},{"taxonomy":"product_tag","embeddable":true,"href":"https:\/\/somefunstore.com\/en\/wp-json\/wp\/v2\/product_tag?post=21648"}],"curies":[{"name":"wp","href":"https:\/\/api.w.org\/{rel}","templated":true}]}}