{"id":21655,"date":"2026-03-17T14:29:21","date_gmt":"2026-03-17T14:29:21","guid":{"rendered":"https:\/\/somefunstore.com\/?post_type=product&#038;p=21655"},"modified":"2026-03-26T12:22:32","modified_gmt":"2026-03-26T12:22:32","slug":"cupcake-kit-fees-x24-toppers","status":"publish","type":"product","link":"https:\/\/somefunstore.com\/en\/shop\/themes-occasions\/anniversaires\/par-themes\/fees\/cupcake-kit-fees-x24-toppers\/","title":{"rendered":"Cupcake kit f\u00e9es (x24 toppers)"},"content":{"rendered":"","protected":false},"excerpt":{"rendered":"<p>Les cupcakes sont un incontournable pour ravir vos invit\u00e9s lors d\u2019une f\u00eate. Rendez-les encore plus irr\u00e9sistibles avec ce superbe kit cupcakes f\u00e9erique ! Il comprend de magnifiques toppers illustr\u00e9s avec de nombreux d\u00e9tails en dorure brillante, ainsi que des caissettes assorties pour une pr\u00e9sentation parfaite.<\/p>\n<ul data-start=\"70\" data-end=\"317\">\n<li data-section-id=\"1sgq5ac\" data-start=\"70\" data-end=\"120\">\n<p data-start=\"72\" data-end=\"120\">24 toppers r\u00e9partis en 6 designs (4 de chaque)<\/p>\n<\/li>\n<li data-section-id=\"8qlhq5\" data-start=\"121\" data-end=\"172\">\n<p data-start=\"123\" data-end=\"172\">24 caissettes \u00e0 cupcakes avec joli motif floral<\/p>\n<\/li>\n<li data-section-id=\"bxhrnu\" data-start=\"173\" data-end=\"229\">\n<p data-start=\"175\" data-end=\"229\">Pr\u00e9sent\u00e9 dans une superbe bo\u00eete, id\u00e9ale comme cadeau<\/p>\n<\/li>\n<li data-section-id=\"10rf8z5\" data-start=\"230\" data-end=\"263\">\n<p data-start=\"232\" data-end=\"263\">Lot de 24 toppers (6 designs)<\/p>\n<\/li>\n<li data-section-id=\"ol4fpf\" data-start=\"264\" data-end=\"317\">\n<p data-start=\"266\" data-end=\"317\">Dimensions des caissettes : 6,35 x 3,18 x 6,35 cm<\/p>\n<\/li>\n<\/ul>\n<p data-start=\"319\" data-end=\"344\" data-is-last-node=\"\" data-is-only-node=\"\"><strong data-start=\"319\" data-end=\"337\">Code produit :<\/strong> 215164<\/p>","protected":false},"featured_media":21656,"comment_status":"open","ping_status":"closed","template":"","meta":[],"product_brand":[],"product_cat":[326,289,267],"product_tag":[],"class_list":{"0":"post-21655","1":"product","2":"type-product","3":"status-publish","4":"has-post-thumbnail","6":"product_cat-cupcake-kit","7":"product_cat-fees","8":"product_cat-toppers","10":"first","11":"instock","12":"virtual","13":"purchasable","14":"product-type-simple"},"_links":{"self":[{"href":"https:\/\/somefunstore.com\/en\/wp-json\/wp\/v2\/product\/21655","targetHints":{"allow":["GET"]}}],"collection":[{"href":"https:\/\/somefunstore.com\/en\/wp-json\/wp\/v2\/product"}],"about":[{"href":"https:\/\/somefunstore.com\/en\/wp-json\/wp\/v2\/types\/product"}],"replies":[{"embeddable":true,"href":"https:\/\/somefunstore.com\/en\/wp-json\/wp\/v2\/comments?post=21655"}],"wp:featuredmedia":[{"embeddable":true,"href":"https:\/\/somefunstore.com\/en\/wp-json\/wp\/v2\/media\/21656"}],"wp:attachment":[{"href":"https:\/\/somefunstore.com\/en\/wp-json\/wp\/v2\/media?parent=21655"}],"wp:term":[{"taxonomy":"product_brand","embeddable":true,"href":"https:\/\/somefunstore.com\/en\/wp-json\/wp\/v2\/product_brand?post=21655"},{"taxonomy":"product_cat","embeddable":true,"href":"https:\/\/somefunstore.com\/en\/wp-json\/wp\/v2\/product_cat?post=21655"},{"taxonomy":"product_tag","embeddable":true,"href":"https:\/\/somefunstore.com\/en\/wp-json\/wp\/v2\/product_tag?post=21655"}],"curies":[{"name":"wp","href":"https:\/\/api.w.org\/{rel}","templated":true}]}}