{"id":21662,"date":"2026-03-17T14:38:02","date_gmt":"2026-03-17T14:38:02","guid":{"rendered":"https:\/\/somefunstore.com\/?post_type=product&#038;p=21662"},"modified":"2026-03-17T14:38:02","modified_gmt":"2026-03-17T14:38:02","slug":"assiettes-en-forme-de-licorne-x8","status":"publish","type":"product","link":"https:\/\/somefunstore.com\/en\/shop\/themes-occasions\/anniversaires\/par-themes\/licornes\/assiettes-en-forme-de-licorne-x8\/","title":{"rendered":"Assiettes en forme de licorne x8"},"content":{"rendered":"","protected":false},"excerpt":{"rendered":"<p>L\u2019association des licornes et des fleurs des champs cr\u00e9e une v\u00e9ritable magie de f\u00eate ! Ces jolies assiettes en papier apporteront instantan\u00e9ment une touche d\u00e9corative \u00e0 un anniversaire licorne ou une f\u00eate princesse. Id\u00e9ales pour superposer sur la table, elles m\u00ealent des tons pastel classiques \u00e0 des touches modernes de dorure brillante et de n\u00e9on.<\/p>\n<ul data-start=\"70\" data-end=\"254\">\n<li data-section-id=\"ugcsti\" data-start=\"70\" data-end=\"123\">\n<p data-start=\"72\" data-end=\"123\">Papier 450 g\/m\u00b2, \u00e0 la fois r\u00e9sistant et d\u00e9coratif<\/p>\n<\/li>\n<li data-section-id=\"w3kukx\" data-start=\"124\" data-end=\"155\">\n<p data-start=\"126\" data-end=\"155\">D\u00e9tails en dorure brillante<\/p>\n<\/li>\n<li data-section-id=\"fx6m6x\" data-start=\"156\" data-end=\"192\">\n<p data-start=\"158\" data-end=\"192\">Verso rose pour un effet \u00e9l\u00e9gant<\/p>\n<\/li>\n<li data-section-id=\"1yw396l\" data-start=\"193\" data-end=\"215\">\n<p data-start=\"195\" data-end=\"215\">Lot de 8 assiettes<\/p>\n<\/li>\n<li data-section-id=\"19rzz1i\" data-start=\"216\" data-end=\"254\">\n<p data-start=\"218\" data-end=\"254\">Dimensions : 23,5 x 25,4 x 0,64 cm<\/p>\n<\/li>\n<\/ul>\n<p data-start=\"256\" data-end=\"281\" data-is-last-node=\"\" data-is-only-node=\"\"><strong data-start=\"256\" data-end=\"274\">Code produit :<\/strong> 286278<\/p>","protected":false},"featured_media":21663,"comment_status":"open","ping_status":"closed","template":"","meta":[],"product_brand":[],"product_cat":[248,244,292],"product_tag":[],"class_list":{"0":"post-21662","1":"product","2":"type-product","3":"status-publish","4":"has-post-thumbnail","6":"product_cat-assiettes","7":"product_cat-la-table","8":"product_cat-licornes","10":"first","11":"instock","12":"virtual","13":"purchasable","14":"product-type-simple"},"_links":{"self":[{"href":"https:\/\/somefunstore.com\/en\/wp-json\/wp\/v2\/product\/21662","targetHints":{"allow":["GET"]}}],"collection":[{"href":"https:\/\/somefunstore.com\/en\/wp-json\/wp\/v2\/product"}],"about":[{"href":"https:\/\/somefunstore.com\/en\/wp-json\/wp\/v2\/types\/product"}],"replies":[{"embeddable":true,"href":"https:\/\/somefunstore.com\/en\/wp-json\/wp\/v2\/comments?post=21662"}],"wp:featuredmedia":[{"embeddable":true,"href":"https:\/\/somefunstore.com\/en\/wp-json\/wp\/v2\/media\/21663"}],"wp:attachment":[{"href":"https:\/\/somefunstore.com\/en\/wp-json\/wp\/v2\/media?parent=21662"}],"wp:term":[{"taxonomy":"product_brand","embeddable":true,"href":"https:\/\/somefunstore.com\/en\/wp-json\/wp\/v2\/product_brand?post=21662"},{"taxonomy":"product_cat","embeddable":true,"href":"https:\/\/somefunstore.com\/en\/wp-json\/wp\/v2\/product_cat?post=21662"},{"taxonomy":"product_tag","embeddable":true,"href":"https:\/\/somefunstore.com\/en\/wp-json\/wp\/v2\/product_tag?post=21662"}],"curies":[{"name":"wp","href":"https:\/\/api.w.org\/{rel}","templated":true}]}}