{"id":21666,"date":"2026-03-17T14:40:39","date_gmt":"2026-03-17T14:40:39","guid":{"rendered":"https:\/\/somefunstore.com\/?post_type=product&#038;p=21666"},"modified":"2026-03-17T14:40:39","modified_gmt":"2026-03-17T14:40:39","slug":"grandes-assiettes-licorne-x8","status":"publish","type":"product","link":"https:\/\/somefunstore.com\/en\/shop\/themes-occasions\/anniversaires\/par-themes\/licornes\/grandes-assiettes-licorne-x8\/","title":{"rendered":"Grandes assiettes licorne x8"},"content":{"rendered":"","protected":false},"excerpt":{"rendered":"<p>L\u2019association des licornes et des fleurs des champs cr\u00e9e une v\u00e9ritable magie de f\u00eate ! Avec leur \u00e9l\u00e9gante bordure festonn\u00e9e, ces assiettes en papier apporteront instantan\u00e9ment une touche f\u00e9erique \u00e0 un anniversaire licorne ou une f\u00eate princesse. Parfaites \u00e0 associer avec de la vaisselle et des d\u00e9corations pastel pour une ambiance enchant\u00e9e.<\/p>\n<ul data-start=\"70\" data-end=\"295\">\n<li data-section-id=\"ugcsti\" data-start=\"70\" data-end=\"123\">\n<p data-start=\"72\" data-end=\"123\">Papier 450 g\/m\u00b2, \u00e0 la fois r\u00e9sistant et d\u00e9coratif<\/p>\n<\/li>\n<li data-section-id=\"1upm7qy\" data-start=\"124\" data-end=\"146\">\n<p data-start=\"126\" data-end=\"146\">Bord festonn\u00e9 rose<\/p>\n<\/li>\n<li data-section-id=\"h9p8hh\" data-start=\"147\" data-end=\"194\">\n<p data-start=\"149\" data-end=\"194\">D\u00e9tails en dorure brillante et touches n\u00e9on<\/p>\n<\/li>\n<li data-section-id=\"fx6m6x\" data-start=\"195\" data-end=\"231\">\n<p data-start=\"197\" data-end=\"231\">Verso rose pour un effet \u00e9l\u00e9gant<\/p>\n<\/li>\n<li data-section-id=\"1yw396l\" data-start=\"232\" data-end=\"254\">\n<p data-start=\"234\" data-end=\"254\">Lot de 8 assiettes<\/p>\n<\/li>\n<li data-section-id=\"1k9wz8h\" data-start=\"255\" data-end=\"295\">\n<p data-start=\"257\" data-end=\"295\">Dimensions : 26,67 x 26,67 x 0,64 cm<\/p>\n<\/li>\n<\/ul>\n<p data-start=\"297\" data-end=\"322\" data-is-last-node=\"\" data-is-only-node=\"\"><strong data-start=\"297\" data-end=\"315\">Code produit :<\/strong> 286287<\/p>","protected":false},"featured_media":21667,"comment_status":"open","ping_status":"closed","template":"","meta":[],"product_brand":[],"product_cat":[248,292],"product_tag":[],"class_list":{"0":"post-21666","1":"product","2":"type-product","3":"status-publish","4":"has-post-thumbnail","6":"product_cat-assiettes","7":"product_cat-licornes","9":"first","10":"instock","11":"virtual","12":"purchasable","13":"product-type-simple"},"_links":{"self":[{"href":"https:\/\/somefunstore.com\/en\/wp-json\/wp\/v2\/product\/21666","targetHints":{"allow":["GET"]}}],"collection":[{"href":"https:\/\/somefunstore.com\/en\/wp-json\/wp\/v2\/product"}],"about":[{"href":"https:\/\/somefunstore.com\/en\/wp-json\/wp\/v2\/types\/product"}],"replies":[{"embeddable":true,"href":"https:\/\/somefunstore.com\/en\/wp-json\/wp\/v2\/comments?post=21666"}],"wp:featuredmedia":[{"embeddable":true,"href":"https:\/\/somefunstore.com\/en\/wp-json\/wp\/v2\/media\/21667"}],"wp:attachment":[{"href":"https:\/\/somefunstore.com\/en\/wp-json\/wp\/v2\/media?parent=21666"}],"wp:term":[{"taxonomy":"product_brand","embeddable":true,"href":"https:\/\/somefunstore.com\/en\/wp-json\/wp\/v2\/product_brand?post=21666"},{"taxonomy":"product_cat","embeddable":true,"href":"https:\/\/somefunstore.com\/en\/wp-json\/wp\/v2\/product_cat?post=21666"},{"taxonomy":"product_tag","embeddable":true,"href":"https:\/\/somefunstore.com\/en\/wp-json\/wp\/v2\/product_tag?post=21666"}],"curies":[{"name":"wp","href":"https:\/\/api.w.org\/{rel}","templated":true}]}}