{"id":21672,"date":"2026-03-17T14:46:02","date_gmt":"2026-03-17T14:46:02","guid":{"rendered":"https:\/\/somefunstore.com\/?post_type=product&#038;p=21672"},"modified":"2026-03-17T14:46:02","modified_gmt":"2026-03-17T14:46:02","slug":"assiettes-papillon-x8","status":"publish","type":"product","link":"https:\/\/somefunstore.com\/en\/shop\/themes-occasions\/anniversaires\/par-themes\/papillons\/assiettes-papillon-x8\/","title":{"rendered":"Assiettes papillon x8"},"content":{"rendered":"","protected":false},"excerpt":{"rendered":"<p>Ces magnifiques assiettes en papier sont tout simplement sublimes ! Parfaites pour une f\u00eate princesse f\u00e9erique, une tea party ou un anniversaire. \u00c9l\u00e9gamment illustr\u00e9es et finement travaill\u00e9es, elles sont sublim\u00e9es par de superbes d\u00e9tails en dorure brillante et de d\u00e9licates antennes en raphia corail.<\/p>\n<ul data-start=\"70\" data-end=\"270\">\n<li data-section-id=\"x2aqtq\" data-start=\"70\" data-end=\"125\">\n<p data-start=\"72\" data-end=\"125\">D\u00e9coupe sp\u00e9ciale (die-cut) pour une forme originale<\/p>\n<\/li>\n<li data-section-id=\"1puw7o2\" data-start=\"126\" data-end=\"155\">\n<p data-start=\"128\" data-end=\"155\">Antennes en raphia corail<\/p>\n<\/li>\n<li data-section-id=\"llpwh9\" data-start=\"156\" data-end=\"206\">\n<p data-start=\"158\" data-end=\"206\">Impression n\u00e9on et d\u00e9tails en dorure brillante<\/p>\n<\/li>\n<li data-section-id=\"1yw396l\" data-start=\"207\" data-end=\"229\">\n<p data-start=\"209\" data-end=\"229\">Lot de 8 assiettes<\/p>\n<\/li>\n<li data-section-id=\"6mp29u\" data-start=\"230\" data-end=\"270\">\n<p data-start=\"232\" data-end=\"270\">Dimensions : 26,04 x 20,32 x 0,64 cm<\/p>\n<\/li>\n<\/ul>\n<p data-start=\"272\" data-end=\"297\" data-is-last-node=\"\" data-is-only-node=\"\"><strong data-start=\"272\" data-end=\"290\">Code produit :<\/strong> 206029<\/p>","protected":false},"featured_media":21673,"comment_status":"open","ping_status":"closed","template":"","meta":[],"product_brand":[],"product_cat":[248,293],"product_tag":[],"class_list":{"0":"post-21672","1":"product","2":"type-product","3":"status-publish","4":"has-post-thumbnail","6":"product_cat-assiettes","7":"product_cat-papillons","9":"first","10":"instock","11":"virtual","12":"purchasable","13":"product-type-simple"},"_links":{"self":[{"href":"https:\/\/somefunstore.com\/en\/wp-json\/wp\/v2\/product\/21672","targetHints":{"allow":["GET"]}}],"collection":[{"href":"https:\/\/somefunstore.com\/en\/wp-json\/wp\/v2\/product"}],"about":[{"href":"https:\/\/somefunstore.com\/en\/wp-json\/wp\/v2\/types\/product"}],"replies":[{"embeddable":true,"href":"https:\/\/somefunstore.com\/en\/wp-json\/wp\/v2\/comments?post=21672"}],"wp:featuredmedia":[{"embeddable":true,"href":"https:\/\/somefunstore.com\/en\/wp-json\/wp\/v2\/media\/21673"}],"wp:attachment":[{"href":"https:\/\/somefunstore.com\/en\/wp-json\/wp\/v2\/media?parent=21672"}],"wp:term":[{"taxonomy":"product_brand","embeddable":true,"href":"https:\/\/somefunstore.com\/en\/wp-json\/wp\/v2\/product_brand?post=21672"},{"taxonomy":"product_cat","embeddable":true,"href":"https:\/\/somefunstore.com\/en\/wp-json\/wp\/v2\/product_cat?post=21672"},{"taxonomy":"product_tag","embeddable":true,"href":"https:\/\/somefunstore.com\/en\/wp-json\/wp\/v2\/product_tag?post=21672"}],"curies":[{"name":"wp","href":"https:\/\/api.w.org\/{rel}","templated":true}]}}