{"id":21674,"date":"2026-03-17T14:50:06","date_gmt":"2026-03-17T14:50:06","guid":{"rendered":"https:\/\/somefunstore.com\/?post_type=product&#038;p=21674"},"modified":"2026-03-17T14:50:06","modified_gmt":"2026-03-17T14:50:06","slug":"assiettes-carrosse-de-princesse-x8","status":"publish","type":"product","link":"https:\/\/somefunstore.com\/en\/shop\/themes-occasions\/anniversaires\/par-themes\/princesse\/assiettes-carrosse-de-princesse-x8\/","title":{"rendered":"Assiettes carrosse de princesse x8"},"content":{"rendered":"","protected":false},"excerpt":{"rendered":"<p>Votre carrosse vous attend, pr\u00eat \u00e0 \u00eatre rempli de d\u00e9licieuses douceurs dignes de la royaut\u00e9 ! Ces magnifiques assiettes en papier apporteront une touche d\u2019\u00e9l\u00e9gance et de raffinement \u00e0 votre f\u00eate princesse.<\/p>\n<ul data-start=\"70\" data-end=\"256\">\n<li data-section-id=\"w3kukx\" data-start=\"70\" data-end=\"101\">\n<p data-start=\"72\" data-end=\"101\">D\u00e9tails en dorure brillante<\/p>\n<\/li>\n<li data-section-id=\"1e4bzvn\" data-start=\"102\" data-end=\"155\">\n<p data-start=\"104\" data-end=\"155\">Papier 400 g\/m\u00b2, \u00e0 la fois r\u00e9sistant et d\u00e9coratif<\/p>\n<\/li>\n<li data-section-id=\"fx6m6x\" data-start=\"156\" data-end=\"192\">\n<p data-start=\"158\" data-end=\"192\">Verso rose pour un effet \u00e9l\u00e9gant<\/p>\n<\/li>\n<li data-section-id=\"1yw396l\" data-start=\"193\" data-end=\"215\">\n<p data-start=\"195\" data-end=\"215\">Lot de 8 assiettes<\/p>\n<\/li>\n<li data-section-id=\"c372mj\" data-start=\"216\" data-end=\"256\">\n<p data-start=\"218\" data-end=\"256\">Dimensions : 27,31 x 19,05 x 0,64 cm<\/p>\n<\/li>\n<\/ul>\n<p data-start=\"258\" data-end=\"283\" data-is-last-node=\"\" data-is-only-node=\"\"><strong data-start=\"258\" data-end=\"276\">Code produit :<\/strong> 275810<\/p>","protected":false},"featured_media":21675,"comment_status":"open","ping_status":"closed","template":"","meta":[],"product_brand":[],"product_cat":[248,244,294],"product_tag":[],"class_list":{"0":"post-21674","1":"product","2":"type-product","3":"status-publish","4":"has-post-thumbnail","6":"product_cat-assiettes","7":"product_cat-la-table","8":"product_cat-princesse","10":"first","11":"instock","12":"virtual","13":"purchasable","14":"product-type-simple"},"_links":{"self":[{"href":"https:\/\/somefunstore.com\/en\/wp-json\/wp\/v2\/product\/21674","targetHints":{"allow":["GET"]}}],"collection":[{"href":"https:\/\/somefunstore.com\/en\/wp-json\/wp\/v2\/product"}],"about":[{"href":"https:\/\/somefunstore.com\/en\/wp-json\/wp\/v2\/types\/product"}],"replies":[{"embeddable":true,"href":"https:\/\/somefunstore.com\/en\/wp-json\/wp\/v2\/comments?post=21674"}],"wp:featuredmedia":[{"embeddable":true,"href":"https:\/\/somefunstore.com\/en\/wp-json\/wp\/v2\/media\/21675"}],"wp:attachment":[{"href":"https:\/\/somefunstore.com\/en\/wp-json\/wp\/v2\/media?parent=21674"}],"wp:term":[{"taxonomy":"product_brand","embeddable":true,"href":"https:\/\/somefunstore.com\/en\/wp-json\/wp\/v2\/product_brand?post=21674"},{"taxonomy":"product_cat","embeddable":true,"href":"https:\/\/somefunstore.com\/en\/wp-json\/wp\/v2\/product_cat?post=21674"},{"taxonomy":"product_tag","embeddable":true,"href":"https:\/\/somefunstore.com\/en\/wp-json\/wp\/v2\/product_tag?post=21674"}],"curies":[{"name":"wp","href":"https:\/\/api.w.org\/{rel}","templated":true}]}}