{"id":21676,"date":"2026-03-17T14:52:16","date_gmt":"2026-03-17T14:52:16","guid":{"rendered":"https:\/\/somefunstore.com\/?post_type=product&#038;p=21676"},"modified":"2026-03-17T14:52:17","modified_gmt":"2026-03-17T14:52:17","slug":"grandes-assiettes-princesse-x8","status":"publish","type":"product","link":"https:\/\/somefunstore.com\/en\/shop\/themes-occasions\/anniversaires\/par-themes\/princesse\/grandes-assiettes-princesse-x8\/","title":{"rendered":"Grandes assiettes princesse x8"},"content":{"rendered":"","protected":false},"excerpt":{"rendered":"<p>Les petites princesses et princes seront ravis de manger dans ces magnifiques assiettes en papier joliment illustr\u00e9es. Elles mettent en sc\u00e8ne de charmantes princesses, une licorne, un cygne et un ch\u00e2teau, avec une d\u00e9licate bordure arrondie. Parfaites pour apporter une touche royale \u00e0 votre f\u00eate.<\/p>\n<ul data-start=\"70\" data-end=\"196\">\n<li data-section-id=\"1kydroj\" data-start=\"70\" data-end=\"132\">\n<p data-start=\"72\" data-end=\"132\">Superbes d\u00e9tails en dorure brillante pour un effet \u00e9l\u00e9gant<\/p>\n<\/li>\n<li data-section-id=\"1yw396l\" data-start=\"133\" data-end=\"155\">\n<p data-start=\"135\" data-end=\"155\">Lot de 8 assiettes<\/p>\n<\/li>\n<li data-section-id=\"639pep\" data-start=\"156\" data-end=\"196\">\n<p data-start=\"158\" data-end=\"196\">Dimensions : 22,86 x 22,86 x 0,64 cm<\/p>\n<\/li>\n<\/ul>\n<p data-start=\"198\" data-end=\"223\" data-is-last-node=\"\" data-is-only-node=\"\"><strong data-start=\"198\" data-end=\"216\">Code produit :<\/strong> 215173<\/p>","protected":false},"featured_media":21677,"comment_status":"open","ping_status":"closed","template":"","meta":[],"product_brand":[],"product_cat":[248,294],"product_tag":[],"class_list":{"0":"post-21676","1":"product","2":"type-product","3":"status-publish","4":"has-post-thumbnail","6":"product_cat-assiettes","7":"product_cat-princesse","9":"first","10":"instock","11":"virtual","12":"purchasable","13":"product-type-simple"},"_links":{"self":[{"href":"https:\/\/somefunstore.com\/en\/wp-json\/wp\/v2\/product\/21676","targetHints":{"allow":["GET"]}}],"collection":[{"href":"https:\/\/somefunstore.com\/en\/wp-json\/wp\/v2\/product"}],"about":[{"href":"https:\/\/somefunstore.com\/en\/wp-json\/wp\/v2\/types\/product"}],"replies":[{"embeddable":true,"href":"https:\/\/somefunstore.com\/en\/wp-json\/wp\/v2\/comments?post=21676"}],"wp:featuredmedia":[{"embeddable":true,"href":"https:\/\/somefunstore.com\/en\/wp-json\/wp\/v2\/media\/21677"}],"wp:attachment":[{"href":"https:\/\/somefunstore.com\/en\/wp-json\/wp\/v2\/media?parent=21676"}],"wp:term":[{"taxonomy":"product_brand","embeddable":true,"href":"https:\/\/somefunstore.com\/en\/wp-json\/wp\/v2\/product_brand?post=21676"},{"taxonomy":"product_cat","embeddable":true,"href":"https:\/\/somefunstore.com\/en\/wp-json\/wp\/v2\/product_cat?post=21676"},{"taxonomy":"product_tag","embeddable":true,"href":"https:\/\/somefunstore.com\/en\/wp-json\/wp\/v2\/product_tag?post=21676"}],"curies":[{"name":"wp","href":"https:\/\/api.w.org\/{rel}","templated":true}]}}