{"id":21681,"date":"2026-03-17T14:58:14","date_gmt":"2026-03-17T14:58:14","guid":{"rendered":"https:\/\/somefunstore.com\/?post_type=product&#038;p=21681"},"modified":"2026-04-13T13:51:06","modified_gmt":"2026-04-13T13:51:06","slug":"sacs-cadeaux-princesse-x8","status":"publish","type":"product","link":"https:\/\/somefunstore.com\/en\/shop\/themes-occasions\/anniversaires\/par-themes\/princesse\/sacs-cadeaux-princesse-x8\/","title":{"rendered":"Sacs cadeaux princesse x8"},"content":{"rendered":"","protected":false},"excerpt":{"rendered":"<p>Les petites princesses et princes seront peut-\u00eatre tristes que la f\u00eate se termine, mais ravis de repartir avec l\u2019un de ces magnifiques sacs remplis de surprises ! D\u00e9cor\u00e9s de licornes, de ch\u00e2teaux et de cygnes, avec un joli pompon, un bord festonn\u00e9 et une anse dor\u00e9e, ils apportent une touche finale magique \u00e0 votre f\u00eate.<\/p>\n<ul data-start=\"70\" data-end=\"336\">\n<li data-section-id=\"1vo0bfb\" data-start=\"70\" data-end=\"127\">\n<p data-start=\"72\" data-end=\"127\">Anses en papier torsad\u00e9 avec finition dor\u00e9e brillante<\/p>\n<\/li>\n<li data-section-id=\"1btao17\" data-start=\"128\" data-end=\"224\">\n<p data-start=\"130\" data-end=\"224\">Pompon compos\u00e9 de fil corail, de fil m\u00e9tallique dor\u00e9 et de rubans bleu, blanc, p\u00eache et rose<\/p>\n<\/li>\n<li data-section-id=\"92q2mu\" data-start=\"225\" data-end=\"278\">\n<p data-start=\"227\" data-end=\"278\">D\u00e9tails en dorure brillante pour un effet \u00e9l\u00e9gant<\/p>\n<\/li>\n<li data-section-id=\"i327ok\" data-start=\"279\" data-end=\"296\">\n<p data-start=\"281\" data-end=\"296\">Lot de 8 sacs<\/p>\n<\/li>\n<li data-section-id=\"lc6xx2\" data-start=\"297\" data-end=\"336\">\n<p data-start=\"299\" data-end=\"336\">Dimensions : 12,7 x 15,24 x 7,62 cm<\/p>\n<\/li>\n<\/ul>\n<p data-start=\"338\" data-end=\"363\" data-is-last-node=\"\" data-is-only-node=\"\"><strong data-start=\"338\" data-end=\"356\">Code produit :<\/strong> 215209<\/p>","protected":false},"featured_media":21682,"comment_status":"open","ping_status":"closed","template":"","meta":[],"product_brand":[],"product_cat":[246,294,265],"product_tag":[],"class_list":{"0":"post-21681","1":"product","2":"type-product","3":"status-publish","4":"has-post-thumbnail","6":"product_cat-les-cadeaux-de-retour","7":"product_cat-princesse","8":"product_cat-sacs-cadeaux","10":"first","11":"instock","12":"virtual","13":"purchasable","14":"product-type-simple"},"_links":{"self":[{"href":"https:\/\/somefunstore.com\/en\/wp-json\/wp\/v2\/product\/21681","targetHints":{"allow":["GET"]}}],"collection":[{"href":"https:\/\/somefunstore.com\/en\/wp-json\/wp\/v2\/product"}],"about":[{"href":"https:\/\/somefunstore.com\/en\/wp-json\/wp\/v2\/types\/product"}],"replies":[{"embeddable":true,"href":"https:\/\/somefunstore.com\/en\/wp-json\/wp\/v2\/comments?post=21681"}],"wp:featuredmedia":[{"embeddable":true,"href":"https:\/\/somefunstore.com\/en\/wp-json\/wp\/v2\/media\/21682"}],"wp:attachment":[{"href":"https:\/\/somefunstore.com\/en\/wp-json\/wp\/v2\/media?parent=21681"}],"wp:term":[{"taxonomy":"product_brand","embeddable":true,"href":"https:\/\/somefunstore.com\/en\/wp-json\/wp\/v2\/product_brand?post=21681"},{"taxonomy":"product_cat","embeddable":true,"href":"https:\/\/somefunstore.com\/en\/wp-json\/wp\/v2\/product_cat?post=21681"},{"taxonomy":"product_tag","embeddable":true,"href":"https:\/\/somefunstore.com\/en\/wp-json\/wp\/v2\/product_tag?post=21681"}],"curies":[{"name":"wp","href":"https:\/\/api.w.org\/{rel}","templated":true}]}}