{"id":21692,"date":"2026-03-17T15:06:16","date_gmt":"2026-03-17T15:06:16","guid":{"rendered":"https:\/\/somefunstore.com\/?post_type=product&#038;p=21692"},"modified":"2026-03-17T15:06:16","modified_gmt":"2026-03-17T15:06:16","slug":"bougies-princesse-x5","status":"publish","type":"product","link":"https:\/\/somefunstore.com\/en\/shop\/themes-occasions\/anniversaires\/par-themes\/princesse\/bougies-princesse-x5\/","title":{"rendered":"Bougies princesse x5"},"content":{"rendered":"","protected":false},"excerpt":{"rendered":"<p>Sublimez vos cupcakes ou vos g\u00e2teaux de f\u00eate avec ces bougies magiques ! Le set comprend 2 princesses, un magnifique papillon, un ch\u00e2teau et un superbe arc-en-ciel, tous r\u00e9alis\u00e9s avec de d\u00e9licats d\u00e9tails. Parfaites pour une f\u00eate princesse.<\/p>\n<ul data-start=\"70\" data-end=\"229\">\n<li data-section-id=\"hy58u0\" data-start=\"70\" data-end=\"143\">\n<p data-start=\"72\" data-end=\"143\">Bougies mont\u00e9es sur des pics en plastique pour une utilisation facile<\/p>\n<\/li>\n<li data-section-id=\"1plfwo4\" data-start=\"144\" data-end=\"187\">\n<p data-start=\"146\" data-end=\"187\">Lot de 5 bougies (5 designs diff\u00e9rents)<\/p>\n<\/li>\n<li data-section-id=\"bmnlf3\" data-start=\"188\" data-end=\"229\">\n<p data-start=\"190\" data-end=\"229\">Hauteur moyenne (avec pic) : 15,88 cm<\/p>\n<\/li>\n<\/ul>\n<p data-start=\"231\" data-end=\"256\" data-is-last-node=\"\" data-is-only-node=\"\"><strong data-start=\"231\" data-end=\"249\">Code produit :<\/strong> 215875<\/p>","protected":false},"featured_media":21693,"comment_status":"open","ping_status":"closed","template":"","meta":[],"product_brand":[],"product_cat":[258,294],"product_tag":[],"class_list":{"0":"post-21692","1":"product","2":"type-product","3":"status-publish","4":"has-post-thumbnail","6":"product_cat-bougies","7":"product_cat-princesse","9":"first","10":"instock","11":"virtual","12":"purchasable","13":"product-type-simple"},"_links":{"self":[{"href":"https:\/\/somefunstore.com\/en\/wp-json\/wp\/v2\/product\/21692","targetHints":{"allow":["GET"]}}],"collection":[{"href":"https:\/\/somefunstore.com\/en\/wp-json\/wp\/v2\/product"}],"about":[{"href":"https:\/\/somefunstore.com\/en\/wp-json\/wp\/v2\/types\/product"}],"replies":[{"embeddable":true,"href":"https:\/\/somefunstore.com\/en\/wp-json\/wp\/v2\/comments?post=21692"}],"wp:featuredmedia":[{"embeddable":true,"href":"https:\/\/somefunstore.com\/en\/wp-json\/wp\/v2\/media\/21693"}],"wp:attachment":[{"href":"https:\/\/somefunstore.com\/en\/wp-json\/wp\/v2\/media?parent=21692"}],"wp:term":[{"taxonomy":"product_brand","embeddable":true,"href":"https:\/\/somefunstore.com\/en\/wp-json\/wp\/v2\/product_brand?post=21692"},{"taxonomy":"product_cat","embeddable":true,"href":"https:\/\/somefunstore.com\/en\/wp-json\/wp\/v2\/product_cat?post=21692"},{"taxonomy":"product_tag","embeddable":true,"href":"https:\/\/somefunstore.com\/en\/wp-json\/wp\/v2\/product_tag?post=21692"}],"curies":[{"name":"wp","href":"https:\/\/api.w.org\/{rel}","templated":true}]}}