{"id":21694,"date":"2026-03-17T15:10:15","date_gmt":"2026-03-17T15:10:15","guid":{"rendered":"https:\/\/somefunstore.com\/?post_type=product&#038;p=21694"},"modified":"2026-03-17T15:11:48","modified_gmt":"2026-03-17T15:11:48","slug":"assiettes-roller-x8","status":"publish","type":"product","link":"https:\/\/somefunstore.com\/en\/shop\/themes-occasions\/anniversaires\/par-themes\/roller\/assiettes-roller-x8\/","title":{"rendered":"Assiettes roller x8"},"content":{"rendered":"","protected":false},"excerpt":{"rendered":"<p>Que la f\u00eate commence ! Ces superbes assiettes en papier en forme de patins \u00e0 roulettes apporteront une touche ultra fun \u00e0 votre table. Avec leurs lacets en raphia vert pour un effet original, elles feront sensation aupr\u00e8s de vos invit\u00e9s !<\/p>\n<ul data-start=\"70\" data-end=\"226\">\n<li data-section-id=\"kncfy3\" data-start=\"70\" data-end=\"96\">\n<p data-start=\"72\" data-end=\"96\">D\u00e9tails en raphia vert<\/p>\n<\/li>\n<li data-section-id=\"w3kukx\" data-start=\"97\" data-end=\"128\">\n<p data-start=\"99\" data-end=\"128\">D\u00e9tails en dorure brillante<\/p>\n<\/li>\n<li data-section-id=\"xkfew4\" data-start=\"129\" data-end=\"162\">\n<p data-start=\"131\" data-end=\"162\">Papier haute qualit\u00e9 400 g\/m\u00b2<\/p>\n<\/li>\n<li data-section-id=\"1yw396l\" data-start=\"163\" data-end=\"185\">\n<p data-start=\"165\" data-end=\"185\">Lot de 8 assiettes<\/p>\n<\/li>\n<li data-section-id=\"i7lfaa\" data-start=\"186\" data-end=\"226\">\n<p data-start=\"188\" data-end=\"226\">Dimensions : 19,69 x 24,13 x 0,64 cm<\/p>\n<\/li>\n<\/ul>\n<p data-start=\"228\" data-end=\"253\" data-is-last-node=\"\" data-is-only-node=\"\"><strong data-start=\"228\" data-end=\"246\">Code produit :<\/strong> 222444<\/p>","protected":false},"featured_media":21695,"comment_status":"open","ping_status":"closed","template":"","meta":[],"product_brand":[],"product_cat":[248,244,295],"product_tag":[],"class_list":{"0":"post-21694","1":"product","2":"type-product","3":"status-publish","4":"has-post-thumbnail","6":"product_cat-assiettes","7":"product_cat-la-table","8":"product_cat-roller","10":"first","11":"instock","12":"virtual","13":"purchasable","14":"product-type-simple"},"_links":{"self":[{"href":"https:\/\/somefunstore.com\/en\/wp-json\/wp\/v2\/product\/21694","targetHints":{"allow":["GET"]}}],"collection":[{"href":"https:\/\/somefunstore.com\/en\/wp-json\/wp\/v2\/product"}],"about":[{"href":"https:\/\/somefunstore.com\/en\/wp-json\/wp\/v2\/types\/product"}],"replies":[{"embeddable":true,"href":"https:\/\/somefunstore.com\/en\/wp-json\/wp\/v2\/comments?post=21694"}],"wp:featuredmedia":[{"embeddable":true,"href":"https:\/\/somefunstore.com\/en\/wp-json\/wp\/v2\/media\/21695"}],"wp:attachment":[{"href":"https:\/\/somefunstore.com\/en\/wp-json\/wp\/v2\/media?parent=21694"}],"wp:term":[{"taxonomy":"product_brand","embeddable":true,"href":"https:\/\/somefunstore.com\/en\/wp-json\/wp\/v2\/product_brand?post=21694"},{"taxonomy":"product_cat","embeddable":true,"href":"https:\/\/somefunstore.com\/en\/wp-json\/wp\/v2\/product_cat?post=21694"},{"taxonomy":"product_tag","embeddable":true,"href":"https:\/\/somefunstore.com\/en\/wp-json\/wp\/v2\/product_tag?post=21694"}],"curies":[{"name":"wp","href":"https:\/\/api.w.org\/{rel}","templated":true}]}}