{"id":21713,"date":"2026-03-17T15:31:22","date_gmt":"2026-03-17T15:31:22","guid":{"rendered":"https:\/\/somefunstore.com\/?post_type=product&#038;p=21713"},"modified":"2026-03-17T15:31:22","modified_gmt":"2026-03-17T15:31:22","slug":"assiettes-coquillage-x8","status":"publish","type":"product","link":"https:\/\/somefunstore.com\/en\/shop\/themes-occasions\/anniversaires\/par-themes\/sirenes\/assiettes-coquillage-x8\/","title":{"rendered":"Assiettes coquillage x8"},"content":{"rendered":"","protected":false},"excerpt":{"rendered":"<p>Ces superbes assiettes en papier feront sensation lors d\u2019une f\u00eate sir\u00e8ne ou sur le th\u00e8me de la mer ! Magnifiquement con\u00e7ues en forme de coquillage, elles sont sublim\u00e9es par de nombreux d\u00e9tails en dorure brillante pour une touche \u00e9l\u00e9gante et festive.<\/p>\n<ul data-start=\"70\" data-end=\"252\">\n<li data-section-id=\"ls55gx\" data-start=\"70\" data-end=\"115\">\n<p data-start=\"72\" data-end=\"115\">Design en forme de coquille Saint-Jacques<\/p>\n<\/li>\n<li data-section-id=\"t6bvdu\" data-start=\"116\" data-end=\"195\">\n<p data-start=\"118\" data-end=\"195\">Finition soign\u00e9e avec d\u00e9tails en dorure brillante pour un effet scintillant<\/p>\n<\/li>\n<li data-section-id=\"1yw396l\" data-start=\"196\" data-end=\"218\">\n<p data-start=\"198\" data-end=\"218\">Lot de 8 assiettes<\/p>\n<\/li>\n<li data-section-id=\"qwmzzb\" data-start=\"219\" data-end=\"252\">\n<p data-start=\"221\" data-end=\"252\">Dimensions : 19,05 x 19,05 cm<\/p>\n<\/li>\n<\/ul>\n<p data-start=\"254\" data-end=\"279\" data-is-last-node=\"\" data-is-only-node=\"\"><strong data-start=\"254\" data-end=\"272\">Code produit :<\/strong> 210763<\/p>","protected":false},"featured_media":21711,"comment_status":"open","ping_status":"closed","template":"","meta":[],"product_brand":[],"product_cat":[248,244,296],"product_tag":[],"class_list":{"0":"post-21713","1":"product","2":"type-product","3":"status-publish","4":"has-post-thumbnail","6":"product_cat-assiettes","7":"product_cat-la-table","8":"product_cat-sirenes","10":"first","11":"instock","12":"virtual","13":"purchasable","14":"product-type-simple"},"_links":{"self":[{"href":"https:\/\/somefunstore.com\/en\/wp-json\/wp\/v2\/product\/21713","targetHints":{"allow":["GET"]}}],"collection":[{"href":"https:\/\/somefunstore.com\/en\/wp-json\/wp\/v2\/product"}],"about":[{"href":"https:\/\/somefunstore.com\/en\/wp-json\/wp\/v2\/types\/product"}],"replies":[{"embeddable":true,"href":"https:\/\/somefunstore.com\/en\/wp-json\/wp\/v2\/comments?post=21713"}],"wp:featuredmedia":[{"embeddable":true,"href":"https:\/\/somefunstore.com\/en\/wp-json\/wp\/v2\/media\/21711"}],"wp:attachment":[{"href":"https:\/\/somefunstore.com\/en\/wp-json\/wp\/v2\/media?parent=21713"}],"wp:term":[{"taxonomy":"product_brand","embeddable":true,"href":"https:\/\/somefunstore.com\/en\/wp-json\/wp\/v2\/product_brand?post=21713"},{"taxonomy":"product_cat","embeddable":true,"href":"https:\/\/somefunstore.com\/en\/wp-json\/wp\/v2\/product_cat?post=21713"},{"taxonomy":"product_tag","embeddable":true,"href":"https:\/\/somefunstore.com\/en\/wp-json\/wp\/v2\/product_tag?post=21713"}],"curies":[{"name":"wp","href":"https:\/\/api.w.org\/{rel}","templated":true}]}}