{"id":21723,"date":"2026-03-17T15:42:51","date_gmt":"2026-03-17T15:42:51","guid":{"rendered":"https:\/\/somefunstore.com\/?post_type=product&#038;p=21723"},"modified":"2026-03-17T15:42:51","modified_gmt":"2026-03-17T15:42:51","slug":"guirlande-sirenes","status":"publish","type":"product","link":"https:\/\/somefunstore.com\/en\/shop\/themes-occasions\/anniversaires\/par-themes\/sirenes\/guirlande-sirenes\/","title":{"rendered":"Guirlande sir\u00e8nes"},"content":{"rendered":"","protected":false},"excerpt":{"rendered":"<p>Sublimez votre f\u00eate sir\u00e8ne ou sur le th\u00e8me de la mer avec ces magnifiques guirlandes \u00e0 franges en papier de soie ! Elles mettent en sc\u00e8ne de jolies sir\u00e8nes et hippocampes, avec de superbes d\u00e9tails scintillants en foil bleu et rose pour un effet f\u00e9erique.<\/p>\n<ul data-start=\"70\" data-end=\"337\">\n<li data-section-id=\"1jpbutb\" data-start=\"70\" data-end=\"142\">\n<p data-start=\"72\" data-end=\"142\">Guirlandes en papier de soie cousu sur ruban satin avec fil de coton<\/p>\n<\/li>\n<li data-section-id=\"18ip6mz\" data-start=\"143\" data-end=\"189\">\n<p data-start=\"145\" data-end=\"189\">Sir\u00e8nes mont\u00e9es sur fil m\u00e9tallique argent\u00e9<\/p>\n<\/li>\n<li data-section-id=\"1uex45z\" data-start=\"190\" data-end=\"257\">\n<p data-start=\"192\" data-end=\"257\">Nombreux d\u00e9tails en foil bleu et rose pour un effet scintillant<\/p>\n<\/li>\n<li data-section-id=\"9s3m58\" data-start=\"258\" data-end=\"295\">\n<p data-start=\"260\" data-end=\"295\">Longueur de la guirlande : 1,37 m<\/p>\n<\/li>\n<li data-section-id=\"17o9bnu\" data-start=\"296\" data-end=\"337\">\n<p data-start=\"298\" data-end=\"337\">Longueur totale avec ficelle : 2,59 m<\/p>\n<\/li>\n<\/ul>\n<p data-start=\"339\" data-end=\"364\" data-is-last-node=\"\" data-is-only-node=\"\"><strong data-start=\"339\" data-end=\"357\">Code produit :<\/strong> 211240<\/p>","protected":false},"featured_media":21724,"comment_status":"open","ping_status":"closed","template":"","meta":[],"product_brand":[],"product_cat":[263,296],"product_tag":[],"class_list":{"0":"post-21723","1":"product","2":"type-product","3":"status-publish","4":"has-post-thumbnail","6":"product_cat-guirlandes-la-decoration","7":"product_cat-sirenes","9":"first","10":"instock","11":"virtual","12":"purchasable","13":"product-type-simple"},"_links":{"self":[{"href":"https:\/\/somefunstore.com\/en\/wp-json\/wp\/v2\/product\/21723","targetHints":{"allow":["GET"]}}],"collection":[{"href":"https:\/\/somefunstore.com\/en\/wp-json\/wp\/v2\/product"}],"about":[{"href":"https:\/\/somefunstore.com\/en\/wp-json\/wp\/v2\/types\/product"}],"replies":[{"embeddable":true,"href":"https:\/\/somefunstore.com\/en\/wp-json\/wp\/v2\/comments?post=21723"}],"wp:featuredmedia":[{"embeddable":true,"href":"https:\/\/somefunstore.com\/en\/wp-json\/wp\/v2\/media\/21724"}],"wp:attachment":[{"href":"https:\/\/somefunstore.com\/en\/wp-json\/wp\/v2\/media?parent=21723"}],"wp:term":[{"taxonomy":"product_brand","embeddable":true,"href":"https:\/\/somefunstore.com\/en\/wp-json\/wp\/v2\/product_brand?post=21723"},{"taxonomy":"product_cat","embeddable":true,"href":"https:\/\/somefunstore.com\/en\/wp-json\/wp\/v2\/product_cat?post=21723"},{"taxonomy":"product_tag","embeddable":true,"href":"https:\/\/somefunstore.com\/en\/wp-json\/wp\/v2\/product_tag?post=21723"}],"curies":[{"name":"wp","href":"https:\/\/api.w.org\/{rel}","templated":true}]}}