{"id":21728,"date":"2026-03-17T15:45:41","date_gmt":"2026-03-17T15:45:41","guid":{"rendered":"https:\/\/somefunstore.com\/?post_type=product&#038;p=21728"},"modified":"2026-04-13T13:48:26","modified_gmt":"2026-04-13T13:48:26","slug":"sacs-cadeaux-coquillage-x8","status":"publish","type":"product","link":"https:\/\/somefunstore.com\/en\/shop\/themes-occasions\/anniversaires\/par-themes\/sirenes\/sacs-cadeaux-coquillage-x8\/","title":{"rendered":"Sacs cadeaux coquillage x8"},"content":{"rendered":"","protected":false},"excerpt":{"rendered":"<p>Vos invit\u00e9s seront ravis de repartir avec ces magnifiques sacs cadeaux, parfaits pour y glisser de superbes surprises. Avec leur \u00e9l\u00e9gant design en coquillage et leurs d\u00e9tails scintillants en foil, \u00e0 l\u2019avant comme \u00e0 l\u2019arri\u00e8re, ils sont id\u00e9als pour une f\u00eate sir\u00e8ne ou sur le th\u00e8me de la mer.<\/p>\n<ul data-start=\"70\" data-end=\"254\">\n<li data-section-id=\"jjfh3\" data-start=\"70\" data-end=\"121\">\n<p data-start=\"72\" data-end=\"121\">Anses en papier torsad\u00e9, \u00e9l\u00e9gantes et pratiques<\/p>\n<\/li>\n<li data-section-id=\"1h5ujru\" data-start=\"122\" data-end=\"195\">\n<p data-start=\"124\" data-end=\"195\">Pompon raffin\u00e9 compos\u00e9 de rubans satin rose et de fil m\u00e9tallique dor\u00e9<\/p>\n<\/li>\n<li data-section-id=\"i327ok\" data-start=\"196\" data-end=\"213\">\n<p data-start=\"198\" data-end=\"213\">Lot de 8 sacs<\/p>\n<\/li>\n<li data-section-id=\"qlmk69\" data-start=\"214\" data-end=\"254\">\n<p data-start=\"216\" data-end=\"254\">Dimensions : 16,51 x 15,24 x 7,62 cm<\/p>\n<\/li>\n<\/ul>\n<p data-start=\"256\" data-end=\"281\" data-is-last-node=\"\" data-is-only-node=\"\"><strong data-start=\"256\" data-end=\"274\">Code produit :<\/strong> 215497<\/p>","protected":false},"featured_media":21729,"comment_status":"open","ping_status":"closed","template":"","meta":[],"product_brand":[],"product_cat":[246,265,296],"product_tag":[],"class_list":{"0":"post-21728","1":"product","2":"type-product","3":"status-publish","4":"has-post-thumbnail","6":"product_cat-les-cadeaux-de-retour","7":"product_cat-sacs-cadeaux","8":"product_cat-sirenes","10":"first","11":"instock","12":"virtual","13":"purchasable","14":"product-type-simple"},"_links":{"self":[{"href":"https:\/\/somefunstore.com\/en\/wp-json\/wp\/v2\/product\/21728","targetHints":{"allow":["GET"]}}],"collection":[{"href":"https:\/\/somefunstore.com\/en\/wp-json\/wp\/v2\/product"}],"about":[{"href":"https:\/\/somefunstore.com\/en\/wp-json\/wp\/v2\/types\/product"}],"replies":[{"embeddable":true,"href":"https:\/\/somefunstore.com\/en\/wp-json\/wp\/v2\/comments?post=21728"}],"wp:featuredmedia":[{"embeddable":true,"href":"https:\/\/somefunstore.com\/en\/wp-json\/wp\/v2\/media\/21729"}],"wp:attachment":[{"href":"https:\/\/somefunstore.com\/en\/wp-json\/wp\/v2\/media?parent=21728"}],"wp:term":[{"taxonomy":"product_brand","embeddable":true,"href":"https:\/\/somefunstore.com\/en\/wp-json\/wp\/v2\/product_brand?post=21728"},{"taxonomy":"product_cat","embeddable":true,"href":"https:\/\/somefunstore.com\/en\/wp-json\/wp\/v2\/product_cat?post=21728"},{"taxonomy":"product_tag","embeddable":true,"href":"https:\/\/somefunstore.com\/en\/wp-json\/wp\/v2\/product_tag?post=21728"}],"curies":[{"name":"wp","href":"https:\/\/api.w.org\/{rel}","templated":true}]}}