{"id":21731,"date":"2026-03-17T15:48:16","date_gmt":"2026-03-17T15:48:16","guid":{"rendered":"https:\/\/somefunstore.com\/?post_type=product&#038;p=21731"},"modified":"2026-03-26T12:22:15","modified_gmt":"2026-03-26T12:22:15","slug":"cupcake-kit-sirene-x24-toppers","status":"publish","type":"product","link":"https:\/\/somefunstore.com\/en\/shop\/themes-occasions\/anniversaires\/par-themes\/sirenes\/cupcake-kit-sirene-x24-toppers\/","title":{"rendered":"Cupcake kit sir\u00e8ne (x24 toppers)"},"content":{"rendered":"","protected":false},"excerpt":{"rendered":"<p>Faites de vos cupcakes la star de la f\u00eate avec ce fantastique kit cupcakes sir\u00e8ne ! Il comprend 24 toppers r\u00e9partis en 6 designs, avec de jolies sir\u00e8nes, un hippocampe et des algues.<\/p>\n<ul data-start=\"70\" data-end=\"329\">\n<li data-section-id=\"6o7zaz\" data-start=\"70\" data-end=\"182\">\n<p data-start=\"72\" data-end=\"182\">24 toppers (4 x 6 designs) avec d\u00e9tails en foil bleu et rose scintillant, et topper algues en papier de soie<\/p>\n<\/li>\n<li data-section-id=\"1ho00p8\" data-start=\"183\" data-end=\"241\">\n<p data-start=\"185\" data-end=\"241\">24 caissettes \u00e0 cupcakes avec 2 jolis designs assortis<\/p>\n<\/li>\n<li data-section-id=\"10rf8z5\" data-start=\"242\" data-end=\"275\">\n<p data-start=\"244\" data-end=\"275\">Lot de 24 toppers (6 designs)<\/p>\n<\/li>\n<li data-section-id=\"ol4fpf\" data-start=\"276\" data-end=\"329\">\n<p data-start=\"278\" data-end=\"329\">Dimensions des caissettes : 6,35 x 3,18 x 6,35 cm<\/p>\n<\/li>\n<\/ul>\n<p data-start=\"331\" data-end=\"356\" data-is-last-node=\"\" data-is-only-node=\"\"><strong data-start=\"331\" data-end=\"349\">Code produit :<\/strong> 215479<\/p>","protected":false},"featured_media":21732,"comment_status":"open","ping_status":"closed","template":"","meta":[],"product_brand":[],"product_cat":[326,296,267],"product_tag":[],"class_list":{"0":"post-21731","1":"product","2":"type-product","3":"status-publish","4":"has-post-thumbnail","6":"product_cat-cupcake-kit","7":"product_cat-sirenes","8":"product_cat-toppers","10":"first","11":"instock","12":"virtual","13":"purchasable","14":"product-type-simple"},"_links":{"self":[{"href":"https:\/\/somefunstore.com\/en\/wp-json\/wp\/v2\/product\/21731","targetHints":{"allow":["GET"]}}],"collection":[{"href":"https:\/\/somefunstore.com\/en\/wp-json\/wp\/v2\/product"}],"about":[{"href":"https:\/\/somefunstore.com\/en\/wp-json\/wp\/v2\/types\/product"}],"replies":[{"embeddable":true,"href":"https:\/\/somefunstore.com\/en\/wp-json\/wp\/v2\/comments?post=21731"}],"wp:featuredmedia":[{"embeddable":true,"href":"https:\/\/somefunstore.com\/en\/wp-json\/wp\/v2\/media\/21732"}],"wp:attachment":[{"href":"https:\/\/somefunstore.com\/en\/wp-json\/wp\/v2\/media?parent=21731"}],"wp:term":[{"taxonomy":"product_brand","embeddable":true,"href":"https:\/\/somefunstore.com\/en\/wp-json\/wp\/v2\/product_brand?post=21731"},{"taxonomy":"product_cat","embeddable":true,"href":"https:\/\/somefunstore.com\/en\/wp-json\/wp\/v2\/product_cat?post=21731"},{"taxonomy":"product_tag","embeddable":true,"href":"https:\/\/somefunstore.com\/en\/wp-json\/wp\/v2\/product_tag?post=21731"}],"curies":[{"name":"wp","href":"https:\/\/api.w.org\/{rel}","templated":true}]}}