{"id":21734,"date":"2026-03-17T15:53:37","date_gmt":"2026-03-17T15:53:37","guid":{"rendered":"https:\/\/somefunstore.com\/?post_type=product&#038;p=21734"},"modified":"2026-03-17T15:53:37","modified_gmt":"2026-03-17T15:53:37","slug":"carte-sirenes","status":"publish","type":"product","link":"https:\/\/somefunstore.com\/en\/shop\/themes-occasions\/anniversaires\/par-themes\/sirenes\/carte-sirenes\/","title":{"rendered":"Carte sir\u00e8nes"},"content":{"rendered":"","protected":false},"excerpt":{"rendered":"<p>D\u00e9pliez cette carte accord\u00e9on pour r\u00e9v\u00e9ler un v\u00e9ritable paradis sous-marin, avec de jolies sir\u00e8nes, des algues, des coquillages et un adorable hippocampe. Avec ses nombreux d\u00e9tails en 3D, cette carte spectaculaire sera parfaite \u00e0 exposer sur vos tables .<\/p>\n<ul data-start=\"70\" data-end=\"268\">\n<li data-section-id=\"b32n5i\" data-start=\"70\" data-end=\"104\">\n<p data-start=\"72\" data-end=\"104\">D\u00e9tails en papier de soie vert<\/p>\n<\/li>\n<li data-section-id=\"1t1jtf3\" data-start=\"105\" data-end=\"154\">\n<p data-start=\"107\" data-end=\"154\">D\u00e9tails en foil rose p\u00e2le et bleu scintillant<\/p>\n<\/li>\n<li data-section-id=\"1pfmo0p\" data-start=\"155\" data-end=\"185\">\n<p data-start=\"157\" data-end=\"185\">Enveloppe assortie incluse<\/p>\n<\/li>\n<li data-section-id=\"1934sgn\" data-start=\"186\" data-end=\"234\">\n<p data-start=\"188\" data-end=\"234\">Message : \u00ab Happy Birthday \u00bb (\u00e0 l\u2019int\u00e9rieur)<\/p>\n<\/li>\n<li data-section-id=\"1k3o9sz\" data-start=\"235\" data-end=\"268\">\n<p data-start=\"237\" data-end=\"268\">Dimensions : 52,07 x 12,07 cm<\/p>\n<\/li>\n<\/ul>\n<p data-start=\"270\" data-end=\"295\" data-is-last-node=\"\" data-is-only-node=\"\"><strong data-start=\"270\" data-end=\"288\">Code produit :<\/strong> 223551<\/p>","protected":false},"featured_media":21735,"comment_status":"open","ping_status":"closed","template":"","meta":[],"product_brand":[],"product_cat":[259,296],"product_tag":[],"class_list":{"0":"post-21734","1":"product","2":"type-product","3":"status-publish","4":"has-post-thumbnail","6":"product_cat-centres-de-table","7":"product_cat-sirenes","9":"first","10":"instock","11":"virtual","12":"purchasable","13":"product-type-simple"},"_links":{"self":[{"href":"https:\/\/somefunstore.com\/en\/wp-json\/wp\/v2\/product\/21734","targetHints":{"allow":["GET"]}}],"collection":[{"href":"https:\/\/somefunstore.com\/en\/wp-json\/wp\/v2\/product"}],"about":[{"href":"https:\/\/somefunstore.com\/en\/wp-json\/wp\/v2\/types\/product"}],"replies":[{"embeddable":true,"href":"https:\/\/somefunstore.com\/en\/wp-json\/wp\/v2\/comments?post=21734"}],"wp:featuredmedia":[{"embeddable":true,"href":"https:\/\/somefunstore.com\/en\/wp-json\/wp\/v2\/media\/21735"}],"wp:attachment":[{"href":"https:\/\/somefunstore.com\/en\/wp-json\/wp\/v2\/media?parent=21734"}],"wp:term":[{"taxonomy":"product_brand","embeddable":true,"href":"https:\/\/somefunstore.com\/en\/wp-json\/wp\/v2\/product_brand?post=21734"},{"taxonomy":"product_cat","embeddable":true,"href":"https:\/\/somefunstore.com\/en\/wp-json\/wp\/v2\/product_cat?post=21734"},{"taxonomy":"product_tag","embeddable":true,"href":"https:\/\/somefunstore.com\/en\/wp-json\/wp\/v2\/product_tag?post=21734"}],"curies":[{"name":"wp","href":"https:\/\/api.w.org\/{rel}","templated":true}]}}