{"id":21736,"date":"2026-03-17T16:04:13","date_gmt":"2026-03-17T16:04:13","guid":{"rendered":"https:\/\/somefunstore.com\/?post_type=product&#038;p=21736"},"modified":"2026-03-17T16:04:13","modified_gmt":"2026-03-17T16:04:13","slug":"bougies-etoiles-dorees-x6","status":"publish","type":"product","link":"https:\/\/somefunstore.com\/en\/shop\/themes-occasions\/anniversaires\/par-themes\/astronaute\/bougies-etoiles-dorees-x6\/","title":{"rendered":"Bougies \u00e9toiles dor\u00e9es x6"},"content":{"rendered":"","protected":false},"excerpt":{"rendered":"<p>Vos g\u00e2teaux brilleront de milles feux avec ces magnifiques bougies en forme d&rsquo;\u00e9toiles dor\u00e9es.<\/p>\n<ul data-start=\"70\" data-end=\"198\">\n<li data-section-id=\"18jkfdn\" data-start=\"70\" data-end=\"110\">\n<p data-start=\"72\" data-end=\"110\">Bougies en cire tremp\u00e9e coloris dor\u00e9<\/p>\n<\/li>\n<li data-section-id=\"1ya917s\" data-start=\"111\" data-end=\"135\">\n<p data-start=\"113\" data-end=\"135\">Pics en bois naturel<\/p>\n<\/li>\n<li data-section-id=\"lb1j1k\" data-start=\"136\" data-end=\"156\">\n<p data-start=\"138\" data-end=\"156\">Lot de 6 bougies<\/p>\n<\/li>\n<li data-section-id=\"xdovft\" data-start=\"157\" data-end=\"198\">\n<p data-start=\"159\" data-end=\"198\">Hauteur moyenne (avec pic) : 15,24 cm<\/p>\n<\/li>\n<\/ul>\n<p data-start=\"200\" data-end=\"225\" data-is-last-node=\"\" data-is-only-node=\"\"><strong data-start=\"200\" data-end=\"218\">Code produit :<\/strong> 224847<\/p>","protected":false},"featured_media":21737,"comment_status":"open","ping_status":"closed","template":"","meta":[],"product_brand":[],"product_cat":[282,258],"product_tag":[],"class_list":{"0":"post-21736","1":"product","2":"type-product","3":"status-publish","4":"has-post-thumbnail","6":"product_cat-astronaute","7":"product_cat-bougies","9":"first","10":"instock","11":"virtual","12":"purchasable","13":"product-type-simple"},"_links":{"self":[{"href":"https:\/\/somefunstore.com\/en\/wp-json\/wp\/v2\/product\/21736","targetHints":{"allow":["GET"]}}],"collection":[{"href":"https:\/\/somefunstore.com\/en\/wp-json\/wp\/v2\/product"}],"about":[{"href":"https:\/\/somefunstore.com\/en\/wp-json\/wp\/v2\/types\/product"}],"replies":[{"embeddable":true,"href":"https:\/\/somefunstore.com\/en\/wp-json\/wp\/v2\/comments?post=21736"}],"wp:featuredmedia":[{"embeddable":true,"href":"https:\/\/somefunstore.com\/en\/wp-json\/wp\/v2\/media\/21737"}],"wp:attachment":[{"href":"https:\/\/somefunstore.com\/en\/wp-json\/wp\/v2\/media?parent=21736"}],"wp:term":[{"taxonomy":"product_brand","embeddable":true,"href":"https:\/\/somefunstore.com\/en\/wp-json\/wp\/v2\/product_brand?post=21736"},{"taxonomy":"product_cat","embeddable":true,"href":"https:\/\/somefunstore.com\/en\/wp-json\/wp\/v2\/product_cat?post=21736"},{"taxonomy":"product_tag","embeddable":true,"href":"https:\/\/somefunstore.com\/en\/wp-json\/wp\/v2\/product_tag?post=21736"}],"curies":[{"name":"wp","href":"https:\/\/api.w.org\/{rel}","templated":true}]}}