{"id":21757,"date":"2026-03-17T16:26:26","date_gmt":"2026-03-17T16:26:26","guid":{"rendered":"https:\/\/somefunstore.com\/?post_type=product&#038;p=21757"},"modified":"2026-04-14T12:33:43","modified_gmt":"2026-04-14T12:33:43","slug":"bougies-roses-torsadees-x16","status":"publish","type":"product","link":"https:\/\/somefunstore.com\/en\/shop\/themes-occasions\/anniversaires\/par-themes\/cerise\/bougies-roses-torsadees-x16\/","title":{"rendered":"Bougies roses torsad\u00e9es x16"},"content":{"rendered":"","protected":false},"excerpt":{"rendered":"<p>Ces grandes bougies dans des nuances de rose apporteront un effet spectaculaire \u00e0 tous vos g\u00e2teaux de f\u00eate. Leur design torsad\u00e9 ajoute une touche moderne et \u00e9l\u00e9gante pour un rendu encore plus saisissant.<\/p>\n<ul data-start=\"70\" data-end=\"235\">\n<li data-section-id=\"wsaq94\" data-start=\"70\" data-end=\"88\">\n<p data-start=\"72\" data-end=\"88\">Forme torsad\u00e9e<\/p>\n<\/li>\n<li data-section-id=\"mk88jd\" data-start=\"89\" data-end=\"166\">\n<p data-start=\"91\" data-end=\"166\">M\u00e9lange de 4 nuances de rose : rose fonc\u00e9, rose p\u00e2le, rose et corail n\u00e9on<\/p>\n<\/li>\n<li data-section-id=\"1ct0zqj\" data-start=\"167\" data-end=\"200\">\n<p data-start=\"169\" data-end=\"200\">Lot de 16 bougies (4 coloris)<\/p>\n<\/li>\n<li data-section-id=\"11dazlt\" data-start=\"201\" data-end=\"235\">\n<p data-start=\"203\" data-end=\"235\">Hauteur des bougies : 17,78 cm<\/p>\n<\/li>\n<\/ul>\n<p data-start=\"237\" data-end=\"262\" data-is-last-node=\"\" data-is-only-node=\"\"><strong data-start=\"237\" data-end=\"255\">Code produit :<\/strong> 222453<\/p>","protected":false},"featured_media":21758,"comment_status":"open","ping_status":"closed","template":"","meta":[],"product_brand":[],"product_cat":[258,335,289,294,295],"product_tag":[],"class_list":{"0":"post-21757","1":"product","2":"type-product","3":"status-publish","4":"has-post-thumbnail","6":"product_cat-bougies","7":"product_cat-cerise","8":"product_cat-fees","9":"product_cat-princesse","10":"product_cat-roller","12":"first","13":"instock","14":"virtual","15":"purchasable","16":"product-type-simple"},"_links":{"self":[{"href":"https:\/\/somefunstore.com\/en\/wp-json\/wp\/v2\/product\/21757","targetHints":{"allow":["GET"]}}],"collection":[{"href":"https:\/\/somefunstore.com\/en\/wp-json\/wp\/v2\/product"}],"about":[{"href":"https:\/\/somefunstore.com\/en\/wp-json\/wp\/v2\/types\/product"}],"replies":[{"embeddable":true,"href":"https:\/\/somefunstore.com\/en\/wp-json\/wp\/v2\/comments?post=21757"}],"wp:featuredmedia":[{"embeddable":true,"href":"https:\/\/somefunstore.com\/en\/wp-json\/wp\/v2\/media\/21758"}],"wp:attachment":[{"href":"https:\/\/somefunstore.com\/en\/wp-json\/wp\/v2\/media?parent=21757"}],"wp:term":[{"taxonomy":"product_brand","embeddable":true,"href":"https:\/\/somefunstore.com\/en\/wp-json\/wp\/v2\/product_brand?post=21757"},{"taxonomy":"product_cat","embeddable":true,"href":"https:\/\/somefunstore.com\/en\/wp-json\/wp\/v2\/product_cat?post=21757"},{"taxonomy":"product_tag","embeddable":true,"href":"https:\/\/somefunstore.com\/en\/wp-json\/wp\/v2\/product_tag?post=21757"}],"curies":[{"name":"wp","href":"https:\/\/api.w.org\/{rel}","templated":true}]}}