{"id":21760,"date":"2026-03-17T16:30:26","date_gmt":"2026-03-17T16:30:26","guid":{"rendered":"https:\/\/somefunstore.com\/?post_type=product&#038;p=21760"},"modified":"2026-03-17T16:30:27","modified_gmt":"2026-03-17T16:30:27","slug":"bougies-swirly-dorees-x20","status":"publish","type":"product","link":"https:\/\/somefunstore.com\/en\/shop\/le-store\/la-decoration\/bougies\/bougies-swirly-dorees-x20\/","title":{"rendered":"Bougies swirly dor\u00e9es x20"},"content":{"rendered":"","protected":false},"excerpt":{"rendered":"<p>Ces bougies torsad\u00e9es dor\u00e9es apporteront une touche spectaculaire \u00e0 tous vos g\u00e2teaux de f\u00eate. Avec leur finition brillante, elles sont encore plus sublimes une fois allum\u00e9es et \u00e9merveilleront tous vos invit\u00e9s.<\/p>\n<ul data-start=\"70\" data-end=\"144\">\n<li data-section-id=\"wsaq94\" data-start=\"70\" data-end=\"88\">\n<p data-start=\"72\" data-end=\"88\">Forme torsad\u00e9e<\/p>\n<\/li>\n<li data-section-id=\"k3gcbg\" data-start=\"89\" data-end=\"110\">\n<p data-start=\"91\" data-end=\"110\">Lot de 20 bougies<\/p>\n<\/li>\n<li data-section-id=\"151yhbw\" data-start=\"111\" data-end=\"144\">\n<p data-start=\"113\" data-end=\"144\">Hauteur des bougies : 12,7 cm<\/p>\n<\/li>\n<\/ul>\n<p data-start=\"146\" data-end=\"171\" data-is-last-node=\"\" data-is-only-node=\"\"><strong data-start=\"146\" data-end=\"164\">Code produit :<\/strong> 222489<\/p>","protected":false},"featured_media":21761,"comment_status":"open","ping_status":"closed","template":"","meta":[],"product_brand":[],"product_cat":[258],"product_tag":[],"class_list":{"0":"post-21760","1":"product","2":"type-product","3":"status-publish","4":"has-post-thumbnail","6":"product_cat-bougies","8":"first","9":"instock","10":"virtual","11":"purchasable","12":"product-type-simple"},"_links":{"self":[{"href":"https:\/\/somefunstore.com\/en\/wp-json\/wp\/v2\/product\/21760","targetHints":{"allow":["GET"]}}],"collection":[{"href":"https:\/\/somefunstore.com\/en\/wp-json\/wp\/v2\/product"}],"about":[{"href":"https:\/\/somefunstore.com\/en\/wp-json\/wp\/v2\/types\/product"}],"replies":[{"embeddable":true,"href":"https:\/\/somefunstore.com\/en\/wp-json\/wp\/v2\/comments?post=21760"}],"wp:featuredmedia":[{"embeddable":true,"href":"https:\/\/somefunstore.com\/en\/wp-json\/wp\/v2\/media\/21761"}],"wp:attachment":[{"href":"https:\/\/somefunstore.com\/en\/wp-json\/wp\/v2\/media?parent=21760"}],"wp:term":[{"taxonomy":"product_brand","embeddable":true,"href":"https:\/\/somefunstore.com\/en\/wp-json\/wp\/v2\/product_brand?post=21760"},{"taxonomy":"product_cat","embeddable":true,"href":"https:\/\/somefunstore.com\/en\/wp-json\/wp\/v2\/product_cat?post=21760"},{"taxonomy":"product_tag","embeddable":true,"href":"https:\/\/somefunstore.com\/en\/wp-json\/wp\/v2\/product_tag?post=21760"}],"curies":[{"name":"wp","href":"https:\/\/api.w.org\/{rel}","templated":true}]}}