{"id":21789,"date":"2026-03-18T10:18:22","date_gmt":"2026-03-18T10:18:22","guid":{"rendered":"https:\/\/somefunstore.com\/?post_type=product&#038;p=21789"},"modified":"2026-04-15T12:55:14","modified_gmt":"2026-04-15T12:55:14","slug":"serviettes-en-forme-de-fleur-daisy-x16","status":"publish","type":"product","link":"https:\/\/somefunstore.com\/en\/shop\/themes-occasions\/anniversaires\/par-themes\/fleurs\/serviettes-en-forme-de-fleur-daisy-x16\/","title":{"rendered":"Serviettes en forme de fleur daisy x16"},"content":{"rendered":"","protected":false},"excerpt":{"rendered":"<div class=\"relative basis-auto flex-col -mb-(--composer-overlap-px) [--composer-overlap-px:28px] grow flex\">\n<div class=\"flex flex-col text-sm pb-25\">\n<section class=\"text-token-text-primary w-full focus:outline-none [--shadow-height:45px] has-data-writing-block:pointer-events-none has-data-writing-block:-mt-(--shadow-height) has-data-writing-block:pt-(--shadow-height) [&amp;:has([data-writing-block])&gt;*]:pointer-events-auto scroll-mt-[calc(var(--header-height)+min(200px,max(70px,20svh)))]\" dir=\"auto\" data-turn-id=\"request-69b9199e-64cc-8328-8b36-6f88b2cbddd1-10\" data-testid=\"conversation-turn-328\" data-scroll-anchor=\"true\" data-turn=\"assistant\">\n<div class=\"text-base my-auto mx-auto pb-10 [--thread-content-margin:var(--thread-content-margin-xs,calc(var(--spacing)*4))] @w-sm\/main:[--thread-content-margin:var(--thread-content-margin-sm,calc(var(--spacing)*6))] @w-lg\/main:[--thread-content-margin:var(--thread-content-margin-lg,calc(var(--spacing)*16))] px-(--thread-content-margin)\">\n<div class=\"[--thread-content-max-width:40rem] @w-lg\/main:[--thread-content-max-width:48rem] mx-auto max-w-(--thread-content-max-width) flex-1 group\/turn-messages focus-visible:outline-hidden relative flex w-full min-w-0 flex-col agent-turn\">\n<div class=\"flex max-w-full flex-col gap-4 grow\">\n<div class=\"min-h-8 text-message relative flex w-full flex-col items-end gap-2 text-start break-words whitespace-normal outline-none keyboard-focused:focus-ring [.text-message+&amp;]:mt-1\" dir=\"auto\" tabindex=\"0\" data-message-author-role=\"assistant\" data-message-id=\"2024bd06-d223-438e-ae23-71a5e59e7140\" data-message-model-slug=\"gpt-5-3\" data-turn-start-message=\"true\">\n<div class=\"flex w-full flex-col gap-1 empty:hidden\">\n<div class=\"markdown prose dark:prose-invert w-full wrap-break-word light markdown-new-styling\">\n<p data-start=\"53\" data-end=\"327\">Apporte une touche r\u00e9tro et pleine de bonne humeur \u00e0 ta f\u00eate avec ces adorables serviettes marguerites inspir\u00e9es des ann\u00e9es 90. Parfaites pour un pique-nique, un garden party ou une ambiance pastel, elles apporteront instantan\u00e9ment couleur et fra\u00eecheur \u00e0 ta table.<\/p>\n<ul data-start=\"329\" data-end=\"649\">\n<li data-section-id=\"k864x\" data-start=\"329\" data-end=\"372\">\n<p data-start=\"331\" data-end=\"372\">Design en forme de marguerites color\u00e9es<\/p>\n<\/li>\n<li data-section-id=\"1cfql3p\" data-start=\"373\" data-end=\"424\">\n<p data-start=\"375\" data-end=\"424\">Papier 3 plis : \u00e0 la fois pratique et r\u00e9sistant<\/p>\n<\/li>\n<li data-section-id=\"1f62uc2\" data-start=\"425\" data-end=\"517\">\n<p data-start=\"427\" data-end=\"517\">8 coloris : rose, rose p\u00e2le, p\u00eache, jaune, menthe, ivoire et bleu, avec centres assortis<\/p>\n<\/li>\n<li data-section-id=\"1944ly2\" data-start=\"518\" data-end=\"561\">\n<p data-start=\"520\" data-end=\"561\">Id\u00e9al pour une d\u00e9coration pastel et fun<\/p>\n<\/li>\n<li data-section-id=\"6tvknx\" data-start=\"562\" data-end=\"612\">\n<p data-start=\"564\" data-end=\"612\">Pack de 16 serviettes (8 couleurs diff\u00e9rentes)<\/p>\n<\/li>\n<li data-section-id=\"4a5h87\" data-start=\"613\" data-end=\"649\">\n<p data-start=\"615\" data-end=\"649\">Dimensions pli\u00e9es : 16,5 x 15 cm<\/p>\n<\/li>\n<\/ul>\n<p data-start=\"651\" data-end=\"676\" data-is-last-node=\"\" data-is-only-node=\"\"><strong data-start=\"651\" data-end=\"676\" data-is-last-node=\"\">Code produit : 273776<\/strong><\/p>\n<\/div>\n<\/div>\n<\/div>\n<\/div>\n<\/div>\n<\/div>\n<\/section>\n<\/div>\n<\/div>\n","protected":false},"featured_media":21790,"comment_status":"open","ping_status":"closed","template":"","meta":[],"product_brand":[],"product_cat":[290,292,256],"product_tag":[],"class_list":{"0":"post-21789","1":"product","2":"type-product","3":"status-publish","4":"has-post-thumbnail","6":"product_cat-fleurs","7":"product_cat-licornes","8":"product_cat-serviettes","10":"first","11":"instock","12":"virtual","13":"purchasable","14":"product-type-simple"},"_links":{"self":[{"href":"https:\/\/somefunstore.com\/en\/wp-json\/wp\/v2\/product\/21789","targetHints":{"allow":["GET"]}}],"collection":[{"href":"https:\/\/somefunstore.com\/en\/wp-json\/wp\/v2\/product"}],"about":[{"href":"https:\/\/somefunstore.com\/en\/wp-json\/wp\/v2\/types\/product"}],"replies":[{"embeddable":true,"href":"https:\/\/somefunstore.com\/en\/wp-json\/wp\/v2\/comments?post=21789"}],"wp:featuredmedia":[{"embeddable":true,"href":"https:\/\/somefunstore.com\/en\/wp-json\/wp\/v2\/media\/21790"}],"wp:attachment":[{"href":"https:\/\/somefunstore.com\/en\/wp-json\/wp\/v2\/media?parent=21789"}],"wp:term":[{"taxonomy":"product_brand","embeddable":true,"href":"https:\/\/somefunstore.com\/en\/wp-json\/wp\/v2\/product_brand?post=21789"},{"taxonomy":"product_cat","embeddable":true,"href":"https:\/\/somefunstore.com\/en\/wp-json\/wp\/v2\/product_cat?post=21789"},{"taxonomy":"product_tag","embeddable":true,"href":"https:\/\/somefunstore.com\/en\/wp-json\/wp\/v2\/product_tag?post=21789"}],"curies":[{"name":"wp","href":"https:\/\/api.w.org\/{rel}","templated":true}]}}