{"id":21796,"date":"2026-03-18T10:24:20","date_gmt":"2026-03-18T10:24:20","guid":{"rendered":"https:\/\/somefunstore.com\/?post_type=product&#038;p=21796"},"modified":"2026-03-18T10:24:20","modified_gmt":"2026-03-18T10:24:20","slug":"grandes-assiettes-happy-flowers-x8","status":"publish","type":"product","link":"https:\/\/somefunstore.com\/en\/shop\/themes-occasions\/anniversaires\/par-themes\/fleurs\/grandes-assiettes-happy-flowers-x8\/","title":{"rendered":"Grandes assiettes happy flowers x8"},"content":{"rendered":"","protected":false},"excerpt":{"rendered":"<p>Les fleurs des ann\u00e9es 90 sont de retour\u2026 et en encore plus belles ! Avec leurs couleurs pastel vari\u00e9es et leurs bordures ondul\u00e9es, ces assiettes en papier apportent une touche vraiment unique \u00e0 votre table. Parfaites pour un anniversaire, un garden party, un pique-nique ou toute occasion o\u00f9 vous souhaitez une ambiance florale pleine de style.<\/p>\n<ul data-start=\"70\" data-end=\"193\">\n<li data-section-id=\"uubjeh\" data-start=\"70\" data-end=\"97\">\n<p data-start=\"72\" data-end=\"97\">Bordures ondul\u00e9es roses<\/p>\n<\/li>\n<li data-section-id=\"w3kukx\" data-start=\"98\" data-end=\"129\">\n<p data-start=\"100\" data-end=\"129\">D\u00e9tails en dorure brillante<\/p>\n<\/li>\n<li data-section-id=\"1yw396l\" data-start=\"130\" data-end=\"152\">\n<p data-start=\"132\" data-end=\"152\">Lot de 8 assiettes<\/p>\n<\/li>\n<li data-section-id=\"1k9wz8h\" data-start=\"153\" data-end=\"193\">\n<p data-start=\"155\" data-end=\"193\">Dimensions : 26,67 x 26,67 x 0,64 cm<\/p>\n<\/li>\n<\/ul>\n<p data-start=\"195\" data-end=\"220\" data-is-last-node=\"\" data-is-only-node=\"\"><strong data-start=\"195\" data-end=\"213\">Code produit :<\/strong> 272786<\/p>","protected":false},"featured_media":21797,"comment_status":"open","ping_status":"closed","template":"","meta":[],"product_brand":[],"product_cat":[248,290],"product_tag":[],"class_list":{"0":"post-21796","1":"product","2":"type-product","3":"status-publish","4":"has-post-thumbnail","6":"product_cat-assiettes","7":"product_cat-fleurs","9":"first","10":"instock","11":"virtual","12":"purchasable","13":"product-type-simple"},"_links":{"self":[{"href":"https:\/\/somefunstore.com\/en\/wp-json\/wp\/v2\/product\/21796","targetHints":{"allow":["GET"]}}],"collection":[{"href":"https:\/\/somefunstore.com\/en\/wp-json\/wp\/v2\/product"}],"about":[{"href":"https:\/\/somefunstore.com\/en\/wp-json\/wp\/v2\/types\/product"}],"replies":[{"embeddable":true,"href":"https:\/\/somefunstore.com\/en\/wp-json\/wp\/v2\/comments?post=21796"}],"wp:featuredmedia":[{"embeddable":true,"href":"https:\/\/somefunstore.com\/en\/wp-json\/wp\/v2\/media\/21797"}],"wp:attachment":[{"href":"https:\/\/somefunstore.com\/en\/wp-json\/wp\/v2\/media?parent=21796"}],"wp:term":[{"taxonomy":"product_brand","embeddable":true,"href":"https:\/\/somefunstore.com\/en\/wp-json\/wp\/v2\/product_brand?post=21796"},{"taxonomy":"product_cat","embeddable":true,"href":"https:\/\/somefunstore.com\/en\/wp-json\/wp\/v2\/product_cat?post=21796"},{"taxonomy":"product_tag","embeddable":true,"href":"https:\/\/somefunstore.com\/en\/wp-json\/wp\/v2\/product_tag?post=21796"}],"curies":[{"name":"wp","href":"https:\/\/api.w.org\/{rel}","templated":true}]}}