{"id":21799,"date":"2026-03-18T10:26:57","date_gmt":"2026-03-18T10:26:57","guid":{"rendered":"https:\/\/somefunstore.com\/?post_type=product&#038;p=21799"},"modified":"2026-03-18T10:26:57","modified_gmt":"2026-03-18T10:26:57","slug":"gobelets-happy-flowers-x8","status":"publish","type":"product","link":"https:\/\/somefunstore.com\/en\/shop\/themes-occasions\/anniversaires\/par-themes\/fleurs\/gobelets-happy-flowers-x8\/","title":{"rendered":"Gobelets happy flowers x8"},"content":{"rendered":"","protected":false},"excerpt":{"rendered":"<p>Les fleurs des ann\u00e9es 90 sont de retour\u2026 et en encore plus belles ! Avec leurs couleurs pastel vari\u00e9es, ces gobelets apportent une touche vraiment unique \u00e0 votre table. Parfaits pour un anniversaire, un garden party, un pique-nique ou toute occasion o\u00f9 vous souhaitez une ambiance florale pleine de style.<\/p>\n<ul data-start=\"70\" data-end=\"191\">\n<li data-section-id=\"1lziyt0\" data-start=\"70\" data-end=\"113\">\n<p data-start=\"72\" data-end=\"113\">Adapt\u00e9s aux boissons chaudes et froides<\/p>\n<\/li>\n<li data-section-id=\"w3kukx\" data-start=\"114\" data-end=\"145\">\n<p data-start=\"116\" data-end=\"145\">D\u00e9tails en dorure brillante<\/p>\n<\/li>\n<li data-section-id=\"e9p3bb\" data-start=\"146\" data-end=\"167\">\n<p data-start=\"148\" data-end=\"167\">Lot de 8 gobelets<\/p>\n<\/li>\n<li data-section-id=\"ry7sk5\" data-start=\"168\" data-end=\"191\">\n<p data-start=\"170\" data-end=\"191\">Contenance : 266 ml<\/p>\n<\/li>\n<\/ul>\n<p data-start=\"193\" data-end=\"218\" data-is-last-node=\"\" data-is-only-node=\"\"><strong data-start=\"193\" data-end=\"211\">Code produit :<\/strong> 272804<\/p>","protected":false},"featured_media":21800,"comment_status":"open","ping_status":"closed","template":"","meta":[],"product_brand":[],"product_cat":[290,252],"product_tag":[],"class_list":{"0":"post-21799","1":"product","2":"type-product","3":"status-publish","4":"has-post-thumbnail","6":"product_cat-fleurs","7":"product_cat-gobelets","9":"first","10":"instock","11":"virtual","12":"purchasable","13":"product-type-simple"},"_links":{"self":[{"href":"https:\/\/somefunstore.com\/en\/wp-json\/wp\/v2\/product\/21799","targetHints":{"allow":["GET"]}}],"collection":[{"href":"https:\/\/somefunstore.com\/en\/wp-json\/wp\/v2\/product"}],"about":[{"href":"https:\/\/somefunstore.com\/en\/wp-json\/wp\/v2\/types\/product"}],"replies":[{"embeddable":true,"href":"https:\/\/somefunstore.com\/en\/wp-json\/wp\/v2\/comments?post=21799"}],"wp:featuredmedia":[{"embeddable":true,"href":"https:\/\/somefunstore.com\/en\/wp-json\/wp\/v2\/media\/21800"}],"wp:attachment":[{"href":"https:\/\/somefunstore.com\/en\/wp-json\/wp\/v2\/media?parent=21799"}],"wp:term":[{"taxonomy":"product_brand","embeddable":true,"href":"https:\/\/somefunstore.com\/en\/wp-json\/wp\/v2\/product_brand?post=21799"},{"taxonomy":"product_cat","embeddable":true,"href":"https:\/\/somefunstore.com\/en\/wp-json\/wp\/v2\/product_cat?post=21799"},{"taxonomy":"product_tag","embeddable":true,"href":"https:\/\/somefunstore.com\/en\/wp-json\/wp\/v2\/product_tag?post=21799"}],"curies":[{"name":"wp","href":"https:\/\/api.w.org\/{rel}","templated":true}]}}