{"id":21809,"date":"2026-03-18T10:35:57","date_gmt":"2026-03-18T10:35:57","guid":{"rendered":"https:\/\/somefunstore.com\/?post_type=product&#038;p=21809"},"modified":"2026-03-18T10:35:57","modified_gmt":"2026-03-18T10:35:57","slug":"sacs-cadeaux-fleurs-groovy-x8","status":"publish","type":"product","link":"https:\/\/somefunstore.com\/en\/shop\/themes-occasions\/anniversaires\/par-themes\/fleurs\/sacs-cadeaux-fleurs-groovy-x8\/","title":{"rendered":"Sacs cadeaux fleurs groovy x8"},"content":{"rendered":"","protected":false},"excerpt":{"rendered":"<p>Faites sourire encore plus vos invit\u00e9s avec ces sacs cadeaux aux motifs joyeux et color\u00e9s ! Avec leurs ic\u00f4nes fun pleines de nostalgie des ann\u00e9es 90 \u2013 smileys, champignons, arcs-en-ciel, fruits, \u00e9toiles, c\u0153urs et fleurs \u2013 ils apportent une touche ultra fun et r\u00e9tro \u00e0 votre f\u00eate.<\/p>\n<ul data-start=\"70\" data-end=\"206\">\n<li data-section-id=\"w3kukx\" data-start=\"70\" data-end=\"101\">\n<p data-start=\"72\" data-end=\"101\">D\u00e9tails en dorure brillante<\/p>\n<\/li>\n<li data-section-id=\"1izvx28\" data-start=\"102\" data-end=\"129\">\n<p data-start=\"104\" data-end=\"129\">Anses en papier torsad\u00e9<\/p>\n<\/li>\n<li data-section-id=\"atcv69\" data-start=\"130\" data-end=\"147\">\n<p data-start=\"132\" data-end=\"147\">Bord festonn\u00e9<\/p>\n<\/li>\n<li data-section-id=\"i327ok\" data-start=\"148\" data-end=\"165\">\n<p data-start=\"150\" data-end=\"165\">Lot de 8 sacs<\/p>\n<\/li>\n<li data-section-id=\"1fmiolm\" data-start=\"166\" data-end=\"206\">\n<p data-start=\"168\" data-end=\"206\">Dimensions : 15,24 x 15,24 x 8,89 cm<\/p>\n<\/li>\n<\/ul>\n<p data-start=\"208\" data-end=\"233\" data-is-last-node=\"\" data-is-only-node=\"\"><strong data-start=\"208\" data-end=\"226\">Code produit :<\/strong> 275729<\/p>","protected":false},"featured_media":21810,"comment_status":"open","ping_status":"closed","template":"","meta":[],"product_brand":[],"product_cat":[290,265],"product_tag":[],"class_list":{"0":"post-21809","1":"product","2":"type-product","3":"status-publish","4":"has-post-thumbnail","6":"product_cat-fleurs","7":"product_cat-sacs-cadeaux","9":"first","10":"instock","11":"virtual","12":"purchasable","13":"product-type-simple"},"_links":{"self":[{"href":"https:\/\/somefunstore.com\/en\/wp-json\/wp\/v2\/product\/21809","targetHints":{"allow":["GET"]}}],"collection":[{"href":"https:\/\/somefunstore.com\/en\/wp-json\/wp\/v2\/product"}],"about":[{"href":"https:\/\/somefunstore.com\/en\/wp-json\/wp\/v2\/types\/product"}],"replies":[{"embeddable":true,"href":"https:\/\/somefunstore.com\/en\/wp-json\/wp\/v2\/comments?post=21809"}],"wp:featuredmedia":[{"embeddable":true,"href":"https:\/\/somefunstore.com\/en\/wp-json\/wp\/v2\/media\/21810"}],"wp:attachment":[{"href":"https:\/\/somefunstore.com\/en\/wp-json\/wp\/v2\/media?parent=21809"}],"wp:term":[{"taxonomy":"product_brand","embeddable":true,"href":"https:\/\/somefunstore.com\/en\/wp-json\/wp\/v2\/product_brand?post=21809"},{"taxonomy":"product_cat","embeddable":true,"href":"https:\/\/somefunstore.com\/en\/wp-json\/wp\/v2\/product_cat?post=21809"},{"taxonomy":"product_tag","embeddable":true,"href":"https:\/\/somefunstore.com\/en\/wp-json\/wp\/v2\/product_tag?post=21809"}],"curies":[{"name":"wp","href":"https:\/\/api.w.org\/{rel}","templated":true}]}}