{"id":21811,"date":"2026-03-18T10:43:00","date_gmt":"2026-03-18T10:43:00","guid":{"rendered":"https:\/\/somefunstore.com\/?post_type=product&#038;p=21811"},"modified":"2026-03-18T10:43:00","modified_gmt":"2026-03-18T10:43:00","slug":"gobelets-english-garden-x8","status":"publish","type":"product","link":"https:\/\/somefunstore.com\/en\/shop\/themes-occasions\/anniversaires\/par-themes\/fleurs\/gobelets-english-garden-x8\/","title":{"rendered":"Gobelets english garden x8"},"content":{"rendered":"","protected":false},"excerpt":{"rendered":"<p>Apportez une magnifique touche florale \u00e0 votre f\u00eate avec ces superbes gobelets English Garden. Avec leurs huit designs diff\u00e9rents et leurs \u00e9l\u00e9gants d\u00e9tails en dorure brillante, ils sublimeront votre table en un instant.<\/p>\n<ul data-start=\"70\" data-end=\"214\">\n<li data-section-id=\"1lziyt0\" data-start=\"70\" data-end=\"113\">\n<p data-start=\"72\" data-end=\"113\">Adapt\u00e9s aux boissons chaudes et froides<\/p>\n<\/li>\n<li data-section-id=\"w3kukx\" data-start=\"114\" data-end=\"145\">\n<p data-start=\"116\" data-end=\"145\">D\u00e9tails en dorure brillante<\/p>\n<\/li>\n<li data-section-id=\"zsui6d\" data-start=\"146\" data-end=\"190\">\n<p data-start=\"148\" data-end=\"190\">Lot de 8 gobelets (8 designs diff\u00e9rents)<\/p>\n<\/li>\n<li data-section-id=\"ry7sk5\" data-start=\"191\" data-end=\"214\">\n<p data-start=\"193\" data-end=\"214\">Contenance : 266 ml<\/p>\n<\/li>\n<\/ul>\n<p data-start=\"216\" data-end=\"241\" data-is-last-node=\"\" data-is-only-node=\"\"><strong data-start=\"216\" data-end=\"234\">Code produit :<\/strong> 204841<\/p>","protected":false},"featured_media":21812,"comment_status":"open","ping_status":"closed","template":"","meta":[],"product_brand":[],"product_cat":[290,252],"product_tag":[],"class_list":{"0":"post-21811","1":"product","2":"type-product","3":"status-publish","4":"has-post-thumbnail","6":"product_cat-fleurs","7":"product_cat-gobelets","9":"first","10":"instock","11":"virtual","12":"purchasable","13":"product-type-simple"},"_links":{"self":[{"href":"https:\/\/somefunstore.com\/en\/wp-json\/wp\/v2\/product\/21811","targetHints":{"allow":["GET"]}}],"collection":[{"href":"https:\/\/somefunstore.com\/en\/wp-json\/wp\/v2\/product"}],"about":[{"href":"https:\/\/somefunstore.com\/en\/wp-json\/wp\/v2\/types\/product"}],"replies":[{"embeddable":true,"href":"https:\/\/somefunstore.com\/en\/wp-json\/wp\/v2\/comments?post=21811"}],"wp:featuredmedia":[{"embeddable":true,"href":"https:\/\/somefunstore.com\/en\/wp-json\/wp\/v2\/media\/21812"}],"wp:attachment":[{"href":"https:\/\/somefunstore.com\/en\/wp-json\/wp\/v2\/media?parent=21811"}],"wp:term":[{"taxonomy":"product_brand","embeddable":true,"href":"https:\/\/somefunstore.com\/en\/wp-json\/wp\/v2\/product_brand?post=21811"},{"taxonomy":"product_cat","embeddable":true,"href":"https:\/\/somefunstore.com\/en\/wp-json\/wp\/v2\/product_cat?post=21811"},{"taxonomy":"product_tag","embeddable":true,"href":"https:\/\/somefunstore.com\/en\/wp-json\/wp\/v2\/product_tag?post=21811"}],"curies":[{"name":"wp","href":"https:\/\/api.w.org\/{rel}","templated":true}]}}