{"id":21818,"date":"2026-03-18T11:02:29","date_gmt":"2026-03-18T11:02:29","guid":{"rendered":"https:\/\/somefunstore.com\/?post_type=product&#038;p=21818"},"modified":"2026-03-18T11:02:29","modified_gmt":"2026-03-18T11:02:29","slug":"grandes-assiettes-florales-x12","status":"publish","type":"product","link":"https:\/\/somefunstore.com\/en\/shop\/themes-occasions\/anniversaires\/par-themes\/fleurs\/grandes-assiettes-florales-x12\/","title":{"rendered":"Grandes assiettes florales x12"},"content":{"rendered":"","protected":false},"excerpt":{"rendered":"<p>Apportez une touche printani\u00e8re pleine de charme \u00e0 votre table de f\u00eate avec ces superbes assiettes en papier. Elles se distinguent par un magnifique motif floral et une \u00e9l\u00e9gante bordure festonn\u00e9e pour un rendu raffin\u00e9.<\/p>\n<ul data-start=\"70\" data-end=\"257\">\n<li data-section-id=\"1f7tp5a\" data-start=\"70\" data-end=\"127\">\n<p data-start=\"72\" data-end=\"127\">4 coloris compl\u00e9mentaires : p\u00eache, vert, bleu et rose<\/p>\n<\/li>\n<li data-section-id=\"1hqe6za\" data-start=\"128\" data-end=\"167\">\n<p data-start=\"130\" data-end=\"167\">Bord festonn\u00e9 pour un effet \u00e9l\u00e9gant<\/p>\n<\/li>\n<li data-section-id=\"1g5ci2w\" data-start=\"168\" data-end=\"216\">\n<p data-start=\"170\" data-end=\"216\">Lot de 12 assiettes (4 couleurs diff\u00e9rentes)<\/p>\n<\/li>\n<li data-section-id=\"1k9wz8h\" data-start=\"217\" data-end=\"257\">\n<p data-start=\"219\" data-end=\"257\">Dimensions : 26,67 x 26,67 x 0,64 cm<\/p>\n<\/li>\n<\/ul>\n<p data-start=\"259\" data-end=\"284\" data-is-last-node=\"\" data-is-only-node=\"\"><strong data-start=\"259\" data-end=\"277\">Code produit :<\/strong> 221742<\/p>","protected":false},"featured_media":21819,"comment_status":"open","ping_status":"closed","template":"","meta":[],"product_brand":[],"product_cat":[248,290],"product_tag":[],"class_list":{"0":"post-21818","1":"product","2":"type-product","3":"status-publish","4":"has-post-thumbnail","6":"product_cat-assiettes","7":"product_cat-fleurs","9":"first","10":"instock","11":"virtual","12":"purchasable","13":"product-type-simple"},"_links":{"self":[{"href":"https:\/\/somefunstore.com\/en\/wp-json\/wp\/v2\/product\/21818","targetHints":{"allow":["GET"]}}],"collection":[{"href":"https:\/\/somefunstore.com\/en\/wp-json\/wp\/v2\/product"}],"about":[{"href":"https:\/\/somefunstore.com\/en\/wp-json\/wp\/v2\/types\/product"}],"replies":[{"embeddable":true,"href":"https:\/\/somefunstore.com\/en\/wp-json\/wp\/v2\/comments?post=21818"}],"wp:featuredmedia":[{"embeddable":true,"href":"https:\/\/somefunstore.com\/en\/wp-json\/wp\/v2\/media\/21819"}],"wp:attachment":[{"href":"https:\/\/somefunstore.com\/en\/wp-json\/wp\/v2\/media?parent=21818"}],"wp:term":[{"taxonomy":"product_brand","embeddable":true,"href":"https:\/\/somefunstore.com\/en\/wp-json\/wp\/v2\/product_brand?post=21818"},{"taxonomy":"product_cat","embeddable":true,"href":"https:\/\/somefunstore.com\/en\/wp-json\/wp\/v2\/product_cat?post=21818"},{"taxonomy":"product_tag","embeddable":true,"href":"https:\/\/somefunstore.com\/en\/wp-json\/wp\/v2\/product_tag?post=21818"}],"curies":[{"name":"wp","href":"https:\/\/api.w.org\/{rel}","templated":true}]}}