{"id":21821,"date":"2026-03-18T11:06:57","date_gmt":"2026-03-18T11:06:57","guid":{"rendered":"https:\/\/somefunstore.com\/?post_type=product&#038;p=21821"},"modified":"2026-03-18T11:06:57","modified_gmt":"2026-03-18T11:06:57","slug":"assiettes-a-dessert-florales-x12","status":"publish","type":"product","link":"https:\/\/somefunstore.com\/en\/shop\/themes-occasions\/anniversaires\/par-themes\/fleurs\/assiettes-a-dessert-florales-x12\/","title":{"rendered":"Assiettes \u00e0 dessert florales x12"},"content":{"rendered":"","protected":false},"excerpt":{"rendered":"<p>Apportez une touche printani\u00e8re pleine de charme \u00e0 votre table avec ces superbes assiettes \u00e0 dessert en papier. Avec leur magnifique motif floral et leur \u00e9l\u00e9gante bordure festonn\u00e9e, elles sont parfaites pour un cocktail, un garden party, un pique-nique ou en compl\u00e9ment d\u2019un d\u00eener raffin\u00e9.<\/p>\n<ul data-start=\"70\" data-end=\"325\">\n<li data-section-id=\"1f7tp5a\" data-start=\"70\" data-end=\"127\">\n<p data-start=\"72\" data-end=\"127\">4 coloris compl\u00e9mentaires : p\u00eache, vert, bleu et rose<\/p>\n<\/li>\n<li data-section-id=\"1hqe6za\" data-start=\"128\" data-end=\"167\">\n<p data-start=\"130\" data-end=\"167\">Bord festonn\u00e9 pour un effet \u00e9l\u00e9gant<\/p>\n<\/li>\n<li data-section-id=\"pbbbxy\" data-start=\"168\" data-end=\"235\">\n<p data-start=\"170\" data-end=\"235\">Papier haute qualit\u00e9 450 g\/m\u00b2, \u00e0 la fois r\u00e9sistant et d\u00e9coratif<\/p>\n<\/li>\n<li data-section-id=\"1g5ci2w\" data-start=\"236\" data-end=\"284\">\n<p data-start=\"238\" data-end=\"284\">Lot de 12 assiettes (4 couleurs diff\u00e9rentes)<\/p>\n<\/li>\n<li data-section-id=\"goe76p\" data-start=\"285\" data-end=\"325\">\n<p data-start=\"287\" data-end=\"325\">Dimensions : 21,59 x 21,59 x 0,64 cm<\/p>\n<\/li>\n<\/ul>\n<p data-start=\"327\" data-end=\"352\" data-is-last-node=\"\" data-is-only-node=\"\"><strong data-start=\"327\" data-end=\"345\">Code produit :<\/strong> 221760<\/p>","protected":false},"featured_media":21822,"comment_status":"open","ping_status":"closed","template":"","meta":[],"product_brand":[],"product_cat":[248,290],"product_tag":[],"class_list":{"0":"post-21821","1":"product","2":"type-product","3":"status-publish","4":"has-post-thumbnail","6":"product_cat-assiettes","7":"product_cat-fleurs","9":"first","10":"instock","11":"virtual","12":"purchasable","13":"product-type-simple"},"_links":{"self":[{"href":"https:\/\/somefunstore.com\/en\/wp-json\/wp\/v2\/product\/21821","targetHints":{"allow":["GET"]}}],"collection":[{"href":"https:\/\/somefunstore.com\/en\/wp-json\/wp\/v2\/product"}],"about":[{"href":"https:\/\/somefunstore.com\/en\/wp-json\/wp\/v2\/types\/product"}],"replies":[{"embeddable":true,"href":"https:\/\/somefunstore.com\/en\/wp-json\/wp\/v2\/comments?post=21821"}],"wp:featuredmedia":[{"embeddable":true,"href":"https:\/\/somefunstore.com\/en\/wp-json\/wp\/v2\/media\/21822"}],"wp:attachment":[{"href":"https:\/\/somefunstore.com\/en\/wp-json\/wp\/v2\/media?parent=21821"}],"wp:term":[{"taxonomy":"product_brand","embeddable":true,"href":"https:\/\/somefunstore.com\/en\/wp-json\/wp\/v2\/product_brand?post=21821"},{"taxonomy":"product_cat","embeddable":true,"href":"https:\/\/somefunstore.com\/en\/wp-json\/wp\/v2\/product_cat?post=21821"},{"taxonomy":"product_tag","embeddable":true,"href":"https:\/\/somefunstore.com\/en\/wp-json\/wp\/v2\/product_tag?post=21821"}],"curies":[{"name":"wp","href":"https:\/\/api.w.org\/{rel}","templated":true}]}}