{"id":21825,"date":"2026-03-18T11:09:18","date_gmt":"2026-03-18T11:09:18","guid":{"rendered":"https:\/\/somefunstore.com\/?post_type=product&#038;p=21825"},"modified":"2026-03-18T11:09:18","modified_gmt":"2026-03-18T11:09:18","slug":"gobelets-a-motifs-floral-x12","status":"publish","type":"product","link":"https:\/\/somefunstore.com\/en\/shop\/themes-occasions\/anniversaires\/par-themes\/fleurs\/gobelets-a-motifs-floral-x12\/","title":{"rendered":"Gobelets \u00e0 motifs floral x12"},"content":{"rendered":"","protected":false},"excerpt":{"rendered":"<p>Vos invit\u00e9s adoreront d\u00e9guster leurs boissons dans ces jolis gobelets au design floral. Avec leur motif \u00e9l\u00e9gant, ils apporteront une touche raffin\u00e9e et pleine de charme \u00e0 votre table de f\u00eate.<\/p>\n<ul data-start=\"70\" data-end=\"255\">\n<li data-section-id=\"g2r3ve\" data-start=\"70\" data-end=\"139\">\n<p data-start=\"72\" data-end=\"139\">D\u00e9clin\u00e9s en 4 coloris compl\u00e9mentaires : p\u00eache, bleu, rose et vert<\/p>\n<\/li>\n<li data-section-id=\"1lziyt0\" data-start=\"140\" data-end=\"183\">\n<p data-start=\"142\" data-end=\"183\">Adapt\u00e9s aux boissons chaudes et froides<\/p>\n<\/li>\n<li data-section-id=\"1hy0ksy\" data-start=\"184\" data-end=\"231\">\n<p data-start=\"186\" data-end=\"231\">Lot de 12 gobelets (4 couleurs diff\u00e9rentes)<\/p>\n<\/li>\n<li data-section-id=\"ry7sk5\" data-start=\"232\" data-end=\"255\">\n<p data-start=\"234\" data-end=\"255\">Contenance : 266 ml<\/p>\n<\/li>\n<\/ul>\n<p data-start=\"257\" data-end=\"282\" data-is-last-node=\"\" data-is-only-node=\"\"><strong data-start=\"257\" data-end=\"275\">Code produit :<\/strong> 221778<\/p>","protected":false},"featured_media":21826,"comment_status":"open","ping_status":"closed","template":"","meta":[],"product_brand":[],"product_cat":[290,252],"product_tag":[],"class_list":{"0":"post-21825","1":"product","2":"type-product","3":"status-publish","4":"has-post-thumbnail","6":"product_cat-fleurs","7":"product_cat-gobelets","9":"first","10":"instock","11":"virtual","12":"purchasable","13":"product-type-simple"},"_links":{"self":[{"href":"https:\/\/somefunstore.com\/en\/wp-json\/wp\/v2\/product\/21825","targetHints":{"allow":["GET"]}}],"collection":[{"href":"https:\/\/somefunstore.com\/en\/wp-json\/wp\/v2\/product"}],"about":[{"href":"https:\/\/somefunstore.com\/en\/wp-json\/wp\/v2\/types\/product"}],"replies":[{"embeddable":true,"href":"https:\/\/somefunstore.com\/en\/wp-json\/wp\/v2\/comments?post=21825"}],"wp:featuredmedia":[{"embeddable":true,"href":"https:\/\/somefunstore.com\/en\/wp-json\/wp\/v2\/media\/21826"}],"wp:attachment":[{"href":"https:\/\/somefunstore.com\/en\/wp-json\/wp\/v2\/media?parent=21825"}],"wp:term":[{"taxonomy":"product_brand","embeddable":true,"href":"https:\/\/somefunstore.com\/en\/wp-json\/wp\/v2\/product_brand?post=21825"},{"taxonomy":"product_cat","embeddable":true,"href":"https:\/\/somefunstore.com\/en\/wp-json\/wp\/v2\/product_cat?post=21825"},{"taxonomy":"product_tag","embeddable":true,"href":"https:\/\/somefunstore.com\/en\/wp-json\/wp\/v2\/product_tag?post=21825"}],"curies":[{"name":"wp","href":"https:\/\/api.w.org\/{rel}","templated":true}]}}